{"id":192,"date":"2023-04-11T18:24:28","date_gmt":"2023-04-11T22:24:28","guid":{"rendered":"https:\/\/ambsantiago.esteri.it\/italia-e-cile\/diplomazia-culturale\/missioni-archeologiche\/"},"modified":"2025-02-03T15:13:24","modified_gmt":"2025-02-03T18:13:24","slug":"missioni-archeologiche","status":"publish","type":"page","link":"https:\/\/ambsantiago.esteri.it\/es\/italia-e-cile\/diplomazia-culturale\/missioni-archeologiche\/","title":{"rendered":"Misiones arqueol\u00f3gicas"},"content":{"rendered":"<p>El \u201cLaboratorio de Antropolog\u00eda en Cile\u201d (LAC) de la Universidad Carlo Bo de Urbino, beneficiario de los fondos MAECI ex cap. 2619\/6 en favor de las misiones arqueol\u00f3gicas, etnol\u00f3gicas y antropol\u00f3gicas italianas en el extranjero, est\u00e1 activo en Chile desde 2017.<\/p>\n<p>El proyecto de investigaci\u00f3n antropol\u00f3gica se desarrolla principalmente en el sur de Chile, bajo la direcci\u00f3n de la Prof. Francesca Declich.<\/p>\n<p>Su objetivo es rastrear las tradiciones que llevaron al uso generalizado de curas fitoterap\u00e9uticas en Chile y la distribuci\u00f3n de productos a base de hierbas. Entre los principales objetivos de la investigaci\u00f3n figura tambi\u00e9n el an\u00e1lisis de las m\u00faltiples concepciones de la curaci\u00f3n que subyacen a los distintos m\u00e9todos y necesidades. El campo de investigaci\u00f3n se extiende adem\u00e1s a la antropolog\u00eda del turismo sostenible y la demanda de espiritualidad.<\/p>\n<p>El proyecto contribuye a la comprensi\u00f3n de la cultura local chilena, y en particular de los pueblos ind\u00edgenas, en sus diversas facetas (bienestar, salud, medicina tradicional, intercultural y complementaria, religiosidad en diversas declinaciones, etc.) y prev\u00e9 la participaci\u00f3n directa de las comunidades locales.<\/p>\n<p>&nbsp;<\/p>\n","protected":false},"excerpt":{"rendered":"El \u201cLaboratorio de Antropolog\u00eda en Cile\u201d (LAC) de la Universidad Carlo Bo de Urbino, beneficiario de los fondos MAECI ex cap. 2619\/6 en favor de las misiones arqueol\u00f3gicas, etnol\u00f3gicas y antropol\u00f3gicas italianas en el extranjero, est\u00e1 activo en Chile desde 2017. El proyecto de investigaci\u00f3n antropol\u00f3gica se desarrolla principalmente en el sur de Chile, bajo [&hellip;]","protected":false},"author":1,"featured_media":0,"parent":190,"menu_order":0,"comment_status":"closed","ping_status":"closed","template":"","meta":{"footnotes":""},"class_list":["post-192","page","type-page","status-publish","hentry"],"_links":{"self":[{"href":"https:\/\/ambsantiago.esteri.it\/es\/wp-json\/wp\/v2\/pages\/192","targetHints":{"allow":["GET"]}}],"collection":[{"href":"https:\/\/ambsantiago.esteri.it\/es\/wp-json\/wp\/v2\/pages"}],"about":[{"href":"https:\/\/ambsantiago.esteri.it\/es\/wp-json\/wp\/v2\/types\/page"}],"author":[{"embeddable":true,"href":"https:\/\/ambsantiago.esteri.it\/es\/wp-json\/wp\/v2\/users\/1"}],"replies":[{"embeddable":true,"href":"https:\/\/ambsantiago.esteri.it\/es\/wp-json\/wp\/v2\/comments?post=192"}],"version-history":[{"count":2,"href":"https:\/\/ambsantiago.esteri.it\/es\/wp-json\/wp\/v2\/pages\/192\/revisions"}],"predecessor-version":[{"id":7116,"href":"https:\/\/ambsantiago.esteri.it\/es\/wp-json\/wp\/v2\/pages\/192\/revisions\/7116"}],"up":[{"embeddable":true,"href":"https:\/\/ambsantiago.esteri.it\/es\/wp-json\/wp\/v2\/pages\/190"}],"wp:attachment":[{"href":"https:\/\/ambsantiago.esteri.it\/es\/wp-json\/wp\/v2\/media?parent=192"}],"curies":[{"name":"wp","href":"https:\/\/api.w.org\/{rel}","templated":true}]}}