{"id":191,"date":"2023-04-11T18:24:57","date_gmt":"2023-04-11T22:24:57","guid":{"rendered":"https:\/\/ambsantiago.esteri.it\/italia-e-cile\/diplomazia-culturale\/lingua-e-cultura-italiana\/"},"modified":"2023-10-21T15:18:45","modified_gmt":"2023-10-21T18:18:45","slug":"lingua-e-cultura-italiana","status":"publish","type":"page","link":"https:\/\/ambsantiago.esteri.it\/es\/italia-e-cile\/diplomazia-culturale\/lingua-e-cultura-italiana\/","title":{"rendered":"Lengua y Cultura italiana"},"content":{"rendered":"<p>Toda la informaci\u00f3n sobre los cursos de italiano que ofrece el Instituto Italiano de Cultura y c\u00f3mo matricularse est\u00e1 disponible pinchando <a href=\"https:\/\/iicsantiago.esteri.it\/iic_santiago\/it\/imparare_italiano\/\">AQU\u00cd<\/a><\/p>\n","protected":false},"excerpt":{"rendered":"Toda la informaci\u00f3n sobre los cursos de italiano que ofrece el Instituto Italiano de Cultura y c\u00f3mo matricularse est\u00e1 disponible pinchando AQU\u00cd","protected":false},"author":1,"featured_media":0,"parent":190,"menu_order":12,"comment_status":"closed","ping_status":"closed","template":"","meta":{"footnotes":""},"class_list":["post-191","page","type-page","status-publish","hentry"],"_links":{"self":[{"href":"https:\/\/ambsantiago.esteri.it\/es\/wp-json\/wp\/v2\/pages\/191","targetHints":{"allow":["GET"]}}],"collection":[{"href":"https:\/\/ambsantiago.esteri.it\/es\/wp-json\/wp\/v2\/pages"}],"about":[{"href":"https:\/\/ambsantiago.esteri.it\/es\/wp-json\/wp\/v2\/types\/page"}],"author":[{"embeddable":true,"href":"https:\/\/ambsantiago.esteri.it\/es\/wp-json\/wp\/v2\/users\/1"}],"replies":[{"embeddable":true,"href":"https:\/\/ambsantiago.esteri.it\/es\/wp-json\/wp\/v2\/comments?post=191"}],"version-history":[{"count":3,"href":"https:\/\/ambsantiago.esteri.it\/es\/wp-json\/wp\/v2\/pages\/191\/revisions"}],"predecessor-version":[{"id":783,"href":"https:\/\/ambsantiago.esteri.it\/es\/wp-json\/wp\/v2\/pages\/191\/revisions\/783"}],"up":[{"embeddable":true,"href":"https:\/\/ambsantiago.esteri.it\/es\/wp-json\/wp\/v2\/pages\/190"}],"wp:attachment":[{"href":"https:\/\/ambsantiago.esteri.it\/es\/wp-json\/wp\/v2\/media?parent=191"}],"curies":[{"name":"wp","href":"https:\/\/api.w.org\/{rel}","templated":true}]}}