{"id":190,"date":"2023-04-11T18:10:45","date_gmt":"2023-04-11T22:10:45","guid":{"rendered":"https:\/\/ambsantiago.esteri.it\/italia-e-cile\/diplomazia-culturale\/"},"modified":"2023-10-21T15:16:31","modified_gmt":"2023-10-21T18:16:31","slug":"diplomazia-culturale","status":"publish","type":"page","link":"https:\/\/ambsantiago.esteri.it\/es\/italia-e-cile\/diplomazia-culturale\/","title":{"rendered":"Diplomacia cultural"},"content":{"rendered":"<p>En el \u00e1mbito cultural, la colaboraci\u00f3n entre Italia y Chile es intensa y abarca numerosas \u00e1reas.<\/p>\n<p>La promoci\u00f3n de la lengua italiana<\/p>\n<p>La promoci\u00f3n del italiano es un aspecto fundamental de nuestra presencia cultural en Chile. La ense\u00f1anza est\u00e1 garantizada no s\u00f3lo gracias a los cursos del <a href=\"https:\/\/iicsantiago.esteri.it\/iic_santiago\/it\/\">Instituto Italiano de Cultura<\/a>, sino tambi\u00e9n a las actividades de las dos escuelas paritarias de Santiago y Valpara\u00edso y de las dem\u00e1s escuelas de Chile donde se ense\u00f1a italiano. Adem\u00e1s, el italiano es una asignatura curricular en un n\u00famero creciente de escuelas p\u00fablicas chilenas y tambi\u00e9n se estudia en las universidades chilenas.<\/p>\n<p>La Embajada y el Instituto Italiano de Cultura est\u00e1n constantemente comprometidos en la promoci\u00f3n de la lengua y la cultura italianas en Chile, organizando cada a\u00f1o numerosos eventos, exposiciones y manifestaciones culturales. Para tener una visi\u00f3n actualizada de las actividades culturales organizadas y programadas, se recomienda consultar la p\u00e1gina web del <a href=\"https:\/\/iicsantiago.esteri.it\/iic_santiago\/it\/\">Instituto Italiano de Cultura de Santiago<\/a>.<\/p>\n","protected":false},"excerpt":{"rendered":"En el \u00e1mbito cultural, la colaboraci\u00f3n entre Italia y Chile es intensa y abarca numerosas \u00e1reas. La promoci\u00f3n de la lengua italiana La promoci\u00f3n del italiano es un aspecto fundamental de nuestra presencia cultural en Chile. La ense\u00f1anza est\u00e1 garantizada no s\u00f3lo gracias a los cursos del Instituto Italiano de Cultura, sino tambi\u00e9n a las [&hellip;]","protected":false},"author":1,"featured_media":0,"parent":163,"menu_order":2,"comment_status":"closed","ping_status":"closed","template":"","meta":{"footnotes":""},"class_list":["post-190","page","type-page","status-publish","hentry"],"_links":{"self":[{"href":"https:\/\/ambsantiago.esteri.it\/es\/wp-json\/wp\/v2\/pages\/190","targetHints":{"allow":["GET"]}}],"collection":[{"href":"https:\/\/ambsantiago.esteri.it\/es\/wp-json\/wp\/v2\/pages"}],"about":[{"href":"https:\/\/ambsantiago.esteri.it\/es\/wp-json\/wp\/v2\/types\/page"}],"author":[{"embeddable":true,"href":"https:\/\/ambsantiago.esteri.it\/es\/wp-json\/wp\/v2\/users\/1"}],"replies":[{"embeddable":true,"href":"https:\/\/ambsantiago.esteri.it\/es\/wp-json\/wp\/v2\/comments?post=190"}],"version-history":[{"count":3,"href":"https:\/\/ambsantiago.esteri.it\/es\/wp-json\/wp\/v2\/pages\/190\/revisions"}],"predecessor-version":[{"id":781,"href":"https:\/\/ambsantiago.esteri.it\/es\/wp-json\/wp\/v2\/pages\/190\/revisions\/781"}],"up":[{"embeddable":true,"href":"https:\/\/ambsantiago.esteri.it\/es\/wp-json\/wp\/v2\/pages\/163"}],"wp:attachment":[{"href":"https:\/\/ambsantiago.esteri.it\/es\/wp-json\/wp\/v2\/media?parent=190"}],"curies":[{"name":"wp","href":"https:\/\/api.w.org\/{rel}","templated":true}]}}