{"id":189,"date":"2023-04-11T18:24:01","date_gmt":"2023-04-11T22:24:01","guid":{"rendered":"https:\/\/ambsantiago.esteri.it\/italia-e-cile\/diplomazia-economica\/fare-affari-in-italia\/"},"modified":"2023-10-21T15:12:33","modified_gmt":"2023-10-21T18:12:33","slug":"fare-affari-in-italia","status":"publish","type":"page","link":"https:\/\/ambsantiago.esteri.it\/es\/italia-e-cile\/diplomazia-economica\/fare-affari-in-italia\/","title":{"rendered":"Hacer negocios en Italia"},"content":{"rendered":"<p>No s\u00f3lo calidad y belleza: nuestras marcas y productos est\u00e1n en el centro del \u00e9xito del \u00abMade in Italy\u00bb en todo el mundo. Factores que no se limitan a los sectores de productos tradicionales en los que Italia destaca (alimentaci\u00f3n, ropa, muebles). De hecho, la mec\u00e1nica representa el sector m\u00e1s importante en t\u00e9rminos de super\u00e1vit del comercio exterior.<\/p>\n<p>Presentamos aqu\u00ed una serie de elementos competitivos de la econom\u00eda italiana quiz\u00e1 a\u00fan poco conocidos, para una representaci\u00f3n m\u00e1s fiel de un pa\u00eds caracterizado por un s\u00f3lido ecosistema manufacturero, una econom\u00eda diversificada y una arraigada cultura exportadora:<\/p>\n<p>Super\u00e1vit manufacturero: Italia es el quinto pa\u00eds del G20;<br \/>\nLiderazgo en super\u00e1vit comercial en casi 1000 productos en todo el mundo;<br \/>\nProducci\u00f3n manufacturera mundial: mantenimiento de la posici\u00f3n de sexto productor;<br \/>\nNo s\u00f3lo moda y alimentaci\u00f3n: especializaci\u00f3n sectorial en maquinaria;<br \/>\nEvoluci\u00f3n de la facturaci\u00f3n industrial: la facturaci\u00f3n exterior crece m\u00e1s que la interior;<br \/>\nSeg\u00fan el Trade Performance Index, Italia es el segundo pa\u00eds con mejores resultados.<\/p>\n<p>Para m\u00e1s datos sobre la econom\u00eda italiana, consulte la campa\u00f1a <a href=\"http:\/\/www.mef.gov.it\/focus\/article_0001.html\">Pride&amp;Prejudice<\/a> lanzada por el Ministerio de Econom\u00eda y Hacienda.<\/p>\n<p>Si est\u00e1 interesado en hacer negocios en Italia le sugerimos que consulte<\/p>\n<p>Las gu\u00edas para invertir en nuestro pa\u00eds del <a href=\"http:\/\/www.investinitaly.com\/it\/\">Ministerio de Desarrollo Econ\u00f3mico<\/a>;<br \/>\nLa informaci\u00f3n macroecon\u00f3mica del <a href=\"http:\/\/www.dt.tesoro.it\/it\/\">Departamento del Tesoro del Ministerio de Econom\u00eda y Hacienda<\/a>;<br \/>\nLas<a href=\"https:\/\/www.bancaditalia.it\/statistiche\/index.html\"> estad\u00edsticas<\/a> sobre la econom\u00eda italiana del Banco de Italia;<br \/>\nEl programa <a href=\"http:\/\/italiastartupvisa.mise.gov.it\/#landing-section\">Italia Startup Visa<\/a> dedicado a las empresas de nueva creaci\u00f3n.<\/p>\n","protected":false},"excerpt":{"rendered":"No s\u00f3lo calidad y belleza: nuestras marcas y productos est\u00e1n en el centro del \u00e9xito del \u00abMade in Italy\u00bb en todo el mundo. Factores que no se limitan a los sectores de productos tradicionales en los que Italia destaca (alimentaci\u00f3n, ropa, muebles). De hecho, la mec\u00e1nica representa el sector m\u00e1s importante en t\u00e9rminos de super\u00e1vit [&hellip;]","protected":false},"author":1,"featured_media":0,"parent":179,"menu_order":0,"comment_status":"closed","ping_status":"closed","template":"","meta":{"footnotes":""},"class_list":["post-189","page","type-page","status-publish","hentry"],"_links":{"self":[{"href":"https:\/\/ambsantiago.esteri.it\/es\/wp-json\/wp\/v2\/pages\/189","targetHints":{"allow":["GET"]}}],"collection":[{"href":"https:\/\/ambsantiago.esteri.it\/es\/wp-json\/wp\/v2\/pages"}],"about":[{"href":"https:\/\/ambsantiago.esteri.it\/es\/wp-json\/wp\/v2\/types\/page"}],"author":[{"embeddable":true,"href":"https:\/\/ambsantiago.esteri.it\/es\/wp-json\/wp\/v2\/users\/1"}],"replies":[{"embeddable":true,"href":"https:\/\/ambsantiago.esteri.it\/es\/wp-json\/wp\/v2\/comments?post=189"}],"version-history":[{"count":4,"href":"https:\/\/ambsantiago.esteri.it\/es\/wp-json\/wp\/v2\/pages\/189\/revisions"}],"predecessor-version":[{"id":779,"href":"https:\/\/ambsantiago.esteri.it\/es\/wp-json\/wp\/v2\/pages\/189\/revisions\/779"}],"up":[{"embeddable":true,"href":"https:\/\/ambsantiago.esteri.it\/es\/wp-json\/wp\/v2\/pages\/179"}],"wp:attachment":[{"href":"https:\/\/ambsantiago.esteri.it\/es\/wp-json\/wp\/v2\/media?parent=189"}],"curies":[{"name":"wp","href":"https:\/\/api.w.org\/{rel}","templated":true}]}}