{"id":180,"date":"2023-04-11T18:23:52","date_gmt":"2023-04-11T22:23:52","guid":{"rendered":"https:\/\/ambsantiago.esteri.it\/italia-e-cile\/diplomazia-economica\/fare-affari-in-cile\/"},"modified":"2025-03-10T10:56:26","modified_gmt":"2025-03-10T13:56:26","slug":"fare-affari-in-cile","status":"publish","type":"page","link":"https:\/\/ambsantiago.esteri.it\/es\/italia-e-cile\/diplomazia-economica\/fare-affari-in-cile\/","title":{"rendered":"Hacer negocios en Cile"},"content":{"rendered":"<p>Si est\u00e1 interesado en el mercado chileno, le sugerimos visitar primero el portal <a href=\"http:\/\/www.infomercatiesteri.it\/paese.php?id_paesi=40#slider-5\">InfoMercatiEsteri<\/a> para obtener informaci\u00f3n sobre las principales oportunidades para las empresas italianas.<\/p>\n<p>Tambi\u00e9n le invitamos a consultar<\/p>\n<p>La p\u00e1gina web de la <a href=\"https:\/\/www.ice.it\/it\/mercati\/cile\">Agencia ICE<\/a> dedicada a Chile;<br \/>\nLa p\u00e1gina web de la Agencia Chilena de Atracci\u00f3n de Inversiones Extranjeras &#8216;<a href=\"https:\/\/investchile.gob.cl\/\">Investchile<\/a>&#8216;;<br \/>\nLa p\u00e1gina web de la <a href=\"http:\/\/www.camit.cl\/\">C\u00e1mara de Comercio Italiana en Chile<\/a>.<\/p>\n","protected":false},"excerpt":{"rendered":"Si est\u00e1 interesado en el mercado chileno, le sugerimos visitar primero el portal InfoMercatiEsteri para obtener informaci\u00f3n sobre las principales oportunidades para las empresas italianas. Tambi\u00e9n le invitamos a consultar La p\u00e1gina web de la Agencia ICE dedicada a Chile; La p\u00e1gina web de la Agencia Chilena de Atracci\u00f3n de Inversiones Extranjeras &#8216;Investchile&#8216;; La p\u00e1gina [&hellip;]","protected":false},"author":1,"featured_media":0,"parent":179,"menu_order":0,"comment_status":"closed","ping_status":"closed","template":"","meta":{"footnotes":""},"class_list":["post-180","page","type-page","status-publish","hentry"],"_links":{"self":[{"href":"https:\/\/ambsantiago.esteri.it\/es\/wp-json\/wp\/v2\/pages\/180","targetHints":{"allow":["GET"]}}],"collection":[{"href":"https:\/\/ambsantiago.esteri.it\/es\/wp-json\/wp\/v2\/pages"}],"about":[{"href":"https:\/\/ambsantiago.esteri.it\/es\/wp-json\/wp\/v2\/types\/page"}],"author":[{"embeddable":true,"href":"https:\/\/ambsantiago.esteri.it\/es\/wp-json\/wp\/v2\/users\/1"}],"replies":[{"embeddable":true,"href":"https:\/\/ambsantiago.esteri.it\/es\/wp-json\/wp\/v2\/comments?post=180"}],"version-history":[{"count":6,"href":"https:\/\/ambsantiago.esteri.it\/es\/wp-json\/wp\/v2\/pages\/180\/revisions"}],"predecessor-version":[{"id":7822,"href":"https:\/\/ambsantiago.esteri.it\/es\/wp-json\/wp\/v2\/pages\/180\/revisions\/7822"}],"up":[{"embeddable":true,"href":"https:\/\/ambsantiago.esteri.it\/es\/wp-json\/wp\/v2\/pages\/179"}],"wp:attachment":[{"href":"https:\/\/ambsantiago.esteri.it\/es\/wp-json\/wp\/v2\/media?parent=180"}],"curies":[{"name":"wp","href":"https:\/\/api.w.org\/{rel}","templated":true}]}}