{"id":179,"date":"2023-04-11T18:10:30","date_gmt":"2023-04-11T22:10:30","guid":{"rendered":"https:\/\/ambsantiago.esteri.it\/italia-e-cile\/diplomazia-economica\/"},"modified":"2025-06-27T12:18:26","modified_gmt":"2025-06-27T16:18:26","slug":"diplomazia-economica","status":"publish","type":"page","link":"https:\/\/ambsantiago.esteri.it\/es\/italia-e-cile\/diplomazia-economica\/","title":{"rendered":"Diplomacia economica"},"content":{"rendered":"<p>La Embajada monitorea el desempe\u00f1o de la econom\u00eda chilena y coordina las actividades de promoci\u00f3n econ\u00f3mica de Italia en Chile, con el objetivo de fomentar el crecimiento del comercio entre ambos pa\u00edses, los flujos de inversi\u00f3n y la cooperaci\u00f3n cient\u00edfica y tecnol\u00f3gica bilateral.<\/p>\n<p>La estrategia de promoci\u00f3n se lleva a cabo en colaboraci\u00f3n con la <a href=\"https:\/\/www.ice.it\/it\/mercati\/cile\">Agencia ICE en Santiago<\/a>, la <a href=\"http:\/\/www.camit.cl\/\">C\u00e1mara de Comercio Italiana en Chile<\/a> y en constante coordinaci\u00f3n con los principales representantes del empresariado italiano en Chile.<\/p>\n<p>Los sistemas econ\u00f3micos de Italia y Chile son <strong>complementarios<\/strong>: Chile exporta materias primas, entre ellas algunas estrat\u00e9gicas para la econom\u00eda italiana (cobre y celulosa); Italia exporta maquinaria de alto valor a\u00f1adido, necesaria para los procesos productivos chilenos. Tras la contracci\u00f3n debida a la pandemia del Covid-19, el intercambio volvi\u00f3 a crecer en 2021, superando los niveles anteriores a la pandemia y alcanzando casi 1.900 millones de euros en 2022, con un importante saldo a favor de Italia (fuente: <a href=\"https:\/\/www.infomercatiesteri.it\/osservatorio-economico-schede-di-sintesi-sui-paesi.php\">Observatorio Econ\u00f3mico del MAECI)<\/a>.<\/p>\n<p>Estabilidad macroecon\u00f3mica, buenos fundamentos econ\u00f3micos y un clima de negocios favorable son los principales elementos que hacen de Chile uno de los pa\u00edses m\u00e1s atractivos, no s\u00f3lo en el contexto latinoamericano, para las empresas extranjeras. El ingreso como miembro de pleno derecho de la OCDE en 2010 ratifica los extraordinarios esfuerzos realizados por el pa\u00eds en los \u00faltimos 25 a\u00f1os.<\/p>\n<p><strong>Una presencia empresarial consolidada y diversificada<\/strong><\/p>\n<p>La presencia empresarial italiana est\u00e1 consolidada, especialmente en los sectores de la energ\u00eda, la construcci\u00f3n, los servicios y la agroindustria, y tambi\u00e9n cuenta con importantes presencias en los sectores financiero y de seguros.<\/p>\n<p>Italia tambi\u00e9n est\u00e1 diversificando su presencia econ\u00f3mico-comercial a trav\u00e9s de importantes inversiones y colaboraciones para alcanzar los ambiciosos objetivos medioambientales de descarbonizaci\u00f3n de Chile. Ejemplos concretos se refieren a la promoci\u00f3n de la electromovilidad, la transformaci\u00f3n de la matriz energ\u00e9tica chilena y el desarrollo del hidr\u00f3geno verde, \u00e1mbitos todos ellos en los que el papel de ENEL es fundamental.<\/p>\n<p>Otra \u00e1rea rica en oportunidades de cooperaci\u00f3n se refiere a la econom\u00eda circular, donde se est\u00e1 llevando a cabo un di\u00e1logo entre los actores italianos y la sociedad civil y las instituciones chilenas.<\/p>\n<p><strong>El Acuerdo de Asociaci\u00f3n UE-Chile<\/strong><\/p>\n<p>Otro impacto positivo en las relaciones econ\u00f3mico-comerciales bilaterales puede derivarse tambi\u00e9n del nuevo Acuerdo de Asociaci\u00f3n entre la UE y Chile, que innovar\u00e1 el vigente desde 2005, actualiz\u00e1ndolo y profundizandoy ampliando los nuevos \u00e1mbitos de cooperaci\u00f3n (con innovaciones en particular en materia de aduanas, medio ambiente, competencia, transparencia, inversiones, denominaciones de origen y simplificaci\u00f3n de los procedimientos comerciales). El Acuerdo (que tambi\u00e9n incluye un acuerdo comercial temporal) fue firmado por ambas partes el 13 de diciembre de 2023 en Bruselas, y ahora deben completarse los procedimientos para su entrada en vigor.<\/p>\n<p>Desde el 1 de febrero de 2025 se aplica el Acuerdo Comercial Interino, pilar econ\u00f3mico del AMA, y desde el 1 de junio de 2025 se ha iniciado la aplicaci\u00f3n provisional del AMA: esto permite implementar su normativa en materia pol\u00edtica y de cooperaci\u00f3n (con la exclusi\u00f3n de algunos cap\u00edtulos menores), en espera de la finalizaci\u00f3n de los procedimientos de ratificaci\u00f3n por parte de todos los Estados miembros de la Uni\u00f3n Europea, lo que permitir\u00e1 su plena entrada en vigor. El AMA fue ratificado por Chile en noviembre de 2024.<\/p>\n","protected":false},"excerpt":{"rendered":"La Embajada monitorea el desempe\u00f1o de la econom\u00eda chilena y coordina las actividades de promoci\u00f3n econ\u00f3mica de Italia en Chile, con el objetivo de fomentar el crecimiento del comercio entre ambos pa\u00edses, los flujos de inversi\u00f3n y la cooperaci\u00f3n cient\u00edfica y tecnol\u00f3gica bilateral. La estrategia de promoci\u00f3n se lleva a cabo en colaboraci\u00f3n con la [&hellip;]","protected":false},"author":1,"featured_media":0,"parent":163,"menu_order":0,"comment_status":"closed","ping_status":"closed","template":"","meta":{"footnotes":""},"class_list":["post-179","page","type-page","status-publish","hentry"],"_links":{"self":[{"href":"https:\/\/ambsantiago.esteri.it\/es\/wp-json\/wp\/v2\/pages\/179","targetHints":{"allow":["GET"]}}],"collection":[{"href":"https:\/\/ambsantiago.esteri.it\/es\/wp-json\/wp\/v2\/pages"}],"about":[{"href":"https:\/\/ambsantiago.esteri.it\/es\/wp-json\/wp\/v2\/types\/page"}],"author":[{"embeddable":true,"href":"https:\/\/ambsantiago.esteri.it\/es\/wp-json\/wp\/v2\/users\/1"}],"replies":[{"embeddable":true,"href":"https:\/\/ambsantiago.esteri.it\/es\/wp-json\/wp\/v2\/comments?post=179"}],"version-history":[{"count":7,"href":"https:\/\/ambsantiago.esteri.it\/es\/wp-json\/wp\/v2\/pages\/179\/revisions"}],"predecessor-version":[{"id":9709,"href":"https:\/\/ambsantiago.esteri.it\/es\/wp-json\/wp\/v2\/pages\/179\/revisions\/9709"}],"up":[{"embeddable":true,"href":"https:\/\/ambsantiago.esteri.it\/es\/wp-json\/wp\/v2\/pages\/163"}],"wp:attachment":[{"href":"https:\/\/ambsantiago.esteri.it\/es\/wp-json\/wp\/v2\/media?parent=179"}],"curies":[{"name":"wp","href":"https:\/\/api.w.org\/{rel}","templated":true}]}}