{"id":178,"date":"2023-04-11T18:08:31","date_gmt":"2023-04-11T22:08:31","guid":{"rendered":"https:\/\/ambsantiago.esteri.it\/chi-siamo\/la-rete-consolare\/"},"modified":"2025-11-20T10:13:16","modified_gmt":"2025-11-20T13:13:16","slug":"la-rete-consolare","status":"publish","type":"page","link":"https:\/\/ambsantiago.esteri.it\/es\/chi-siamo\/la-rete-consolare\/","title":{"rendered":"La Red Consular"},"content":{"rendered":"<div>\n<p>La Canciller\u00eda Consular de la Embajada de Italia en Chile ofrece diversos servicios a todos los italianos residentes, residentes temporales y extranjeros.<\/p>\n<p>Adem\u00e1s, existen en el pa\u00eds un Consulado General Honorario (Valpara\u00edso), tres Consulados Honorarios (Concepci\u00f3n, La Serena y Iquique), cuatro Viceconsulados Honorarios (Arica, Copiap\u00f3, Temuco y Punta Arenas) y un Corresponsal Consular para Isla de Pascua con funciones limitadas respecto a la Canciller\u00eda Consular de la Embajada.<\/p>\n<p>&nbsp;<\/p>\n<p>&nbsp;<\/p>\n<p><strong>AMBASCIATA D&#8217;ITALIA &#8211; CANCELLERIA CONSOLARE<br \/>\n<\/strong>Capo della Cancelleria Consolare: Francesca Siega<br \/>\nIndirizzo: Rom\u00e1n Diaz 1270 &#8211; Providencia &#8211; Santiago<br \/>\nTelefono: <span class=\"baec5a81-e4d6-4674-97f3-e9220f0136c1\">+56 2 2470 8441 <a title=\"Call: +56.2.24708400\" href=\"https:\/\/ambsantiago.esteri.it\/ambasciata_santiago\/it\/ambasciata\/la_rete_consolare#\"><img loading=\"lazy\" decoding=\"async\" class=\"alignnone\" title=\"Call: +56.2.24708441\" src=\"data:image\/png;base64,iVBORw0KGgoAAAANSUhEUgAAABAAAAAQCAYAAAAf8\/9hAAAACXBIWXMAAA7EAAAOxAGVKw4bAAAAIGNIUk0AAHolAACAgwAA+f8AAIDpAAB1MAAA6mAAADqYAAAXb5JfxUYAAAKLSURBVHjadJPfS5NhFMe\/21xvuhXRyJAZroiSrJnbRdT7vrAf5HBaK5RABmEEwQIvkpZ\/QRcWXdSFw5soKaF0F7qZeLO13mGBDpQsf5CoxVKHOt0Pctp2uvEdrzG\/V+c553w\/54HnPDIiQiGpPMETABoB2AAYd9MRAMMAvGmX+RcAyAoBVJ7gZQDtABworH4AHWmX+bOMZdkjCoXiUzabvcAwzPSsob5p\/VTNY9GcdpnxdmYZ9wJThSCtCr1e\/4XjuNPd3d1KjUZzaGbI27ysqzGQoggAsLa1A7ehArrDxfDNr0oBlQB+wmKxbJFEL968SxoamsjkHaPU9l9piUo6A0RE1DG2QCWdASrpDAzJM5kMI8XecdjVxfEl+K9dxFgsgUvvR6HyBKHyBAEATyKLeGSsENuNcqk5kUjEGm7fzcYqr0ClVODl99+YXEvl6+c1amjVe+ahiGGYaUEQKnmeh91uL43rqheixjpdmzCL11er0PcjhrTLvMfUJsyKYUSeyWQ6enp6tgCgrKxsfbP8bB8AdE1G89cOReMAgOv+Cag8QXRNRkXAsDwcDr+am5tLCYKA3t7eo2dG+1vVK\/MfpRPtA+MIReMYaKj+\/xm9MiICx3EmpVL5wefzFavValis1u1vvHMkdfykCQC0kSGUTo+Ajmnx1dSC7IGD+UUCEYGIwLKsyWazrSeTSSIiMpnNf7Ttz5+ec96fr7\/VnE0mk+QfHMzV3WjcKH\/4rEr05QGFIA6HY4llWRLPRER+v3\/HYrFMFQSIkNra2tVQKJSlfcSyLO0LECFWq3XF6XRGA4HAptTsdrsXeZ6fEHtl+31nAOA4rkUulz\/I5XL63dQGgHEAN8Ph8AYA\/BsAt4ube4GblQIAAAAASUVORK5CYII=\" alt=\"\" width=\"16\" height=\"16\" \/><\/a><\/span><\/p>\n<p>E-mail: <a href=\"mailto:consolato.santiago@esteri.it\">consolato.santiago@esteri.it<\/a><\/p>\n<p>Tenga en cuenta que, por razones de seguridad, no es posible entrar en las oficinas consulares con bolsos, paquetes, tel\u00e9fonos m\u00f3viles y otros objetos. En la entrada hay taquillas con llave donde se pueden depositar dichos objetos.<\/p>\n<p>&nbsp;<\/p>\n<\/div>\n<p><strong>CONSOLATO GENERALE ONORARIO DI VALPARAISO<\/strong><\/p>\n<p>Console Generale: Franco Dezerega Pitto<\/p>\n<p>Assistente: Giovanni Arata<\/p>\n<p>Indirizzo: Blanco 1131, 6\u00b0piso &#8211; Valpara\u00edso<br \/>\nTelefono Fisso e Fax: +56 32 2253177 <a href=\"https:\/\/ambsantiago.esteri.it\/ambasciata_santiago\/it\/ambasciata\/la_rete_consolare#\"><img loading=\"lazy\" decoding=\"async\" class=\"alignnone\" title=\"Call: +56.32.2253177\" src=\"data:image\/png;base64,iVBORw0KGgoAAAANSUhEUgAAABAAAAAQCAYAAAAf8\/9hAAAACXBIWXMAAA7EAAAOxAGVKw4bAAAAIGNIUk0AAHolAACAgwAA+f8AAIDpAAB1MAAA6mAAADqYAAAXb5JfxUYAAAKLSURBVHjadJPfS5NhFMe\/21xvuhXRyJAZroiSrJnbRdT7vrAf5HBaK5RABmEEwQIvkpZ\/QRcWXdSFw5soKaF0F7qZeLO13mGBDpQsf5CoxVKHOt0Pctp2uvEdrzG\/V+c553w\/54HnPDIiQiGpPMETABoB2AAYd9MRAMMAvGmX+RcAyAoBVJ7gZQDtABworH4AHWmX+bOMZdkjCoXiUzabvcAwzPSsob5p\/VTNY9GcdpnxdmYZ9wJThSCtCr1e\/4XjuNPd3d1KjUZzaGbI27ysqzGQoggAsLa1A7ehArrDxfDNr0oBlQB+wmKxbJFEL968SxoamsjkHaPU9l9piUo6A0RE1DG2QCWdASrpDAzJM5kMI8XecdjVxfEl+K9dxFgsgUvvR6HyBKHyBAEATyKLeGSsENuNcqk5kUjEGm7fzcYqr0ClVODl99+YXEvl6+c1amjVe+ahiGGYaUEQKnmeh91uL43rqheixjpdmzCL11er0PcjhrTLvMfUJsyKYUSeyWQ6enp6tgCgrKxsfbP8bB8AdE1G89cOReMAgOv+Cag8QXRNRkXAsDwcDr+am5tLCYKA3t7eo2dG+1vVK\/MfpRPtA+MIReMYaKj+\/xm9MiICx3EmpVL5wefzFavValis1u1vvHMkdfykCQC0kSGUTo+Ajmnx1dSC7IGD+UUCEYGIwLKsyWazrSeTSSIiMpnNf7Ttz5+ec96fr7\/VnE0mk+QfHMzV3WjcKH\/4rEr05QGFIA6HY4llWRLPRER+v3\/HYrFMFQSIkNra2tVQKJSlfcSyLO0LECFWq3XF6XRGA4HAptTsdrsXeZ6fEHtl+31nAOA4rkUulz\/I5XL63dQGgHEAN8Ph8AYA\/BsAt4ube4GblQIAAAAASUVORK5CYII=\" alt=\"\" width=\"16\" height=\"16\" \/><\/a><br \/>\nTelefono Cellulare: +56 9 54800874 <img loading=\"lazy\" decoding=\"async\" class=\"alignnone\" title=\"Call: +56 993314218\" src=\"data:image\/png;base64,iVBORw0KGgoAAAANSUhEUgAAABAAAAAQCAYAAAAf8\/9hAAAACXBIWXMAAA7EAAAOxAGVKw4bAAAAIGNIUk0AAHolAACAgwAA+f8AAIDpAAB1MAAA6mAAADqYAAAXb5JfxUYAAAKLSURBVHjadJPfS5NhFMe\/21xvuhXRyJAZroiSrJnbRdT7vrAf5HBaK5RABmEEwQIvkpZ\/QRcWXdSFw5soKaF0F7qZeLO13mGBDpQsf5CoxVKHOt0Pctp2uvEdrzG\/V+c553w\/54HnPDIiQiGpPMETABoB2AAYd9MRAMMAvGmX+RcAyAoBVJ7gZQDtABworH4AHWmX+bOMZdkjCoXiUzabvcAwzPSsob5p\/VTNY9GcdpnxdmYZ9wJThSCtCr1e\/4XjuNPd3d1KjUZzaGbI27ysqzGQoggAsLa1A7ehArrDxfDNr0oBlQB+wmKxbJFEL968SxoamsjkHaPU9l9piUo6A0RE1DG2QCWdASrpDAzJM5kMI8XecdjVxfEl+K9dxFgsgUvvR6HyBKHyBAEATyKLeGSsENuNcqk5kUjEGm7fzcYqr0ClVODl99+YXEvl6+c1amjVe+ahiGGYaUEQKnmeh91uL43rqheixjpdmzCL11er0PcjhrTLvMfUJsyKYUSeyWQ6enp6tgCgrKxsfbP8bB8AdE1G89cOReMAgOv+Cag8QXRNRkXAsDwcDr+am5tLCYKA3t7eo2dG+1vVK\/MfpRPtA+MIReMYaKj+\/xm9MiICx3EmpVL5wefzFavValis1u1vvHMkdfykCQC0kSGUTo+Ajmnx1dSC7IGD+UUCEYGIwLKsyWazrSeTSSIiMpnNf7Ttz5+ec96fr7\/VnE0mk+QfHMzV3WjcKH\/4rEr05QGFIA6HY4llWRLPRER+v3\/HYrFMFQSIkNra2tVQKJSlfcSyLO0LECFWq3XF6XRGA4HAptTsdrsXeZ6fEHtl+31nAOA4rkUulz\/I5XL63dQGgHEAN8Ph8AYA\/BsAt4ube4GblQIAAAAASUVORK5CYII=\" alt=\"\" width=\"16\" height=\"16\" \/><br \/>\nE-mail: <a href=\"mailto:consitvalpo@hotmail.com\">consitvalpo@hotmail.com<\/a><\/p>\n<div>\n<p>&nbsp;<\/p>\n<p><strong>CONSOLATO ONORARIO DI CONCEPCI\u00d3N<\/strong><\/p>\n<p>Console: Colomba Luisella Boero Gasparini<\/p>\n<p>Indirizzo: Barros Arana 239 &#8211; Concepci\u00f3n<br \/>\nTelefono Fisso + 56 41 2215896\u00a0 <img loading=\"lazy\" decoding=\"async\" class=\"alignnone\" title=\"Call: + 56 41 2223405\" src=\"data:image\/png;base64,iVBORw0KGgoAAAANSUhEUgAAABAAAAAQCAYAAAAf8\/9hAAAACXBIWXMAAA7EAAAOxAGVKw4bAAAAIGNIUk0AAHolAACAgwAA+f8AAIDpAAB1MAAA6mAAADqYAAAXb5JfxUYAAAKLSURBVHjadJPfS5NhFMe\/21xvuhXRyJAZroiSrJnbRdT7vrAf5HBaK5RABmEEwQIvkpZ\/QRcWXdSFw5soKaF0F7qZeLO13mGBDpQsf5CoxVKHOt0Pctp2uvEdrzG\/V+c553w\/54HnPDIiQiGpPMETABoB2AAYd9MRAMMAvGmX+RcAyAoBVJ7gZQDtABworH4AHWmX+bOMZdkjCoXiUzabvcAwzPSsob5p\/VTNY9GcdpnxdmYZ9wJThSCtCr1e\/4XjuNPd3d1KjUZzaGbI27ysqzGQoggAsLa1A7ehArrDxfDNr0oBlQB+wmKxbJFEL968SxoamsjkHaPU9l9piUo6A0RE1DG2QCWdASrpDAzJM5kMI8XecdjVxfEl+K9dxFgsgUvvR6HyBKHyBAEATyKLeGSsENuNcqk5kUjEGm7fzcYqr0ClVODl99+YXEvl6+c1amjVe+ahiGGYaUEQKnmeh91uL43rqheixjpdmzCL11er0PcjhrTLvMfUJsyKYUSeyWQ6enp6tgCgrKxsfbP8bB8AdE1G89cOReMAgOv+Cag8QXRNRkXAsDwcDr+am5tLCYKA3t7eo2dG+1vVK\/MfpRPtA+MIReMYaKj+\/xm9MiICx3EmpVL5wefzFavValis1u1vvHMkdfykCQC0kSGUTo+Ajmnx1dSC7IGD+UUCEYGIwLKsyWazrSeTSSIiMpnNf7Ttz5+ec96fr7\/VnE0mk+QfHMzV3WjcKH\/4rEr05QGFIA6HY4llWRLPRER+v3\/HYrFMFQSIkNra2tVQKJSlfcSyLO0LECFWq3XF6XRGA4HAptTsdrsXeZ6fEHtl+31nAOA4rkUulz\/I5XL63dQGgHEAN8Ph8AYA\/BsAt4ube4GblQIAAAAASUVORK5CYII=\" alt=\"\" width=\"16\" height=\"16\" \/> Lunes y Viernes de las 10:00 a las 12:00 horas, previa cita a solicitar a trav\u00e9s de correo electr\u00f3nico<br \/>\nE-mail: <a href=\"mailto:italconsulconcepcion@gmail.com\">italconsulconcepcion@gmail.com<\/a><\/p>\n<\/div>\n<p>&nbsp;<\/p>\n<p><strong>CONSOLATO ONORARIO DI IQUIQUE<\/strong><\/p>\n<p>Console: Juan Carlos Lombardi Cordano<\/p>\n<p>Assistente: Luz Savalli<\/p>\n<p>Indirizzo: Serrano 467 &#8211; Iquique<br \/>\nTelefono Fisso: + 56 552831797<img loading=\"lazy\" decoding=\"async\" class=\"alignnone\" title=\"Call: + 56 572421588\" src=\"data:image\/png;base64,iVBORw0KGgoAAAANSUhEUgAAABAAAAAQCAYAAAAf8\/9hAAAACXBIWXMAAA7EAAAOxAGVKw4bAAAAIGNIUk0AAHolAACAgwAA+f8AAIDpAAB1MAAA6mAAADqYAAAXb5JfxUYAAAKLSURBVHjadJPfS5NhFMe\/21xvuhXRyJAZroiSrJnbRdT7vrAf5HBaK5RABmEEwQIvkpZ\/QRcWXdSFw5soKaF0F7qZeLO13mGBDpQsf5CoxVKHOt0Pctp2uvEdrzG\/V+c553w\/54HnPDIiQiGpPMETABoB2AAYd9MRAMMAvGmX+RcAyAoBVJ7gZQDtABworH4AHWmX+bOMZdkjCoXiUzabvcAwzPSsob5p\/VTNY9GcdpnxdmYZ9wJThSCtCr1e\/4XjuNPd3d1KjUZzaGbI27ysqzGQoggAsLa1A7ehArrDxfDNr0oBlQB+wmKxbJFEL968SxoamsjkHaPU9l9piUo6A0RE1DG2QCWdASrpDAzJM5kMI8XecdjVxfEl+K9dxFgsgUvvR6HyBKHyBAEATyKLeGSsENuNcqk5kUjEGm7fzcYqr0ClVODl99+YXEvl6+c1amjVe+ahiGGYaUEQKnmeh91uL43rqheixjpdmzCL11er0PcjhrTLvMfUJsyKYUSeyWQ6enp6tgCgrKxsfbP8bB8AdE1G89cOReMAgOv+Cag8QXRNRkXAsDwcDr+am5tLCYKA3t7eo2dG+1vVK\/MfpRPtA+MIReMYaKj+\/xm9MiICx3EmpVL5wefzFavValis1u1vvHMkdfykCQC0kSGUTo+Ajmnx1dSC7IGD+UUCEYGIwLKsyWazrSeTSSIiMpnNf7Ttz5+ec96fr7\/VnE0mk+QfHMzV3WjcKH\/4rEr05QGFIA6HY4llWRLPRER+v3\/HYrFMFQSIkNra2tVQKJSlfcSyLO0LECFWq3XF6XRGA4HAptTsdrsXeZ6fEHtl+31nAOA4rkUulz\/I5XL63dQGgHEAN8Ph8AYA\/BsAt4ube4GblQIAAAAASUVORK5CYII=\" alt=\"\" width=\"16\" height=\"16\" \/><\/p>\n<p>E-mail: <a href=\"mailto:consulitiqq@gmail.com\">consulitiqq@gmail.com<\/a><\/p>\n<p>&nbsp;<\/p>\n<p><strong>CONSOLATO ONORARIO DI LA SERENA<\/strong><\/p>\n<p>Console: Franco Beniamino Dalbosco Cazzanelli<\/p>\n<p>Assistente: Ingrid Alcayaga<\/p>\n<p>Indirizzo: Arturo Prat 690 \u2013 La Serena<br \/>\nTelefono Fisso: + 56 512605308 <img loading=\"lazy\" decoding=\"async\" class=\"alignnone\" title=\"Call: + 56 512605308\" src=\"data:image\/png;base64,iVBORw0KGgoAAAANSUhEUgAAABAAAAAQCAYAAAAf8\/9hAAAACXBIWXMAAA7EAAAOxAGVKw4bAAAAIGNIUk0AAHolAACAgwAA+f8AAIDpAAB1MAAA6mAAADqYAAAXb5JfxUYAAAKLSURBVHjadJPfS5NhFMe\/21xvuhXRyJAZroiSrJnbRdT7vrAf5HBaK5RABmEEwQIvkpZ\/QRcWXdSFw5soKaF0F7qZeLO13mGBDpQsf5CoxVKHOt0Pctp2uvEdrzG\/V+c553w\/54HnPDIiQiGpPMETABoB2AAYd9MRAMMAvGmX+RcAyAoBVJ7gZQDtABworH4AHWmX+bOMZdkjCoXiUzabvcAwzPSsob5p\/VTNY9GcdpnxdmYZ9wJThSCtCr1e\/4XjuNPd3d1KjUZzaGbI27ysqzGQoggAsLa1A7ehArrDxfDNr0oBlQB+wmKxbJFEL968SxoamsjkHaPU9l9piUo6A0RE1DG2QCWdASrpDAzJM5kMI8XecdjVxfEl+K9dxFgsgUvvR6HyBKHyBAEATyKLeGSsENuNcqk5kUjEGm7fzcYqr0ClVODl99+YXEvl6+c1amjVe+ahiGGYaUEQKnmeh91uL43rqheixjpdmzCL11er0PcjhrTLvMfUJsyKYUSeyWQ6enp6tgCgrKxsfbP8bB8AdE1G89cOReMAgOv+Cag8QXRNRkXAsDwcDr+am5tLCYKA3t7eo2dG+1vVK\/MfpRPtA+MIReMYaKj+\/xm9MiICx3EmpVL5wefzFavValis1u1vvHMkdfykCQC0kSGUTo+Ajmnx1dSC7IGD+UUCEYGIwLKsyWazrSeTSSIiMpnNf7Ttz5+ec96fr7\/VnE0mk+QfHMzV3WjcKH\/4rEr05QGFIA6HY4llWRLPRER+v3\/HYrFMFQSIkNra2tVQKJSlfcSyLO0LECFWq3XF6XRGA4HAptTsdrsXeZ6fEHtl+31nAOA4rkUulz\/I5XL63dQGgHEAN8Ph8AYA\/BsAt4ube4GblQIAAAAASUVORK5CYII=\" alt=\"\" width=\"16\" height=\"16\" \/><br \/>\nE-mail: <a href=\"mailto:ialcayaga@dalboscohnos.cl\">ialcayaga@dalboscohnos.cl<\/a><\/p>\n<p>&nbsp;<\/p>\n<div>\n<p><strong>VICE CONSOLATO ONORARIO DI ARICA<\/strong><\/p>\n<p>Vice Console: Antonio Marcelo Martino Quezada<\/p>\n<p>Indirizzo: Serrano 1968, Magisterio \u2013 Arica<br \/>\nTelefono Fisso: + 56 582311978 <img loading=\"lazy\" decoding=\"async\" class=\"alignnone\" title=\"Call: + 56 582311978\" src=\"data:image\/png;base64,iVBORw0KGgoAAAANSUhEUgAAABAAAAAQCAYAAAAf8\/9hAAAACXBIWXMAAA7EAAAOxAGVKw4bAAAAIGNIUk0AAHolAACAgwAA+f8AAIDpAAB1MAAA6mAAADqYAAAXb5JfxUYAAAKLSURBVHjadJPfS5NhFMe\/21xvuhXRyJAZroiSrJnbRdT7vrAf5HBaK5RABmEEwQIvkpZ\/QRcWXdSFw5soKaF0F7qZeLO13mGBDpQsf5CoxVKHOt0Pctp2uvEdrzG\/V+c553w\/54HnPDIiQiGpPMETABoB2AAYd9MRAMMAvGmX+RcAyAoBVJ7gZQDtABworH4AHWmX+bOMZdkjCoXiUzabvcAwzPSsob5p\/VTNY9GcdpnxdmYZ9wJThSCtCr1e\/4XjuNPd3d1KjUZzaGbI27ysqzGQoggAsLa1A7ehArrDxfDNr0oBlQB+wmKxbJFEL968SxoamsjkHaPU9l9piUo6A0RE1DG2QCWdASrpDAzJM5kMI8XecdjVxfEl+K9dxFgsgUvvR6HyBKHyBAEATyKLeGSsENuNcqk5kUjEGm7fzcYqr0ClVODl99+YXEvl6+c1amjVe+ahiGGYaUEQKnmeh91uL43rqheixjpdmzCL11er0PcjhrTLvMfUJsyKYUSeyWQ6enp6tgCgrKxsfbP8bB8AdE1G89cOReMAgOv+Cag8QXRNRkXAsDwcDr+am5tLCYKA3t7eo2dG+1vVK\/MfpRPtA+MIReMYaKj+\/xm9MiICx3EmpVL5wefzFavValis1u1vvHMkdfykCQC0kSGUTo+Ajmnx1dSC7IGD+UUCEYGIwLKsyWazrSeTSSIiMpnNf7Ttz5+ec96fr7\/VnE0mk+QfHMzV3WjcKH\/4rEr05QGFIA6HY4llWRLPRER+v3\/HYrFMFQSIkNra2tVQKJSlfcSyLO0LECFWq3XF6XRGA4HAptTsdrsXeZ6fEHtl+31nAOA4rkUulz\/I5XL63dQGgHEAN8Ph8AYA\/BsAt4ube4GblQIAAAAASUVORK5CYII=\" alt=\"\" width=\"16\" height=\"16\" \/><br \/>\nTelefono Cellulare: +56 9 93301890 <img loading=\"lazy\" decoding=\"async\" class=\"alignnone\" title=\"Call: +56 9 93301890\" src=\"data:image\/png;base64,iVBORw0KGgoAAAANSUhEUgAAABAAAAAQCAYAAAAf8\/9hAAAACXBIWXMAAA7EAAAOxAGVKw4bAAAAIGNIUk0AAHolAACAgwAA+f8AAIDpAAB1MAAA6mAAADqYAAAXb5JfxUYAAAKLSURBVHjadJPfS5NhFMe\/21xvuhXRyJAZroiSrJnbRdT7vrAf5HBaK5RABmEEwQIvkpZ\/QRcWXdSFw5soKaF0F7qZeLO13mGBDpQsf5CoxVKHOt0Pctp2uvEdrzG\/V+c553w\/54HnPDIiQiGpPMETABoB2AAYd9MRAMMAvGmX+RcAyAoBVJ7gZQDtABworH4AHWmX+bOMZdkjCoXiUzabvcAwzPSsob5p\/VTNY9GcdpnxdmYZ9wJThSCtCr1e\/4XjuNPd3d1KjUZzaGbI27ysqzGQoggAsLa1A7ehArrDxfDNr0oBlQB+wmKxbJFEL968SxoamsjkHaPU9l9piUo6A0RE1DG2QCWdASrpDAzJM5kMI8XecdjVxfEl+K9dxFgsgUvvR6HyBKHyBAEATyKLeGSsENuNcqk5kUjEGm7fzcYqr0ClVODl99+YXEvl6+c1amjVe+ahiGGYaUEQKnmeh91uL43rqheixjpdmzCL11er0PcjhrTLvMfUJsyKYUSeyWQ6enp6tgCgrKxsfbP8bB8AdE1G89cOReMAgOv+Cag8QXRNRkXAsDwcDr+am5tLCYKA3t7eo2dG+1vVK\/MfpRPtA+MIReMYaKj+\/xm9MiICx3EmpVL5wefzFavValis1u1vvHMkdfykCQC0kSGUTo+Ajmnx1dSC7IGD+UUCEYGIwLKsyWazrSeTSSIiMpnNf7Ttz5+ec96fr7\/VnE0mk+QfHMzV3WjcKH\/4rEr05QGFIA6HY4llWRLPRER+v3\/HYrFMFQSIkNra2tVQKJSlfcSyLO0LECFWq3XF6XRGA4HAptTsdrsXeZ6fEHtl+31nAOA4rkUulz\/I5XL63dQGgHEAN8Ph8AYA\/BsAt4ube4GblQIAAAAASUVORK5CYII=\" alt=\"\" width=\"16\" height=\"16\" \/><br \/>\nE-mail: <a href=\"mailto:consolatoitalianoarica@gmail.com\">consolatoitalianoarica@gmail.com<\/a><\/p>\n<p>&nbsp;<\/p>\n<p><strong>VICE CONSOLATO ONORARIO DI ANTOFAGASTA<br \/>\n<\/strong>Vacante<\/p>\n<p>&nbsp;<\/p>\n<p><strong>VICE CONSOLATO ONORARIO DI COPIAP\u00d3<\/strong><\/p>\n<p>Vice Console: Paolo Albasini<\/p>\n<p>Indirizzo: Yumbel 350 Oficina 2 \u2013 Copiap\u00f3; casella postale 110 Copiap\u00f3<br \/>\nTelefono Fisso: +56 52 2535455 <img loading=\"lazy\" decoding=\"async\" class=\"alignnone\" title=\"Call: +56 52 2535455\" src=\"data:image\/png;base64,iVBORw0KGgoAAAANSUhEUgAAABAAAAAQCAYAAAAf8\/9hAAAACXBIWXMAAA7EAAAOxAGVKw4bAAAAIGNIUk0AAHolAACAgwAA+f8AAIDpAAB1MAAA6mAAADqYAAAXb5JfxUYAAAKLSURBVHjadJPfS5NhFMe\/21xvuhXRyJAZroiSrJnbRdT7vrAf5HBaK5RABmEEwQIvkpZ\/QRcWXdSFw5soKaF0F7qZeLO13mGBDpQsf5CoxVKHOt0Pctp2uvEdrzG\/V+c553w\/54HnPDIiQiGpPMETABoB2AAYd9MRAMMAvGmX+RcAyAoBVJ7gZQDtABworH4AHWmX+bOMZdkjCoXiUzabvcAwzPSsob5p\/VTNY9GcdpnxdmYZ9wJThSCtCr1e\/4XjuNPd3d1KjUZzaGbI27ysqzGQoggAsLa1A7ehArrDxfDNr0oBlQB+wmKxbJFEL968SxoamsjkHaPU9l9piUo6A0RE1DG2QCWdASrpDAzJM5kMI8XecdjVxfEl+K9dxFgsgUvvR6HyBKHyBAEATyKLeGSsENuNcqk5kUjEGm7fzcYqr0ClVODl99+YXEvl6+c1amjVe+ahiGGYaUEQKnmeh91uL43rqheixjpdmzCL11er0PcjhrTLvMfUJsyKYUSeyWQ6enp6tgCgrKxsfbP8bB8AdE1G89cOReMAgOv+Cag8QXRNRkXAsDwcDr+am5tLCYKA3t7eo2dG+1vVK\/MfpRPtA+MIReMYaKj+\/xm9MiICx3EmpVL5wefzFavValis1u1vvHMkdfykCQC0kSGUTo+Ajmnx1dSC7IGD+UUCEYGIwLKsyWazrSeTSSIiMpnNf7Ttz5+ec96fr7\/VnE0mk+QfHMzV3WjcKH\/4rEr05QGFIA6HY4llWRLPRER+v3\/HYrFMFQSIkNra2tVQKJSlfcSyLO0LECFWq3XF6XRGA4HAptTsdrsXeZ6fEHtl+31nAOA4rkUulz\/I5XL63dQGgHEAN8Ph8AYA\/BsAt4ube4GblQIAAAAASUVORK5CYII=\" alt=\"\" width=\"16\" height=\"16\" \/><br \/>\nTelefono Cellulare: +56 9 98867618 <img loading=\"lazy\" decoding=\"async\" class=\"alignnone\" title=\"Call: +56 9 98867618\" src=\"data:image\/png;base64,iVBORw0KGgoAAAANSUhEUgAAABAAAAAQCAYAAAAf8\/9hAAAACXBIWXMAAA7EAAAOxAGVKw4bAAAAIGNIUk0AAHolAACAgwAA+f8AAIDpAAB1MAAA6mAAADqYAAAXb5JfxUYAAAKLSURBVHjadJPfS5NhFMe\/21xvuhXRyJAZroiSrJnbRdT7vrAf5HBaK5RABmEEwQIvkpZ\/QRcWXdSFw5soKaF0F7qZeLO13mGBDpQsf5CoxVKHOt0Pctp2uvEdrzG\/V+c553w\/54HnPDIiQiGpPMETABoB2AAYd9MRAMMAvGmX+RcAyAoBVJ7gZQDtABworH4AHWmX+bOMZdkjCoXiUzabvcAwzPSsob5p\/VTNY9GcdpnxdmYZ9wJThSCtCr1e\/4XjuNPd3d1KjUZzaGbI27ysqzGQoggAsLa1A7ehArrDxfDNr0oBlQB+wmKxbJFEL968SxoamsjkHaPU9l9piUo6A0RE1DG2QCWdASrpDAzJM5kMI8XecdjVxfEl+K9dxFgsgUvvR6HyBKHyBAEATyKLeGSsENuNcqk5kUjEGm7fzcYqr0ClVODl99+YXEvl6+c1amjVe+ahiGGYaUEQKnmeh91uL43rqheixjpdmzCL11er0PcjhrTLvMfUJsyKYUSeyWQ6enp6tgCgrKxsfbP8bB8AdE1G89cOReMAgOv+Cag8QXRNRkXAsDwcDr+am5tLCYKA3t7eo2dG+1vVK\/MfpRPtA+MIReMYaKj+\/xm9MiICx3EmpVL5wefzFavValis1u1vvHMkdfykCQC0kSGUTo+Ajmnx1dSC7IGD+UUCEYGIwLKsyWazrSeTSSIiMpnNf7Ttz5+ec96fr7\/VnE0mk+QfHMzV3WjcKH\/4rEr05QGFIA6HY4llWRLPRER+v3\/HYrFMFQSIkNra2tVQKJSlfcSyLO0LECFWq3XF6XRGA4HAptTsdrsXeZ6fEHtl+31nAOA4rkUulz\/I5XL63dQGgHEAN8Ph8AYA\/BsAt4ube4GblQIAAAAASUVORK5CYII=\" alt=\"\" width=\"16\" height=\"16\" \/><br \/>\nemail: <a href=\"mailto:paolo.albasini@gmail.com\">paolo.albasini@gmail.com<\/a><\/p>\n<p>&nbsp;<\/p>\n<p><strong>VICE CONSOLATO ONORARIO DI PUERTO MONTT<\/strong><\/p>\n<\/div>\n<div>Vacante<\/div>\n<div>\n<p>&nbsp;<\/p>\n<p><strong>VICE CONSOLATO ONORARIO DI PUNTA ARENAS<\/strong><\/p>\n<p>Vice Console: Hector Stefani<\/p>\n<p>Indirizzo: 21 de Mayo 1569 &#8211; Punta Arenas; casella postale 315 &#8211; Punta Arenas<br \/>\nTelefono Fisso: +56 612614107 <img loading=\"lazy\" decoding=\"async\" class=\"alignnone\" title=\"Call: +56 612614107\" src=\"data:image\/png;base64,iVBORw0KGgoAAAANSUhEUgAAABAAAAAQCAYAAAAf8\/9hAAAACXBIWXMAAA7EAAAOxAGVKw4bAAAAIGNIUk0AAHolAACAgwAA+f8AAIDpAAB1MAAA6mAAADqYAAAXb5JfxUYAAAKLSURBVHjadJPfS5NhFMe\/21xvuhXRyJAZroiSrJnbRdT7vrAf5HBaK5RABmEEwQIvkpZ\/QRcWXdSFw5soKaF0F7qZeLO13mGBDpQsf5CoxVKHOt0Pctp2uvEdrzG\/V+c553w\/54HnPDIiQiGpPMETABoB2AAYd9MRAMMAvGmX+RcAyAoBVJ7gZQDtABworH4AHWmX+bOMZdkjCoXiUzabvcAwzPSsob5p\/VTNY9GcdpnxdmYZ9wJThSCtCr1e\/4XjuNPd3d1KjUZzaGbI27ysqzGQoggAsLa1A7ehArrDxfDNr0oBlQB+wmKxbJFEL968SxoamsjkHaPU9l9piUo6A0RE1DG2QCWdASrpDAzJM5kMI8XecdjVxfEl+K9dxFgsgUvvR6HyBKHyBAEATyKLeGSsENuNcqk5kUjEGm7fzcYqr0ClVODl99+YXEvl6+c1amjVe+ahiGGYaUEQKnmeh91uL43rqheixjpdmzCL11er0PcjhrTLvMfUJsyKYUSeyWQ6enp6tgCgrKxsfbP8bB8AdE1G89cOReMAgOv+Cag8QXRNRkXAsDwcDr+am5tLCYKA3t7eo2dG+1vVK\/MfpRPtA+MIReMYaKj+\/xm9MiICx3EmpVL5wefzFavValis1u1vvHMkdfykCQC0kSGUTo+Ajmnx1dSC7IGD+UUCEYGIwLKsyWazrSeTSSIiMpnNf7Ttz5+ec96fr7\/VnE0mk+QfHMzV3WjcKH\/4rEr05QGFIA6HY4llWRLPRER+v3\/HYrFMFQSIkNra2tVQKJSlfcSyLO0LECFWq3XF6XRGA4HAptTsdrsXeZ6fEHtl+31nAOA4rkUulz\/I5XL63dQGgHEAN8Ph8AYA\/BsAt4ube4GblQIAAAAASUVORK5CYII=\" alt=\"\" width=\"16\" height=\"16\" \/><br \/>\nTelefono Fisso: +56 612221596 <img loading=\"lazy\" decoding=\"async\" class=\"alignnone\" title=\"Call: +56 612221596\" src=\"data:image\/png;base64,iVBORw0KGgoAAAANSUhEUgAAABAAAAAQCAYAAAAf8\/9hAAAACXBIWXMAAA7EAAAOxAGVKw4bAAAAIGNIUk0AAHolAACAgwAA+f8AAIDpAAB1MAAA6mAAADqYAAAXb5JfxUYAAAKLSURBVHjadJPfS5NhFMe\/21xvuhXRyJAZroiSrJnbRdT7vrAf5HBaK5RABmEEwQIvkpZ\/QRcWXdSFw5soKaF0F7qZeLO13mGBDpQsf5CoxVKHOt0Pctp2uvEdrzG\/V+c553w\/54HnPDIiQiGpPMETABoB2AAYd9MRAMMAvGmX+RcAyAoBVJ7gZQDtABworH4AHWmX+bOMZdkjCoXiUzabvcAwzPSsob5p\/VTNY9GcdpnxdmYZ9wJThSCtCr1e\/4XjuNPd3d1KjUZzaGbI27ysqzGQoggAsLa1A7ehArrDxfDNr0oBlQB+wmKxbJFEL968SxoamsjkHaPU9l9piUo6A0RE1DG2QCWdASrpDAzJM5kMI8XecdjVxfEl+K9dxFgsgUvvR6HyBKHyBAEATyKLeGSsENuNcqk5kUjEGm7fzcYqr0ClVODl99+YXEvl6+c1amjVe+ahiGGYaUEQKnmeh91uL43rqheixjpdmzCL11er0PcjhrTLvMfUJsyKYUSeyWQ6enp6tgCgrKxsfbP8bB8AdE1G89cOReMAgOv+Cag8QXRNRkXAsDwcDr+am5tLCYKA3t7eo2dG+1vVK\/MfpRPtA+MIReMYaKj+\/xm9MiICx3EmpVL5wefzFavValis1u1vvHMkdfykCQC0kSGUTo+Ajmnx1dSC7IGD+UUCEYGIwLKsyWazrSeTSSIiMpnNf7Ttz5+ec96fr7\/VnE0mk+QfHMzV3WjcKH\/4rEr05QGFIA6HY4llWRLPRER+v3\/HYrFMFQSIkNra2tVQKJSlfcSyLO0LECFWq3XF6XRGA4HAptTsdrsXeZ6fEHtl+31nAOA4rkUulz\/I5XL63dQGgHEAN8Ph8AYA\/BsAt4ube4GblQIAAAAASUVORK5CYII=\" alt=\"\" width=\"16\" height=\"16\" \/><br \/>\nTelefono Cellulare: +56 9 91287382 <img loading=\"lazy\" decoding=\"async\" class=\"alignnone\" title=\"Call: +56 9 91287382\" src=\"data:image\/png;base64,iVBORw0KGgoAAAANSUhEUgAAABAAAAAQCAYAAAAf8\/9hAAAACXBIWXMAAA7EAAAOxAGVKw4bAAAAIGNIUk0AAHolAACAgwAA+f8AAIDpAAB1MAAA6mAAADqYAAAXb5JfxUYAAAKLSURBVHjadJPfS5NhFMe\/21xvuhXRyJAZroiSrJnbRdT7vrAf5HBaK5RABmEEwQIvkpZ\/QRcWXdSFw5soKaF0F7qZeLO13mGBDpQsf5CoxVKHOt0Pctp2uvEdrzG\/V+c553w\/54HnPDIiQiGpPMETABoB2AAYd9MRAMMAvGmX+RcAyAoBVJ7gZQDtABworH4AHWmX+bOMZdkjCoXiUzabvcAwzPSsob5p\/VTNY9GcdpnxdmYZ9wJThSCtCr1e\/4XjuNPd3d1KjUZzaGbI27ysqzGQoggAsLa1A7ehArrDxfDNr0oBlQB+wmKxbJFEL968SxoamsjkHaPU9l9piUo6A0RE1DG2QCWdASrpDAzJM5kMI8XecdjVxfEl+K9dxFgsgUvvR6HyBKHyBAEATyKLeGSsENuNcqk5kUjEGm7fzcYqr0ClVODl99+YXEvl6+c1amjVe+ahiGGYaUEQKnmeh91uL43rqheixjpdmzCL11er0PcjhrTLvMfUJsyKYUSeyWQ6enp6tgCgrKxsfbP8bB8AdE1G89cOReMAgOv+Cag8QXRNRkXAsDwcDr+am5tLCYKA3t7eo2dG+1vVK\/MfpRPtA+MIReMYaKj+\/xm9MiICx3EmpVL5wefzFavValis1u1vvHMkdfykCQC0kSGUTo+Ajmnx1dSC7IGD+UUCEYGIwLKsyWazrSeTSSIiMpnNf7Ttz5+ec96fr7\/VnE0mk+QfHMzV3WjcKH\/4rEr05QGFIA6HY4llWRLPRER+v3\/HYrFMFQSIkNra2tVQKJSlfcSyLO0LECFWq3XF6XRGA4HAptTsdrsXeZ6fEHtl+31nAOA4rkUulz\/I5XL63dQGgHEAN8Ph8AYA\/BsAt4ube4GblQIAAAAASUVORK5CYII=\" alt=\"\" width=\"16\" height=\"16\" \/><br \/>\nE-mail: <a href=\"mailto:gerente@nellostefani.com\">gerente@nellostefani.com<\/a><\/p>\n<p>&nbsp;<\/p>\n<p><strong>VICE CONSOLATO ONORARIO DI TALCA<br \/>\n<\/strong>Vacante<\/p>\n<p>&nbsp;<\/p>\n<p><strong>VICE CONSOLATO ONORARIO DI TEMUCO<\/strong><\/p>\n<p>Vice Console: Marco Antonio Zirotti Kehr<\/p>\n<p>Indirizzo: Balmaceda 1176 &#8211; Temuco<br \/>\nTelefono Fisso: +56 45 2317700 <img loading=\"lazy\" decoding=\"async\" class=\"alignnone\" title=\"Call: +56 45 2317700\" src=\"data:image\/png;base64,iVBORw0KGgoAAAANSUhEUgAAABAAAAAQCAYAAAAf8\/9hAAAACXBIWXMAAA7EAAAOxAGVKw4bAAAAIGNIUk0AAHolAACAgwAA+f8AAIDpAAB1MAAA6mAAADqYAAAXb5JfxUYAAAKLSURBVHjadJPfS5NhFMe\/21xvuhXRyJAZroiSrJnbRdT7vrAf5HBaK5RABmEEwQIvkpZ\/QRcWXdSFw5soKaF0F7qZeLO13mGBDpQsf5CoxVKHOt0Pctp2uvEdrzG\/V+c553w\/54HnPDIiQiGpPMETABoB2AAYd9MRAMMAvGmX+RcAyAoBVJ7gZQDtABworH4AHWmX+bOMZdkjCoXiUzabvcAwzPSsob5p\/VTNY9GcdpnxdmYZ9wJThSCtCr1e\/4XjuNPd3d1KjUZzaGbI27ysqzGQoggAsLa1A7ehArrDxfDNr0oBlQB+wmKxbJFEL968SxoamsjkHaPU9l9piUo6A0RE1DG2QCWdASrpDAzJM5kMI8XecdjVxfEl+K9dxFgsgUvvR6HyBKHyBAEATyKLeGSsENuNcqk5kUjEGm7fzcYqr0ClVODl99+YXEvl6+c1amjVe+ahiGGYaUEQKnmeh91uL43rqheixjpdmzCL11er0PcjhrTLvMfUJsyKYUSeyWQ6enp6tgCgrKxsfbP8bB8AdE1G89cOReMAgOv+Cag8QXRNRkXAsDwcDr+am5tLCYKA3t7eo2dG+1vVK\/MfpRPtA+MIReMYaKj+\/xm9MiICx3EmpVL5wefzFavValis1u1vvHMkdfykCQC0kSGUTo+Ajmnx1dSC7IGD+UUCEYGIwLKsyWazrSeTSSIiMpnNf7Ttz5+ec96fr7\/VnE0mk+QfHMzV3WjcKH\/4rEr05QGFIA6HY4llWRLPRER+v3\/HYrFMFQSIkNra2tVQKJSlfcSyLO0LECFWq3XF6XRGA4HAptTsdrsXeZ6fEHtl+31nAOA4rkUulz\/I5XL63dQGgHEAN8Ph8AYA\/BsAt4ube4GblQIAAAAASUVORK5CYII=\" alt=\"\" width=\"16\" height=\"16\" \/><br \/>\nTelefono Cellulare: +56 988271664 <img loading=\"lazy\" decoding=\"async\" class=\"alignnone\" title=\"Call: +56 988271664\" src=\"data:image\/png;base64,iVBORw0KGgoAAAANSUhEUgAAABAAAAAQCAYAAAAf8\/9hAAAACXBIWXMAAA7EAAAOxAGVKw4bAAAAIGNIUk0AAHolAACAgwAA+f8AAIDpAAB1MAAA6mAAADqYAAAXb5JfxUYAAAKLSURBVHjadJPfS5NhFMe\/21xvuhXRyJAZroiSrJnbRdT7vrAf5HBaK5RABmEEwQIvkpZ\/QRcWXdSFw5soKaF0F7qZeLO13mGBDpQsf5CoxVKHOt0Pctp2uvEdrzG\/V+c553w\/54HnPDIiQiGpPMETABoB2AAYd9MRAMMAvGmX+RcAyAoBVJ7gZQDtABworH4AHWmX+bOMZdkjCoXiUzabvcAwzPSsob5p\/VTNY9GcdpnxdmYZ9wJThSCtCr1e\/4XjuNPd3d1KjUZzaGbI27ysqzGQoggAsLa1A7ehArrDxfDNr0oBlQB+wmKxbJFEL968SxoamsjkHaPU9l9piUo6A0RE1DG2QCWdASrpDAzJM5kMI8XecdjVxfEl+K9dxFgsgUvvR6HyBKHyBAEATyKLeGSsENuNcqk5kUjEGm7fzcYqr0ClVODl99+YXEvl6+c1amjVe+ahiGGYaUEQKnmeh91uL43rqheixjpdmzCL11er0PcjhrTLvMfUJsyKYUSeyWQ6enp6tgCgrKxsfbP8bB8AdE1G89cOReMAgOv+Cag8QXRNRkXAsDwcDr+am5tLCYKA3t7eo2dG+1vVK\/MfpRPtA+MIReMYaKj+\/xm9MiICx3EmpVL5wefzFavValis1u1vvHMkdfykCQC0kSGUTo+Ajmnx1dSC7IGD+UUCEYGIwLKsyWazrSeTSSIiMpnNf7Ttz5+ec96fr7\/VnE0mk+QfHMzV3WjcKH\/4rEr05QGFIA6HY4llWRLPRER+v3\/HYrFMFQSIkNra2tVQKJSlfcSyLO0LECFWq3XF6XRGA4HAptTsdrsXeZ6fEHtl+31nAOA4rkUulz\/I5XL63dQGgHEAN8Ph8AYA\/BsAt4ube4GblQIAAAAASUVORK5CYII=\" alt=\"\" width=\"16\" height=\"16\" \/><br \/>\nE-mail: <a href=\"mailto:marcoantonio@zirotti.cl\">marcoantonio@zirotti.cl<\/a><\/p>\n<p>&nbsp;<\/p>\n<p><strong>VICE CONSOLATO ONORARIO DI VALDIVIA<\/strong><br \/>\nVacante<\/p>\n<p>&nbsp;<\/p>\n<p><strong>CORRISPONDENTE CONSOLARE PER L&#8217;ISOLA DI PASQUA<\/strong><\/p>\n<p>Sig. Enzo Moglia<\/p>\n<p>Indirizzo: Avenida Miru s\/n. Fondazione Planetario Rapanui &#8211; Rapanui<br \/>\nTelefono Cellulare: +56 9 33871984 <img loading=\"lazy\" decoding=\"async\" class=\"alignnone\" title=\"Call: +56 9 33871984\" src=\"data:image\/png;base64,iVBORw0KGgoAAAANSUhEUgAAABAAAAAQCAYAAAAf8\/9hAAAACXBIWXMAAA7EAAAOxAGVKw4bAAAAIGNIUk0AAHolAACAgwAA+f8AAIDpAAB1MAAA6mAAADqYAAAXb5JfxUYAAAKLSURBVHjadJPfS5NhFMe\/21xvuhXRyJAZroiSrJnbRdT7vrAf5HBaK5RABmEEwQIvkpZ\/QRcWXdSFw5soKaF0F7qZeLO13mGBDpQsf5CoxVKHOt0Pctp2uvEdrzG\/V+c553w\/54HnPDIiQiGpPMETABoB2AAYd9MRAMMAvGmX+RcAyAoBVJ7gZQDtABworH4AHWmX+bOMZdkjCoXiUzabvcAwzPSsob5p\/VTNY9GcdpnxdmYZ9wJThSCtCr1e\/4XjuNPd3d1KjUZzaGbI27ysqzGQoggAsLa1A7ehArrDxfDNr0oBlQB+wmKxbJFEL968SxoamsjkHaPU9l9piUo6A0RE1DG2QCWdASrpDAzJM5kMI8XecdjVxfEl+K9dxFgsgUvvR6HyBKHyBAEATyKLeGSsENuNcqk5kUjEGm7fzcYqr0ClVODl99+YXEvl6+c1amjVe+ahiGGYaUEQKnmeh91uL43rqheixjpdmzCL11er0PcjhrTLvMfUJsyKYUSeyWQ6enp6tgCgrKxsfbP8bB8AdE1G89cOReMAgOv+Cag8QXRNRkXAsDwcDr+am5tLCYKA3t7eo2dG+1vVK\/MfpRPtA+MIReMYaKj+\/xm9MiICx3EmpVL5wefzFavValis1u1vvHMkdfykCQC0kSGUTo+Ajmnx1dSC7IGD+UUCEYGIwLKsyWazrSeTSSIiMpnNf7Ttz5+ec96fr7\/VnE0mk+QfHMzV3WjcKH\/4rEr05QGFIA6HY4llWRLPRER+v3\/HYrFMFQSIkNra2tVQKJSlfcSyLO0LECFWq3XF6XRGA4HAptTsdrsXeZ6fEHtl+31nAOA4rkUulz\/I5XL63dQGgHEAN8Ph8AYA\/BsAt4ube4GblQIAAAAASUVORK5CYII=\" alt=\"\" width=\"16\" height=\"16\" \/><br \/>\nE-mail: <a href=\"mailto:consolato.isola.di.pasqua@gmail.com\">consolato.isola.di.pasqua@gmail.com<\/a> &#8211; <a href=\"mailto:enzo.moglia@gmail.com\">enzo.moglia@gmail.com<\/a><\/p>\n<\/div>\n<div>\n<p>&nbsp;<\/p>\n<p>&nbsp;<\/p>\n<\/div>\n<hr \/>\n<p class=\"boxLevel04\">\n","protected":false},"excerpt":{"rendered":"La Canciller\u00eda Consular de la Embajada de Italia en Chile ofrece diversos servicios a todos los italianos residentes, residentes temporales y extranjeros. Adem\u00e1s, existen en el pa\u00eds un Consulado General Honorario (Valpara\u00edso), tres Consulados Honorarios (Concepci\u00f3n, La Serena y Iquique), cuatro Viceconsulados Honorarios (Arica, Copiap\u00f3, Temuco y Punta Arenas) y un Corresponsal Consular para Isla [&hellip;]","protected":false},"author":1,"featured_media":0,"parent":162,"menu_order":8,"comment_status":"closed","ping_status":"closed","template":"","meta":{"footnotes":""},"class_list":["post-178","page","type-page","status-publish","hentry"],"_links":{"self":[{"href":"https:\/\/ambsantiago.esteri.it\/es\/wp-json\/wp\/v2\/pages\/178","targetHints":{"allow":["GET"]}}],"collection":[{"href":"https:\/\/ambsantiago.esteri.it\/es\/wp-json\/wp\/v2\/pages"}],"about":[{"href":"https:\/\/ambsantiago.esteri.it\/es\/wp-json\/wp\/v2\/types\/page"}],"author":[{"embeddable":true,"href":"https:\/\/ambsantiago.esteri.it\/es\/wp-json\/wp\/v2\/users\/1"}],"replies":[{"embeddable":true,"href":"https:\/\/ambsantiago.esteri.it\/es\/wp-json\/wp\/v2\/comments?post=178"}],"version-history":[{"count":7,"href":"https:\/\/ambsantiago.esteri.it\/es\/wp-json\/wp\/v2\/pages\/178\/revisions"}],"predecessor-version":[{"id":11330,"href":"https:\/\/ambsantiago.esteri.it\/es\/wp-json\/wp\/v2\/pages\/178\/revisions\/11330"}],"up":[{"embeddable":true,"href":"https:\/\/ambsantiago.esteri.it\/es\/wp-json\/wp\/v2\/pages\/162"}],"wp:attachment":[{"href":"https:\/\/ambsantiago.esteri.it\/es\/wp-json\/wp\/v2\/media?parent=178"}],"curies":[{"name":"wp","href":"https:\/\/api.w.org\/{rel}","templated":true}]}}