{"id":177,"date":"2023-04-11T18:07:19","date_gmt":"2023-04-11T22:07:19","guid":{"rendered":"https:\/\/ambsantiago.esteri.it\/chi-siamo\/numeri-di-emergenza\/"},"modified":"2026-01-15T17:43:50","modified_gmt":"2026-01-15T20:43:50","slug":"numeri-di-emergenza","status":"publish","type":"page","link":"https:\/\/ambsantiago.esteri.it\/es\/chi-siamo\/numeri-di-emergenza\/","title":{"rendered":"N\u00fameros de emergencia"},"content":{"rendered":"<div>\n<p style=\"text-align: center;\"><strong>+56 97809 8998\u00a0 (desde Italia 0056 97809 8998)<\/strong><\/p>\n<\/div>\n<p style=\"text-align: justify;\">El n\u00famero puede ser marcado solamente en los casos de m\u00e1ximas y efectivas urgencias personales (<strong>NO CONSULTAS CONSULARES<\/strong>) y es activo desde el horario de cierre de las oficinas hasta las 22.00 horas en los d\u00edas h\u00e1biles y los fines de semanas y durante los d\u00edas feriados desde las 9.00 a las 22.00.<\/p>\n<div>\n<p style=\"text-align: justify;\">En todos los otros d\u00edas y horarios, siempre y solo para emergencias serias, es posibile marcar el n\u00famero +39 06 3691 2790.<\/p>\n<p style=\"text-align: justify;\">Para informaciones especificas sobre los servicios consulare que no estuvieran contenidas en la p\u00e1gina web de la Embajada es posible escribir a <a href=\"mailto:consolato.santiago@esteri.it\">consolato.santiago@esteri.it<\/a><\/p>\n<p style=\"text-align: justify;\">Para emergencias en lugares distintos de la capital es posible contactar la red de consulados y viceconsulados honorarios, haciendo clic <a href=\"https:\/\/ambsantiago.esteri.it\/es\/chi-siamo\/la-rete-consolare\/\">AQU\u00cd<\/a>.<\/p>\n<p style=\"text-align: justify;\">\n<\/div>\n<p>Se recomienda consultar la p\u00e1gina <a href=\"https:\/\/www.viaggiaresicuri.it\/find-country\/country\/CHL\">Viaggiare Sicuri<\/a> antes de partir hacia Chile.<\/p>\n<p style=\"text-align: justify;\">\n","protected":false},"excerpt":{"rendered":"+56 97809 8998\u00a0 (desde Italia 0056 97809 8998) El n\u00famero puede ser marcado solamente en los casos de m\u00e1ximas y efectivas urgencias personales (NO CONSULTAS CONSULARES) y es activo desde el horario de cierre de las oficinas hasta las 22.00 horas en los d\u00edas h\u00e1biles y los fines de semanas y durante los d\u00edas feriados [&hellip;]","protected":false},"author":1,"featured_media":0,"parent":162,"menu_order":6,"comment_status":"closed","ping_status":"closed","template":"","meta":{"footnotes":""},"class_list":["post-177","page","type-page","status-publish","hentry"],"_links":{"self":[{"href":"https:\/\/ambsantiago.esteri.it\/es\/wp-json\/wp\/v2\/pages\/177","targetHints":{"allow":["GET"]}}],"collection":[{"href":"https:\/\/ambsantiago.esteri.it\/es\/wp-json\/wp\/v2\/pages"}],"about":[{"href":"https:\/\/ambsantiago.esteri.it\/es\/wp-json\/wp\/v2\/types\/page"}],"author":[{"embeddable":true,"href":"https:\/\/ambsantiago.esteri.it\/es\/wp-json\/wp\/v2\/users\/1"}],"replies":[{"embeddable":true,"href":"https:\/\/ambsantiago.esteri.it\/es\/wp-json\/wp\/v2\/comments?post=177"}],"version-history":[{"count":6,"href":"https:\/\/ambsantiago.esteri.it\/es\/wp-json\/wp\/v2\/pages\/177\/revisions"}],"predecessor-version":[{"id":12032,"href":"https:\/\/ambsantiago.esteri.it\/es\/wp-json\/wp\/v2\/pages\/177\/revisions\/12032"}],"up":[{"embeddable":true,"href":"https:\/\/ambsantiago.esteri.it\/es\/wp-json\/wp\/v2\/pages\/162"}],"wp:attachment":[{"href":"https:\/\/ambsantiago.esteri.it\/es\/wp-json\/wp\/v2\/media?parent=177"}],"curies":[{"name":"wp","href":"https:\/\/api.w.org\/{rel}","templated":true}]}}