{"id":176,"date":"2023-04-11T18:01:19","date_gmt":"2023-04-11T22:01:19","guid":{"rendered":"https:\/\/ambsantiago.esteri.it\/chi-siamo\/gli-uffici\/"},"modified":"2026-04-08T14:01:36","modified_gmt":"2026-04-08T18:01:36","slug":"gli-uffici","status":"publish","type":"page","link":"https:\/\/ambsantiago.esteri.it\/es\/chi-siamo\/gli-uffici\/","title":{"rendered":"Las oficinas"},"content":{"rendered":"<p style=\"text-align: center;\"><strong>La Embajada de Italia en Santiago<\/strong><\/p>\n<p style=\"text-align: center;\">Embajada de Italia en Santiago<\/p>\n<p style=\"text-align: center;\">Clemente Fabres 1050 \u2013 Providencia \u2013 Santiago<\/p>\n<p style=\"text-align: center;\">Tel. +56 \u2013 2 \u2013 24708400<\/p>\n<p style=\"text-align: center;\">E-mail: <a href=\"mailto:info.santiago@esteri.it\">info.santiago@esteri.it<\/a><\/p>\n<p style=\"text-align: center;\">PEC: <a href=\"mailto:amb.santiago@cert.esteri.it\">amb.santiago@cert.esteri.it<\/a> &#8211; <a href=\"mailto:amb.santiago.consolare@cert.esteri.it\">amb.santiago.consolare@cert.esteri.it<\/a><\/p>\n<table class=\" aligncenter\" width=\"635\">\n<tbody>\n<tr>\n<td style=\"text-align: center;\" width=\"205\">Jefe de Misi\u00f3n<\/td>\n<td style=\"text-align: center;\" width=\"150\">Embajadora\u00a0 Valeria Biagiotti<\/td>\n<td style=\"text-align: center;\" width=\"280\"><a href=\"mailto:segreteria.santiago@esteri.it\">segreteria.santiago@esteri.it<\/a><\/td>\n<\/tr>\n<tr>\n<td style=\"text-align: center;\" width=\"205\">Jefe de Misi\u00f3n Adjunto y Jefe de la Oficina Pol\u00edtica<\/td>\n<td style=\"text-align: center;\" width=\"150\">Consejero de Legaci\u00f3n<br \/>\nRaffaele Calluso<\/td>\n<td style=\"text-align: center;\" width=\"280\">Tel. +56 \u2013 2 \u2013 24708400<br \/>\n<a href=\"mailto:segreteria.santiago@esteri.it\">segreteria.santiago@esteri.it<\/a><\/td>\n<\/tr>\n<tr>\n<td style=\"text-align: center;\" width=\"205\">Oficina Comercial, Cultural y de Prensa<\/td>\n<td style=\"text-align: center;\" width=\"150\">Secretaria de Legaci\u00f3n<br \/>\nAlthea Cenciarelli<\/td>\n<td style=\"text-align: center;\" width=\"280\"><a href=\"mailto:commerciale.santiago@esteri.it\">ambsantiago.commerciale@esteri.it<\/a><\/p>\n<p><a href=\"mailto:ambsantiago.stampa@esteri.it\">ambsantiago.stampa@esteri.it<\/a><\/td>\n<\/tr>\n<tr>\n<td style=\"text-align: center;\" width=\"205\">Oficina Consular<\/td>\n<td style=\"text-align: center;\" width=\"150\">Jefa de la Canciller\u00eda Consular<br \/>\nFrancesca Siega<\/td>\n<td style=\"text-align: center;\" width=\"280\"><span class=\"baec5a81-e4d6-4674-97f3-e9220f0136c1\">Tel. +56 &#8211; 2 &#8211; 2470 8441<\/span><\/p>\n<p>de las 10.00 a las 12.00 horas<\/p>\n<p><a href=\"mailto:consolato.santiago@esteri.it\">consolato.santiago@esteri.it<\/a><\/td>\n<\/tr>\n<tr>\n<td style=\"text-align: center;\" width=\"205\">Oficina Administrativa<\/td>\n<td style=\"text-align: center;\" width=\"150\">Jefa de la Oficina Administrativa Laura Marcato<\/td>\n<td style=\"text-align: center;\" width=\"280\"><a href=\"mailto:contabilita.santiago@esteri.it\">contabilita.santiago@esteri.it<\/a><\/td>\n<\/tr>\n<tr>\n<td style=\"text-align: center;\" width=\"205\">Oficina Escolar<\/td>\n<td style=\"text-align: center;\" width=\"150\">Jefe de la Oficina Prof. Gianfranco Rosso<\/td>\n<td style=\"text-align: center;\" width=\"280\">Tel. +56 \u2013 2 \u2013 2470 8416<br \/>\n<a href=\"mailto:info.santiago@esteri.it\">info.santiago@esteri.it<\/a><\/td>\n<\/tr>\n<tr>\n<td style=\"text-align: center;\" width=\"205\">Agregado de Defensa<\/td>\n<td style=\"text-align: center;\" width=\"150\">Coronel Francesco Tanda<\/td>\n<td style=\"text-align: center;\" width=\"280\">Tel. +54 \u2013 11 \u2013 4787 2235<br \/>\nFax. +54 \u2013 11 \u2013 4787 2135<br \/>\n<a href=\"mailto:difeitalia.buenosaires@smd.difesa.it\">difeitalia.buenosaires@smd.difesa.it<\/a><\/td>\n<\/tr>\n<tr>\n<td style=\"text-align: center;\" width=\"205\">ICE \u2013 Agencia para la Promoci\u00f3n Exterior y la Internacionalizaci\u00f3n de las Empresas Italianas<\/td>\n<td style=\"text-align: center;\" width=\"150\">Directora Alessandra Marcarino<\/td>\n<td style=\"text-align: center;\" width=\"280\">Tel. +56 \u2013 2 \u2013 23039330<br \/>\n<a href=\"mailto:santiago@ice.it\">santiago@ice.it<\/a><\/td>\n<\/tr>\n<\/tbody>\n<\/table>\n<table class=\" aligncenter\" style=\"height: 196px;\" width=\"636\">\n<tbody>\n<tr>\n<td width=\"205\">\n<p style=\"text-align: center;\">Instituto Italiano de Cultura<br \/>\nCalle Triana 843 Providencia \u2013 Santiago<\/p>\n<\/td>\n<td width=\"150\">\n<p style=\"text-align: center;\">Directora<br \/>\nCristina Di Giorgio<\/p>\n<\/td>\n<td width=\"280\">\n<p style=\"text-align: center;\">Tel. +56 \u2013 2 \u2013 3203 8170<br \/>\n<a href=\"mailto:iicsantiago@esteri.it\">iicsantiago@esteri.it<\/a><\/p>\n<p style=\"text-align: center;\"><a href=\"https:\/\/iicsantiago.esteri.it\/it\/\">https:\/\/iicsantiago.esteri.it\/it\/<\/a><\/p>\n<\/td>\n<\/tr>\n<tr>\n<td width=\"205\">\n<p style=\"text-align: center;\">Esperto Cient\u00edfico<\/p>\n<\/td>\n<td width=\"150\">\n<p style=\"text-align: center;\">Vacante<\/p>\n<\/td>\n<td width=\"280\">\n<p style=\"text-align: center;\">n.d.<\/p>\n<\/td>\n<\/tr>\n<\/tbody>\n<\/table>\n<p style=\"text-align: center;\">\n","protected":false},"excerpt":{"rendered":"La Embajada de Italia en Santiago Embajada de Italia en Santiago Clemente Fabres 1050 \u2013 Providencia \u2013 Santiago Tel. +56 \u2013 2 \u2013 24708400 E-mail: info.santiago@esteri.it PEC: amb.santiago@cert.esteri.it &#8211; amb.santiago.consolare@cert.esteri.it Jefe de Misi\u00f3n Embajadora\u00a0 Valeria Biagiotti segreteria.santiago@esteri.it Jefe de Misi\u00f3n Adjunto y Jefe de la Oficina Pol\u00edtica Consejero de Legaci\u00f3n Raffaele Calluso Tel. +56 \u2013 [&hellip;]","protected":false},"author":1,"featured_media":0,"parent":162,"menu_order":4,"comment_status":"closed","ping_status":"closed","template":"","meta":{"footnotes":""},"class_list":["post-176","page","type-page","status-publish","hentry"],"_links":{"self":[{"href":"https:\/\/ambsantiago.esteri.it\/es\/wp-json\/wp\/v2\/pages\/176","targetHints":{"allow":["GET"]}}],"collection":[{"href":"https:\/\/ambsantiago.esteri.it\/es\/wp-json\/wp\/v2\/pages"}],"about":[{"href":"https:\/\/ambsantiago.esteri.it\/es\/wp-json\/wp\/v2\/types\/page"}],"author":[{"embeddable":true,"href":"https:\/\/ambsantiago.esteri.it\/es\/wp-json\/wp\/v2\/users\/1"}],"replies":[{"embeddable":true,"href":"https:\/\/ambsantiago.esteri.it\/es\/wp-json\/wp\/v2\/comments?post=176"}],"version-history":[{"count":7,"href":"https:\/\/ambsantiago.esteri.it\/es\/wp-json\/wp\/v2\/pages\/176\/revisions"}],"predecessor-version":[{"id":13312,"href":"https:\/\/ambsantiago.esteri.it\/es\/wp-json\/wp\/v2\/pages\/176\/revisions\/13312"}],"up":[{"embeddable":true,"href":"https:\/\/ambsantiago.esteri.it\/es\/wp-json\/wp\/v2\/pages\/162"}],"wp:attachment":[{"href":"https:\/\/ambsantiago.esteri.it\/es\/wp-json\/wp\/v2\/media?parent=176"}],"curies":[{"name":"wp","href":"https:\/\/api.w.org\/{rel}","templated":true}]}}