{"id":175,"date":"2023-04-11T17:55:33","date_gmt":"2023-04-11T21:55:33","guid":{"rendered":"https:\/\/ambsantiago.esteri.it\/chi-siamo\/la-sede\/"},"modified":"2026-02-19T16:13:52","modified_gmt":"2026-02-19T19:13:52","slug":"la-sede","status":"publish","type":"page","link":"https:\/\/ambsantiago.esteri.it\/es\/chi-siamo\/la-sede\/","title":{"rendered":"Sede"},"content":{"rendered":"<p><strong>LA SEDE<\/strong><\/p>\n<p style=\"text-align: justify;\">La Embajada de Italia est\u00e1 ubicada en un edificio hist\u00f3rico de la comuna de Providencia, en plena ciudad de Santiago. El edificio de tres plantas, que tambi\u00e9n alberga la residencia del Jefe de Misi\u00f3n, se encuentra dentro de un \u00e1rea que abarca toda una manzana delimitada por las calles Clemente Fabres, Miguel Claro, Elena Blanco y Rom\u00e1n D\u00edaz.<\/p>\n<p style=\"text-align: justify;\">El edificio est\u00e1 rodeado por un gran parque, en el que se encuentran las oficinas de la Canciller\u00eda Consular y la Oficina del ITA en Santiago.<\/p>\n<p style=\"text-align: justify;\">El edificio fue construido en la segunda mitad del siglo XIX y perteneci\u00f3 a destacadas personalidades de la sociedad chilena, como Manuel Antonio Maira, marido de una de las hermanas Morla, protagonistas de la novela de Isabel Allende \u00abLa casa de los esp\u00edritus\u00bb, y la familia Edwards. Desde 1953 el edificio alberga la Residencia del Embajador de Italia y desde el 2 de junio de 1986 es tambi\u00e9n sede de la Embajada.<\/p>\n<p style=\"text-align: justify;\">En los dos a\u00f1os que siguieron al golpe de 1973, la Residencia &#8211; gracias a la valent\u00eda de los funcionarios de la \u00e9poca &#8211; ofreci\u00f3 refugio a m\u00e1s de 700 solicitantes de asilo que buscaban un salvoconducto para huir de Chile.<\/p>\n<p>=== MULTIMEDIA ===<\/p>\n<p><a href=\"http:\/\/www.arcoiris.tv\/scheda\/it\/4945\/\">Documentario: Calle Miguel Claro 1359<\/a><\/p>\n<p><a href=\"https:\/\/www.giornalediplomatico.it\/Golpe-Cile-1973-amb-De-Masi-con-43-biglietti-aerei-per-aprire-via-dellaesilio-a-600-cileni.htm\"><span style=\"color: #000040;\">Golpe Cile 1973: amb. De Masi con 43 biglietti aerei per aprire via dell\u2019esilio a 600 cileni<\/span><\/a><\/p>\n<p><a href=\"http:\/\/baldi.diplomacy.edu\/diplo\/texts\/Ambasciata_Santiago_Cile.pdf\">Libro sull\u2019 Ambasciata d\u2019Italia a Santiago<\/a><\/p>\n<p><a href=\"https:\/\/torino.corriere.it\/cultura\/18_dicembre_01\/tff-gran-finale-nanni-moretti-suo-santiago-italia-sold-out-fabf1a30-f55c-11e8-9c84-9babb02b8ffd.shtml\">Santiago-Italia di Nanni Moretti<\/a> (articolo Corriere della Sera)<\/p>\n<p>&nbsp;<\/p>\n","protected":false},"excerpt":{"rendered":"LA SEDE La Embajada de Italia est\u00e1 ubicada en un edificio hist\u00f3rico de la comuna de Providencia, en plena ciudad de Santiago. El edificio de tres plantas, que tambi\u00e9n alberga la residencia del Jefe de Misi\u00f3n, se encuentra dentro de un \u00e1rea que abarca toda una manzana delimitada por las calles Clemente Fabres, Miguel Claro, [&hellip;]","protected":false},"author":1,"featured_media":0,"parent":162,"menu_order":2,"comment_status":"closed","ping_status":"closed","template":"","meta":{"footnotes":""},"class_list":["post-175","page","type-page","status-publish","hentry"],"_links":{"self":[{"href":"https:\/\/ambsantiago.esteri.it\/es\/wp-json\/wp\/v2\/pages\/175","targetHints":{"allow":["GET"]}}],"collection":[{"href":"https:\/\/ambsantiago.esteri.it\/es\/wp-json\/wp\/v2\/pages"}],"about":[{"href":"https:\/\/ambsantiago.esteri.it\/es\/wp-json\/wp\/v2\/types\/page"}],"author":[{"embeddable":true,"href":"https:\/\/ambsantiago.esteri.it\/es\/wp-json\/wp\/v2\/users\/1"}],"replies":[{"embeddable":true,"href":"https:\/\/ambsantiago.esteri.it\/es\/wp-json\/wp\/v2\/comments?post=175"}],"version-history":[{"count":6,"href":"https:\/\/ambsantiago.esteri.it\/es\/wp-json\/wp\/v2\/pages\/175\/revisions"}],"predecessor-version":[{"id":12532,"href":"https:\/\/ambsantiago.esteri.it\/es\/wp-json\/wp\/v2\/pages\/175\/revisions\/12532"}],"up":[{"embeddable":true,"href":"https:\/\/ambsantiago.esteri.it\/es\/wp-json\/wp\/v2\/pages\/162"}],"wp:attachment":[{"href":"https:\/\/ambsantiago.esteri.it\/es\/wp-json\/wp\/v2\/media?parent=175"}],"curies":[{"name":"wp","href":"https:\/\/api.w.org\/{rel}","templated":true}]}}