{"id":174,"date":"2023-04-11T17:53:01","date_gmt":"2023-04-11T21:53:01","guid":{"rendered":"https:\/\/ambsantiago.esteri.it\/chi-siamo\/lambasciatore\/"},"modified":"2025-06-09T12:39:25","modified_gmt":"2025-06-09T16:39:25","slug":"lambasciatore","status":"publish","type":"page","link":"https:\/\/ambsantiago.esteri.it\/es\/chi-siamo\/lambasciatore\/","title":{"rendered":"La Embajadora"},"content":{"rendered":"<div>\n<p><img loading=\"lazy\" decoding=\"async\" class=\"alignnone size-medium wp-image-623 img-fluid\" src=\"https:\/\/ambsantiago.esteri.it\/wp-content\/uploads\/2023\/09\/Biagiotti_def-300x204.jpg\" alt=\"\" width=\"300\" height=\"204\" srcset=\"https:\/\/ambsantiago.esteri.it\/wp-content\/uploads\/2023\/09\/Biagiotti_def-300x204.jpg 300w, https:\/\/ambsantiago.esteri.it\/wp-content\/uploads\/2023\/09\/Biagiotti_def-1024x696.jpg 1024w, https:\/\/ambsantiago.esteri.it\/wp-content\/uploads\/2023\/09\/Biagiotti_def-768x522.jpg 768w, https:\/\/ambsantiago.esteri.it\/wp-content\/uploads\/2023\/09\/Biagiotti_def.jpg 1152w\" sizes=\"auto, (max-width: 300px) 100vw, 300px\" \/><\/p>\n<p><strong>Valeria Biagiotti<\/strong> es la Embajadora de Italia en Chile.<\/p>\n<p>Naci\u00f3 en Florencia el 29 de mayo de 1970. Licenciada en Ciencias Pol\u00edticas por la Universidad de Florencia en 1994 y especializada con un M\u00e1ster en Ciencias Pol\u00edticas y Administrativas Europeas por el Colegio de Europa de Brujas en 1995, fue nombrada Voluntaria de la carrera diplom\u00e1tica el 29 de diciembre de 1997.<\/p>\n<p>Tras un primer destino en la Direcci\u00f3n General de Cooperaci\u00f3n al Desarrollo, en 2001 asumi\u00f3 el cargo de Segunda Secretaria de Comercio en Belgrado.<\/p>\n<p>En 2005, asumi\u00f3 el cargo de Primera Secretaria en la Representaci\u00f3n Permanente de Italia ante el Consejo de Europa en Estrasburgo. En 2007 fue confirmada en Estrasburgo como Consejera.<\/p>\n<p>En 2008 regres\u00f3 a Roma a la Unidad de An\u00e1lisis, Programaci\u00f3n y Documentaci\u00f3n Hist\u00f3rico-Diplom\u00e1tica de la Secretar\u00eda General.<\/p>\n<p>En 2014 fue nombrada Primera Consejera en la Representaci\u00f3n Permanente de Italia ante las Naciones Unidas, donde participa en los trabajos de la Asamblea General sobre asuntos econ\u00f3micos y administrativos.<\/p>\n<p>En 2017 fue nombrada Embajadora de Italia en Chisinau (Moldavia).<\/p>\n<p>En 2021, regres\u00f3 a Roma a la Direcci\u00f3n General de Asuntos Pol\u00edticos y de Seguridad, asumiendo el mando del Grupo de Trabajo Ministerial para la Presidencia italiana del Comit\u00e9 de Ministros del Consejo de Europa.<\/p>\n<p>A partir de 2022, es Coordinadora de la Reforma de la ONU y punto focal del Ministerio para la iniciativa ONU Mujeres, Paz y Seguridad.<\/p>\n<p>En 2023, fue nombrada Embajadora de Italia en Santiago de Chile.<\/p>\n<p><em>En 2007, fue nombrada Caballero de la Orden del M\u00e9rito de la Rep\u00fablica Italiana.<\/em><\/p>\n<p><em>Es doctor honoris causa por la Universitatea Pedagogica de Stat, en Chisinau.<\/em><\/p>\n<\/div>\n","protected":false},"excerpt":{"rendered":"Valeria Biagiotti es la Embajadora de Italia en Chile. Naci\u00f3 en Florencia el 29 de mayo de 1970. Licenciada en Ciencias Pol\u00edticas por la Universidad de Florencia en 1994 y especializada con un M\u00e1ster en Ciencias Pol\u00edticas y Administrativas Europeas por el Colegio de Europa de Brujas en 1995, fue nombrada Voluntaria de la carrera [&hellip;]","protected":false},"author":1,"featured_media":0,"parent":162,"menu_order":0,"comment_status":"closed","ping_status":"closed","template":"","meta":{"footnotes":""},"class_list":["post-174","page","type-page","status-publish","hentry"],"_links":{"self":[{"href":"https:\/\/ambsantiago.esteri.it\/es\/wp-json\/wp\/v2\/pages\/174","targetHints":{"allow":["GET"]}}],"collection":[{"href":"https:\/\/ambsantiago.esteri.it\/es\/wp-json\/wp\/v2\/pages"}],"about":[{"href":"https:\/\/ambsantiago.esteri.it\/es\/wp-json\/wp\/v2\/types\/page"}],"author":[{"embeddable":true,"href":"https:\/\/ambsantiago.esteri.it\/es\/wp-json\/wp\/v2\/users\/1"}],"replies":[{"embeddable":true,"href":"https:\/\/ambsantiago.esteri.it\/es\/wp-json\/wp\/v2\/comments?post=174"}],"version-history":[{"count":6,"href":"https:\/\/ambsantiago.esteri.it\/es\/wp-json\/wp\/v2\/pages\/174\/revisions"}],"predecessor-version":[{"id":9429,"href":"https:\/\/ambsantiago.esteri.it\/es\/wp-json\/wp\/v2\/pages\/174\/revisions\/9429"}],"up":[{"embeddable":true,"href":"https:\/\/ambsantiago.esteri.it\/es\/wp-json\/wp\/v2\/pages\/162"}],"wp:attachment":[{"href":"https:\/\/ambsantiago.esteri.it\/es\/wp-json\/wp\/v2\/media?parent=174"}],"curies":[{"name":"wp","href":"https:\/\/api.w.org\/{rel}","templated":true}]}}