{"id":165,"date":"2023-04-11T17:08:57","date_gmt":"2023-04-11T21:08:57","guid":{"rendered":"https:\/\/ambsantiago.esteri.it\/servizi-consolari-e-visti\/"},"modified":"2025-03-12T10:11:16","modified_gmt":"2025-03-12T13:11:16","slug":"servizi-consolari-e-visti","status":"publish","type":"page","link":"https:\/\/ambsantiago.esteri.it\/es\/servizi-consolari-e-visti\/","title":{"rendered":"Servicios Consulares y Visas"},"content":{"rendered":"<p><strong>Bienvenido<\/strong> a la secci\u00f3n de <strong>servicios consulares<\/strong>.<\/p>\n<p>Nuestro principal objetivo es garantizar un <strong>servicio de calidad<\/strong>, esforz\u00e1ndonos cada d\u00eda por satisfacer las necesidades personales de nuestros compatriotas.<\/p>\n<p>Para obtener m\u00e1s informaci\u00f3n sobre nuestros servicios consulares, haga clic en <strong>servicios para ciudadanos italianos si posee la ciudadan\u00eda italiana<\/strong>.<\/p>\n<p>Para los ciudadanos chilenos en general y los que a\u00fan no han obtenido la ciudadan\u00eda italiana, la informaci\u00f3n est\u00e1 disponible en la secci\u00f3n <strong>servicios para extranjeros<\/strong>.<\/p>\n<p>Si tiene alguna duda, no dude en contactarnos enviando un correo electr\u00f3nico a <a href=\"mailto:consolato.santiago@esteri.it\">consolato.santiago@esteri.it<\/a> o llamando al n\u00famero <span class=\"baec5a81-e4d6-4674-97f3-e9220f0136c1\"><strong>+56 2 2470 8441<\/strong> de las 10.00 a las 12.00 horas desde el lunes hasta el viernes.\u00a0<\/span><\/p>\n<p>Sin perjuicio de los servicios con cita previa, la Canciller\u00eda Consular est\u00e1 abierta al p\u00fablico <strong>de lunes a viernes de 9.00 a 12.00 horas<\/strong>.<\/p>\n","protected":false},"excerpt":{"rendered":"Bienvenido a la secci\u00f3n de servicios consulares. Nuestro principal objetivo es garantizar un servicio de calidad, esforz\u00e1ndonos cada d\u00eda por satisfacer las necesidades personales de nuestros compatriotas. Para obtener m\u00e1s informaci\u00f3n sobre nuestros servicios consulares, haga clic en servicios para ciudadanos italianos si posee la ciudadan\u00eda italiana. Para los ciudadanos chilenos en general y los [&hellip;]","protected":false},"author":1,"featured_media":0,"parent":0,"menu_order":6,"comment_status":"closed","ping_status":"closed","template":"","meta":{"footnotes":""},"class_list":["post-165","page","type-page","status-publish","hentry"],"_links":{"self":[{"href":"https:\/\/ambsantiago.esteri.it\/es\/wp-json\/wp\/v2\/pages\/165","targetHints":{"allow":["GET"]}}],"collection":[{"href":"https:\/\/ambsantiago.esteri.it\/es\/wp-json\/wp\/v2\/pages"}],"about":[{"href":"https:\/\/ambsantiago.esteri.it\/es\/wp-json\/wp\/v2\/types\/page"}],"author":[{"embeddable":true,"href":"https:\/\/ambsantiago.esteri.it\/es\/wp-json\/wp\/v2\/users\/1"}],"replies":[{"embeddable":true,"href":"https:\/\/ambsantiago.esteri.it\/es\/wp-json\/wp\/v2\/comments?post=165"}],"version-history":[{"count":6,"href":"https:\/\/ambsantiago.esteri.it\/es\/wp-json\/wp\/v2\/pages\/165\/revisions"}],"predecessor-version":[{"id":7826,"href":"https:\/\/ambsantiago.esteri.it\/es\/wp-json\/wp\/v2\/pages\/165\/revisions\/7826"}],"wp:attachment":[{"href":"https:\/\/ambsantiago.esteri.it\/es\/wp-json\/wp\/v2\/media?parent=165"}],"curies":[{"name":"wp","href":"https:\/\/api.w.org\/{rel}","templated":true}]}}