{"id":163,"date":"2023-04-11T17:08:52","date_gmt":"2023-04-11T21:08:52","guid":{"rendered":"https:\/\/ambsantiago.esteri.it\/italia-e-cile\/"},"modified":"2024-07-03T09:26:57","modified_gmt":"2024-07-03T13:26:57","slug":"italia-e-cile","status":"publish","type":"page","link":"https:\/\/ambsantiago.esteri.it\/es\/italia-e-cile\/","title":{"rendered":"Italia y Cile"},"content":{"rendered":"<p style=\"text-align: justify;\">Chile es una Rep\u00fablica presidencial compuesta por 15 regiones m\u00e1s el \u00e1rea metropolitana de Santiago.<\/p>\n<p style=\"text-align: justify;\">El Presidente de la Rep\u00fablica es el jefe del Poder Ejecutivo y es elegido por sufragio universal por cuatro a\u00f1os sin posibilidad de mandato consecutivo. El actual Presidente de la Rep\u00fablica es Gabriel Boric, en el cargo desde marzo de 2022.<\/p>\n<p style=\"text-align: justify;\">El Poder Legislativo recae en el Parlamento, compuesto por la C\u00e1mara de Diputados (155 miembros con un mandato de 4 a\u00f1os), y el Senado (50 miembros con un mandato de 8 a\u00f1os) que se renueva parcialmente cada cuatro a\u00f1os.<\/p>\n<p style=\"text-align: justify;\">Tras las masivas manifestaciones populares de octubre de 2019 (el llamado \u00abestallido social\u00bb), las fuerzas pol\u00edticas chilenas alcanzaron un acuerdo para poner en marcha una campa\u00f1a constituyente. Sin embargo, las dos propuestas separadas de nuevas cartas constitucionales, que fueron objeto de referendos el 4 de septiembre de 2022 y el 17 de diciembre de 2023, respectivamente, fueron rechazadas por la poblaci\u00f3n.<\/p>\n","protected":false},"excerpt":{"rendered":"Chile es una Rep\u00fablica presidencial compuesta por 15 regiones m\u00e1s el \u00e1rea metropolitana de Santiago. El Presidente de la Rep\u00fablica es el jefe del Poder Ejecutivo y es elegido por sufragio universal por cuatro a\u00f1os sin posibilidad de mandato consecutivo. El actual Presidente de la Rep\u00fablica es Gabriel Boric, en el cargo desde marzo de [&hellip;]","protected":false},"author":1,"featured_media":0,"parent":0,"menu_order":4,"comment_status":"closed","ping_status":"closed","template":"","meta":{"footnotes":""},"class_list":["post-163","page","type-page","status-publish","hentry"],"_links":{"self":[{"href":"https:\/\/ambsantiago.esteri.it\/es\/wp-json\/wp\/v2\/pages\/163","targetHints":{"allow":["GET"]}}],"collection":[{"href":"https:\/\/ambsantiago.esteri.it\/es\/wp-json\/wp\/v2\/pages"}],"about":[{"href":"https:\/\/ambsantiago.esteri.it\/es\/wp-json\/wp\/v2\/types\/page"}],"author":[{"embeddable":true,"href":"https:\/\/ambsantiago.esteri.it\/es\/wp-json\/wp\/v2\/users\/1"}],"replies":[{"embeddable":true,"href":"https:\/\/ambsantiago.esteri.it\/es\/wp-json\/wp\/v2\/comments?post=163"}],"version-history":[{"count":3,"href":"https:\/\/ambsantiago.esteri.it\/es\/wp-json\/wp\/v2\/pages\/163\/revisions"}],"predecessor-version":[{"id":4320,"href":"https:\/\/ambsantiago.esteri.it\/es\/wp-json\/wp\/v2\/pages\/163\/revisions\/4320"}],"wp:attachment":[{"href":"https:\/\/ambsantiago.esteri.it\/es\/wp-json\/wp\/v2\/media?parent=163"}],"curies":[{"name":"wp","href":"https:\/\/api.w.org\/{rel}","templated":true}]}}