{"id":1621,"date":"2023-05-26T13:01:47","date_gmt":"2023-05-26T17:01:47","guid":{"rendered":"https:\/\/ambsantiago.esteri.it\/?page_id=1621"},"modified":"2026-03-27T15:25:35","modified_gmt":"2026-03-27T18:25:35","slug":"ciuadadania-por-descendencia-2","status":"publish","type":"page","link":"https:\/\/ambsantiago.esteri.it\/es\/servizi-consolari-e-visti\/servizi-per-il-cittadino-straniero\/cittadinanza\/ciuadadania-por-descendencia-2\/","title":{"rendered":"Ciudadan\u00eda por descendencia &#8211; Solicitudes de personas mayores de edad"},"content":{"rendered":"<p style=\"text-align: justify;\">La ciudadan\u00eda italiana se basa en el principio del <strong><em>ius sanguinis<\/em><\/strong> (es decir, la transmisi\u00f3n de la ciudadan\u00eda por descendencia), seg\u00fan el cual el hijo nacido de padre italiano o de madre italiana es italiano. Sin embargo, se debe tener presente que la madre ciudadana transmite la ciudadan\u00eda a sus hijos solamente a partir del 1 de enero de 1948, como resultado de una sentencia espec\u00edfica del Tribunal Constitucional. <u>La Ley n. 74 del 23 de mayo de 2025 no modifica este principio fundamental, pero lo matiza, vincul\u00e1ndolo a la existencia de lazos efectivos y actuales con Italia<\/u>.<\/p>\n<p data-start=\"73\" data-end=\"224\">Por lo tanto, conforme a la ley n. 91 de 1992, en su versi\u00f3n modificada, se reconoce como ciudadano italiano <em data-start=\"183\" data-end=\"199\">iure sanguinis<\/em> (desde el nacimiento) a:<\/p>\n<ul>\n<li data-start=\"228\" data-end=\"322\">el solicitante cuyo padre o madre sea ciudadano italiano, <strong>nacido en Italia<\/strong> en cualquier fecha;<\/li>\n<li data-start=\"228\" data-end=\"322\">el solicitante que posee exclusivamente la ciudadan\u00eda italiana, es decir, que <strong data-start=\"403\" data-end=\"430\">no tiene ni puede tener<\/strong> <strong>ninguna otra ciudadan\u00eda<\/strong>;<\/li>\n<li data-start=\"228\" data-end=\"322\">el solicitante que se encuentra en <strong data-start=\"493\" data-end=\"513\">uno de los casos<\/strong> enumerados en las letras <strong data-start=\"539\" data-end=\"566\">a), a-bis), b), c) y d)<\/strong> <strong>del art\u00edculo 3-bis<\/strong>.<\/li>\n<\/ul>\n<p style=\"text-align: center;\"><strong>REQUISITOS<\/strong><\/p>\n<p style=\"text-align: justify;\">El nuevo marco normativo establece que las personas nacidas en el extranjero y que poseen otra ciudadan\u00eda no transmiten autom\u00e1ticamente la italiana, salvo que se cumplan ciertos requisitos espec\u00edficos indicados en el nuevo art\u00edculo 3-bis.<\/p>\n<p style=\"text-align: justify;\">Por lo tanto, la ciudadan\u00eda italiana <em>iure sanguinis<\/em> puede ahora ser reconocida a quienes hayan nacido en el extranjero cuando el solicitante cumpla con uno de los siguientes requisitos:<\/p>\n<ol style=\"text-align: justify;\">\n<li><strong>Tener un ascendiente de primer grado (progenitor, tambi\u00e9n adoptivo) o de segundo grado (abuelo o abuela) que posea, o haya pose\u00eddo <span style=\"text-decoration: underline;\">exclusivamente<\/span> la ciudadan\u00eda italiana al momento de su fallecimiento; o<\/strong><\/li>\n<li><strong>Tener un padre, madre o adoptante que haya residido en Italia por al menos dos a\u00f1os continuos despu\u00e9s de haber adquirido la ciudadan\u00eda italiana y antes de la fecha de nacimiento o adopci\u00f3n del hijo.<\/strong><\/li>\n<\/ol>\n<p style=\"text-align: justify;\">En el caso n. 1, <u>corresponde al solicitante<\/u> demostrar de manera inequ\u00edvoca que los ascendientes mencionados no poseen (o no pose\u00edan al momento de su fallecimiento, si este ocurri\u00f3 antes del nacimiento del interesado) otras ciudadan\u00edas aparte de la italiana. Se podr\u00e1n presentar <u>certificados negativos de ciudadan\u00eda, declaraciones de renuncia, certificados de no inscripci\u00f3n en registros electorales y cualquier otro documento que sirva<\/u> para probar lo exigido por la ley. No ser\u00e1n suficientes las simples declaraciones personales.<\/p>\n<p style=\"text-align: justify;\">En el caso n. 2, la residencia deber\u00e1 probarse mediante un <u>certificado hist\u00f3rico de residencia emitido por la Municipalidad competente<\/u>. Basta con que uno de los padres haya residido en Italia, pero solo se considerar\u00e1n los padres que sean ciudadanos italianos. La residencia debe haber sido de al menos dos a\u00f1os continuos antes del nacimiento del solicitante. No se considerar\u00e1 la residencia de padres extranjeros en Italia. En el caso de un progenitor ciudadano italiano <em>iure sanguinis<\/em> que haya obtenido el reconocimiento de su ciudadan\u00eda italiana <u>despu\u00e9s<\/u> del periodo de residencia en Italia, el requisito de residencia se considerar\u00e1 igualmente cumplido y el hijo podr\u00e1 obtener el reconocimiento de la ciudadan\u00eda italiana.<\/p>\n<p style=\"text-align: justify;\">La normativa anterior seguir\u00e1 ser aplicada a quienes hayan nacido en el extranjero cuando el solicitante:<\/p>\n<p style=\"padding-left: 40px; text-align: justify;\"><strong>a) haya presentado ante la oficina consular o al alcalde competente una solicitud de reconocimiento de la ciudadan\u00eda italiana, acompa\u00f1ada de la documentaci\u00f3n requerida, antes de las 23:59 (hora de Roma) del 27 de marzo de 2025;<\/strong><\/p>\n<p style=\"padding-left: 40px; text-align: justify;\"><strong>b) haya presentado ante la oficina consular o al alcalde competente una solicitud de reconocimiento de la ciudadan\u00eda italiana, con la documentaci\u00f3n requerida, en el d\u00eda asignado mediante cita comunicada al interesado por la oficina competente antes de las 23:59 (hora de Roma) del mismo 27 de marzo de 2025;<\/strong><\/p>\n<p style=\"padding-left: 40px; text-align: justify;\"><strong>c) haya presentado ante un tribunal italiano una solicitud de reconocimiento de la ciudadan\u00eda italiana antes de las 23:59 (hora de Roma) del 27 de marzo de 2025.<\/strong><\/p>\n<p data-start=\"127\" data-end=\"306\">Por \u00absolicitudes presentadas\u00bb se entienden aquellas entregadas en la ventanilla de la Oficina Consular o en la agencia VFS Global antes de la fecha y hora indicadas anteriormente.<\/p>\n<p data-start=\"308\" data-end=\"590\">Por \u00abcita comunicada al interesado por la Oficina competente\u00bb se entiende la confirmaci\u00f3n recibida por correo electr\u00f3nico a trav\u00e9s del portal Prenot@mi, del portal de VFS o desde la direcci\u00f3n de correo institucional de la Secci\u00f3n de la Oficina Consular competente para la solicitud.<\/p>\n<p style=\"text-align: justify;\">Con respecto a los puntos a) y b), se especifica que el reconocimiento puede tener lugar tambi\u00e9n despu\u00e9s del 27 de marzo de 2025, pero ser\u00e1 regulado por la normativa anterior. Por lo tanto, las solicitudes presentadas en esta Embajada antes de las 19:59 horas del 27 de marzo de 2025, o aquellas presentadas en base a una cita comunicada antes de esa fecha, ser\u00e1n tratadas de acuerdo con la normativa vigente antes de la promulgaci\u00f3n del Decreto Ley n. 36\/2025, convertido con modificaciones en la Ley n. 74\/2025.<\/p>\n<p style=\"text-align: justify;\">En estos casos, para el reconocimiento de la ciudadan\u00eda italiana, se aplicar\u00e1n los criterios anteriores a la reforma de la Ley n. 91\/1992, los cuales pueden ser consultados haciendo <a href=\"https:\/\/ambsantiago.esteri.it\/wp-content\/uploads\/2025\/05\/Allegato-requisiti-vecchia-normativa-ESP.pdf\">clic aqu\u00ed<\/a>.<\/p>\n<p style=\"text-align: justify;\">Para la tramitaci\u00f3n de la solicitud de reconocimiento de la nacionalidad italiana debe abonarse una <strong>tasa consular de 600,00 euros<\/strong> (a pagar en pesos chilenos al tipo oficial) por cada persona mayor de edad.<\/p>\n<p style=\"text-align: justify;\">La tasa consular deber\u00e1 abonarse en el momento de presentar la solicitud.<\/p>\n<p style=\"text-align: justify;\">En caso de resultado negativo, <strong>la tasa pagada no podr\u00e1 ser reembolsada<\/strong>.<\/p>\n<p style=\"text-align: justify;\">El d\u00eda de la cita, el solicitante deber\u00e1 entregar toda la <strong>documentaci\u00f3n en original apostillada y traducida al italiano<\/strong>. <u>Los documentos requeridos no tienen fecha de vencimiento y no ser\u00e1n devueltos<\/u>. El detalle de los documentos necesarios est\u00e1 listado en el elenco publicado a seguir en la secci\u00f3n \u201cFormularios\u201d.<\/p>\n<p style=\"text-align: justify;\">Los tr\u00e1mites para el reconocimiento de la ciudadan\u00eda italiana <em>iure sanguinis<\/em> son especialmente complejos y delicados, por lo que la normativa italiana otorga a las representaciones diplom\u00e1tico-consulares en el extranjero un plazo de <strong>730 d\u00edas (2 a\u00f1os)<\/strong> a partir de la presentaci\u00f3n de la solicitud para concluir el proceso. Tras la entrada en vigor de la Ley n. 11, de 19 de enero de 2026, para las <span style=\"text-decoration: underline;\">solicitudes<\/span> de reconocimiento de la ciudadan\u00eda italiana de personas mayores de edad <span style=\"text-decoration: underline;\">recibidas a partir de 2026<\/span>, el plazo para la conclusi\u00f3n del procedimiento se ampl\u00eda a <strong>treinta y seis meses (3 a\u00f1os)<\/strong>.<\/p>\n<p style=\"text-align: justify;\">En caso de dudas, se ruega escribir a <a href=\"mailto:citt.santiago@esteri.it\">citt.santiago@esteri.it<\/a> indicando en el asunto: \u201cCIUDADAN\u00cdA POR DESCENDENCIA\u201d.<\/p>\n<p><strong>FORMULARIOS:<\/strong><\/p>\n<ul>\n<li><a href=\"https:\/\/ambsantiago.esteri.it\/wp-content\/uploads\/2025\/05\/ISTANZA-RICONOSCIMENTO-CITTADINANZA-ITALIANA.pdf\">Solicitud de reconocimiento de la ciudadan\u00eda italiana <em>iure sanguinis<\/em><\/a><\/li>\n<li><a href=\"https:\/\/ambsantiago.esteri.it\/wp-content\/uploads\/2025\/05\/Lista-documenti-ESP.pdf\">Lista de documentos que deben anexarse<\/a><\/li>\n<li><a href=\"https:\/\/ambsantiago.esteri.it\/wp-content\/uploads\/2024\/07\/esquema_genealogico_descendientes.pdf\">Esquema del \u00e1rbol geneal\u00f3gico<\/a><\/li>\n<li><a href=\"https:\/\/ambsantiago.esteri.it\/wp-content\/uploads\/2026\/03\/Dichiarazione-sostitutiva-SENTENZA-divorzio-nullita-2026.pdf\">Declaraci\u00f3n sustitutoria (sentencias de divorcio\/nulidad)<\/a><\/li>\n<li><a href=\"https:\/\/ambsantiago.esteri.it\/wp-content\/uploads\/2026\/03\/Dichiarazione-sostitutiva-SENTENZA-adozione-2026.pdf\">Declaraci\u00f3n sustitutoria (sentencias de adopci\u00f3n)<\/a><\/li>\n<li><a href=\"https:\/\/ambsantiago.esteri.it\/wp-content\/uploads\/2026\/03\/Dichiarazione-sostitutiva-SENTENZA-affidamento-responsabilita-genitoriale-2026.pdf\">Declaraci\u00f3n sustitutoria (sentencias de cuidado personal\/patria potestad)<\/a><\/li>\n<\/ul>\n<p><strong>\u00a0<\/strong><\/p>\n<p style=\"text-align: center;\"><strong>SOLICITUD DE CITAS<\/strong><\/p>\n<p style=\"text-align: justify;\">Con el fin de agilizar el an\u00e1lisis de solicitudes de ciudadan\u00eda <em>jure sanguinis<\/em>, la tramitaci\u00f3n inicial de las solicitudes de ciudadan\u00eda es gestionada por <strong>VFS Global<\/strong>, l\u00edder mundial en tramitaci\u00f3n de visados y servicios consulares.<\/p>\n<p style=\"text-align: justify;\">La tasa de tramitaci\u00f3n es de <strong>32,00 euros<\/strong> (m\u00e1s la <strong>tasa consular de 600,00 euros<\/strong>).<\/p>\n<p style=\"text-align: justify;\"><strong>Queda disponible un n\u00famero limitado de citas semanales directamente en la Canciller\u00eda Consular. En este caso s\u00f3lo se paga la tasa consular.<\/strong><\/p>\n<p style=\"text-align: justify;\">Para acceder al servicio de <u>entrega<\/u> de solicitudes en <u>VFS Global<\/u>, es necesario hacer una reserva a trav\u00e9s de su <a href=\"https:\/\/visa.vfsglobal.com\/chl\/en\/ita\/login\">portal dedicado<\/a>, que se abre <strong>el primer d\u00eda h\u00e1bil de cada mes<\/strong>. Para m\u00e1s informaciones sobre el funcionamiento del nuevo sistema de reservas en VFS, lea atentamente la gu\u00eda preparada por VFS Global consultable <a href=\"https:\/\/ambsantiago.esteri.it\/wp-content\/uploads\/2024\/03\/PASO-A-PASO-CITAS-VFS-GLOBAL-ITALIA-CHILE_final.pdf\">aqui<\/a>.<\/p>\n<p style=\"text-align: justify;\">El portal <a href=\"https:\/\/prenotami.esteri.it\/\">Prenot@mi<\/a> sigue activo para reservar el servicio de <u>entrega<\/u> directamente en la <u>Canciller\u00eda Consular<\/u> y se abre <strong>el primer martes de cada MES, <\/strong>en horario aleatorio. El portal Prenot@mi ha sido creado por el Ministerio de Asuntos Exteriores y Cooperaci\u00f3n Internacional y est\u00e1 gestionado por la Canciller\u00eda Consular. Deber\u00e1 registrarse en el portal <a href=\"https:\/\/prenotami.esteri.it\/\">Prenot@mi<\/a> creando un nombre de usuario y una contrase\u00f1a, conectarse y realizar la reserva seleccionando el servicio de ciudadan\u00eda <em>jure sanguinis<\/em> solicitud de entrega en la Canciller\u00eda Consular. El solicitante deber\u00e1 <strong>confirmar<\/strong> la reserva a m\u00e1s tardar 3 d\u00edas antes de la cita; <u>de lo contrario<\/u>, la reserva se <strong>anular\u00e1 autom\u00e1ticamente<\/strong>.<\/p>\n<p style=\"text-align: justify;\">En ambos casos, el servicio de <strong>reserva de cita previa es TOTALMENTE GRATUITO: tenga cuidado e inf\u00f3rmenos de cualquier solicitud de INTERMEDIACI\u00d3N escribiendo al correo electr\u00f3nico <a href=\"mailto:santiago.segnalazioni@esteri.it\">santiago.segnalazioni@esteri.it<\/a> .<\/strong><\/p>\n<p style=\"text-align: justify;\">El servicio es <strong>V\u00c1LIDO \u00daNICA Y EXCLUSIVAMENTE<\/strong> para los <strong>MAYORES DE EDAD<\/strong> que deseen obtener reconocida la ciudadan\u00eda italiana por descendencia.<\/p>\n<p style=\"text-align: justify;\">Para los <strong>hijos menores de edad de ciudadanos italianos<\/strong>, se remite a la lectura de la informaci\u00f3n contenida en la secci\u00f3n de <a href=\"https:\/\/ambsantiago.esteri.it\/es\/servizi-consolari-e-visti\/servizi-per-il-cittadino-italiano\/stato-civile\/\">Estado Civil<\/a><\/p>\n<p style=\"text-align: justify;\">Para las solicitudes de <strong>ciudadan\u00eda<\/strong> tras el <strong>matrimonio<\/strong> o la <strong>uni\u00f3n civil entre personas del mismo sexo<\/strong>, consulte la secci\u00f3n <a href=\"https:\/\/ambsantiago.esteri.it\/es\/servizi-consolari-e-visti\/servizi-per-il-cittadino-straniero\/cittadinanza\/ciudadania-por-matrimonio-2\/\">ciudadan\u00eda por matrimonio<\/a><\/p>\n<p style=\"text-align: justify;\"><strong>M\u00c1S INFORMACI\u00d3N SOBRE EL SERVICIO VFS<\/strong><\/p>\n<p style=\"text-align: justify;\">Existe una direcci\u00f3n de correo electr\u00f3nico dedicada al servicio a la que los usuarios pueden enviar cualquier consulta (<a href=\"mailto:info.italychile@vfsglobal.com\">info.italychile@vfsglobal.com<\/a>) y un n\u00famero de tel\u00e9fono al que llamar Tel. +56 232 9090 80 (08:00 &#8211; 17:00). En caso de tener problemas t\u00e9cnicos con el funcionamiento de la plataforma de reservas o de su cuenta, se ha activado la siguiente direcci\u00f3n de correo electr\u00f3nico: <a href=\"mailto:Italy_Chile_Support@vfsglobal.com\">Italy_Chile_Support@vfsglobal.com<\/a> .<\/p>\n<p style=\"text-align: justify;\">Las oficinas de <strong>VFS Global<\/strong>, donde puedes acudir a entregar tu documentaci\u00f3n despu\u00e9s de reservar tu cita, est\u00e1n ubicadas en <strong>VITACURA 2909 OF. 204 EDIFICIO MADISON, METRO TOBALABA LAS CONDES SANTIAGO<\/strong><\/p>\n<p style=\"text-align: justify;\">M\u00e1s informaci\u00f3n en:<\/p>\n<ul>\n<li style=\"text-align: justify;\">Sitio web de VFS: <a href=\"https:\/\/services.vfsglobal.com\/chl\/es\/ita\">https:\/\/services.vfsglobal.com\/chl\/es\/ita<\/a><\/li>\n<li style=\"text-align: justify;\" data-start=\"67\" data-end=\"715\">Plataforma de reservas: <a href=\"https:\/\/visa.vfsglobal.com\/chl\/en\/ita\/login\">https:\/\/visa.vfsglobal.com\/chl\/en\/ita\/login<\/a><\/li>\n<\/ul>\n","protected":false},"excerpt":{"rendered":"La ciudadan\u00eda italiana se basa en el principio del ius sanguinis (es decir, la transmisi\u00f3n de la ciudadan\u00eda por descendencia), seg\u00fan el cual el hijo nacido de padre italiano o de madre italiana es italiano. Sin embargo, se debe tener presente que la madre ciudadana transmite la ciudadan\u00eda a sus hijos solamente a partir del [&hellip;]","protected":false},"author":8,"featured_media":0,"parent":232,"menu_order":1,"comment_status":"closed","ping_status":"closed","template":"","meta":{"footnotes":""},"class_list":["post-1621","page","type-page","status-publish","hentry"],"_links":{"self":[{"href":"https:\/\/ambsantiago.esteri.it\/es\/wp-json\/wp\/v2\/pages\/1621","targetHints":{"allow":["GET"]}}],"collection":[{"href":"https:\/\/ambsantiago.esteri.it\/es\/wp-json\/wp\/v2\/pages"}],"about":[{"href":"https:\/\/ambsantiago.esteri.it\/es\/wp-json\/wp\/v2\/types\/page"}],"author":[{"embeddable":true,"href":"https:\/\/ambsantiago.esteri.it\/es\/wp-json\/wp\/v2\/users\/8"}],"replies":[{"embeddable":true,"href":"https:\/\/ambsantiago.esteri.it\/es\/wp-json\/wp\/v2\/comments?post=1621"}],"version-history":[{"count":8,"href":"https:\/\/ambsantiago.esteri.it\/es\/wp-json\/wp\/v2\/pages\/1621\/revisions"}],"predecessor-version":[{"id":13244,"href":"https:\/\/ambsantiago.esteri.it\/es\/wp-json\/wp\/v2\/pages\/1621\/revisions\/13244"}],"up":[{"embeddable":true,"href":"https:\/\/ambsantiago.esteri.it\/es\/wp-json\/wp\/v2\/pages\/232"}],"wp:attachment":[{"href":"https:\/\/ambsantiago.esteri.it\/es\/wp-json\/wp\/v2\/media?parent=1621"}],"curies":[{"name":"wp","href":"https:\/\/api.w.org\/{rel}","templated":true}]}}