{"id":1585,"date":"2023-10-26T17:46:34","date_gmt":"2023-10-26T20:46:34","guid":{"rendered":"https:\/\/ambsantiago.esteri.it\/?page_id=1585"},"modified":"2024-07-23T17:35:26","modified_gmt":"2024-07-23T21:35:26","slug":"horarios-para-publico","status":"publish","type":"page","link":"https:\/\/ambsantiago.esteri.it\/es\/chi-siamo\/gli-uffici\/horarios-para-publico\/","title":{"rendered":"Horarios para p\u00fablico"},"content":{"rendered":"<p><strong>CANCILLERIA CONSULAR<\/strong><br \/>\nRoman Diaz 1270, Providencia, Santiago<\/p>\n<p>Para conocer las <strong>modalidades y horarios de los servicios consulares<\/strong>, se invita a consultar la secci\u00f3n <strong><a href=\"https:\/\/ambsantiago.esteri.it\/es\/servizi-consolari-e-visti\/\">serivizi consolari e visti<\/a><br \/>\n<\/strong><\/p>\n<p>Se informa que por motivos de seguridad no es posible acceder a las oficinas consulare con carteras, bolosos, paquetes, telefonos celulares y otros objetos. En la recepci\u00f3n est\u00e1n ubicados lockers con llave para depositar dichas pertenencias.<\/p>\n<p><strong>FESTIVOS DE LA SEDE<\/strong><\/p>\n<p>clicare <a href=\"https:\/\/ambsantiago.esteri.it\/wp-content\/uploads\/2023\/10\/FESTIVITA2024.pdf\"><strong>AQUI <\/strong><\/a>para visualizar el calendario de los feriados de la Sede para el 2024.<\/p>\n<p>Durante estos d\u00edas las oficinas de la Embajada y del Consulado permanecer\u00e1n cerradas al p\u00fablico.<\/p>\n<p>&nbsp;<\/p>\n","protected":false},"excerpt":{"rendered":"CANCILLERIA CONSULAR Roman Diaz 1270, Providencia, Santiago Para conocer las modalidades y horarios de los servicios consulares, se invita a consultar la secci\u00f3n serivizi consolari e visti Se informa que por motivos de seguridad no es posible acceder a las oficinas consulare con carteras, bolosos, paquetes, telefonos celulares y otros objetos. En la recepci\u00f3n est\u00e1n [&hellip;]","protected":false},"author":5,"featured_media":0,"parent":176,"menu_order":4,"comment_status":"closed","ping_status":"closed","template":"","meta":{"footnotes":""},"class_list":["post-1585","page","type-page","status-publish","hentry"],"_links":{"self":[{"href":"https:\/\/ambsantiago.esteri.it\/es\/wp-json\/wp\/v2\/pages\/1585","targetHints":{"allow":["GET"]}}],"collection":[{"href":"https:\/\/ambsantiago.esteri.it\/es\/wp-json\/wp\/v2\/pages"}],"about":[{"href":"https:\/\/ambsantiago.esteri.it\/es\/wp-json\/wp\/v2\/types\/page"}],"author":[{"embeddable":true,"href":"https:\/\/ambsantiago.esteri.it\/es\/wp-json\/wp\/v2\/users\/5"}],"replies":[{"embeddable":true,"href":"https:\/\/ambsantiago.esteri.it\/es\/wp-json\/wp\/v2\/comments?post=1585"}],"version-history":[{"count":4,"href":"https:\/\/ambsantiago.esteri.it\/es\/wp-json\/wp\/v2\/pages\/1585\/revisions"}],"predecessor-version":[{"id":4621,"href":"https:\/\/ambsantiago.esteri.it\/es\/wp-json\/wp\/v2\/pages\/1585\/revisions\/4621"}],"up":[{"embeddable":true,"href":"https:\/\/ambsantiago.esteri.it\/es\/wp-json\/wp\/v2\/pages\/176"}],"wp:attachment":[{"href":"https:\/\/ambsantiago.esteri.it\/es\/wp-json\/wp\/v2\/media?parent=1585"}],"curies":[{"name":"wp","href":"https:\/\/api.w.org\/{rel}","templated":true}]}}