{"id":13475,"date":"2026-04-13T16:02:27","date_gmt":"2026-04-13T20:02:27","guid":{"rendered":"https:\/\/ambsantiago.esteri.it\/?page_id=13475"},"modified":"2026-04-14T11:19:38","modified_gmt":"2026-04-14T15:19:38","slug":"asistencia-directa-para-la-compra-de-medicamentos-destinada-a-ciudadanos-italianos-en-situacion-de-indigencia","status":"publish","type":"page","link":"https:\/\/ambsantiago.esteri.it\/es\/servizi-consolari-e-visti\/servizi-per-il-cittadino-italiano\/assistenza-ai-cittadini-allestero\/asistencia-directa-para-la-compra-de-medicamentos-destinada-a-ciudadanos-italianos-en-situacion-de-indigencia\/","title":{"rendered":"Asistencia directa para la compra de medicamentos destinada a ciudadanos italianos en situaci\u00f3n de indigencia"},"content":{"rendered":"<p style=\"text-align: justify;\">La Embajada ha firmado un convenio con la Farmacia Ahumada con el objetivo de ofrecer ayuda econ\u00f3mica para la compra de medicamentos a los connacionales residentes en Chile e inscritos al AIRE que se encuentren en situaci\u00f3n de indigencia. Los ciudadanos que re\u00fanan los requisitos para beneficiarse del convenio podr\u00e1n recibir de la Farmacia Ahumada un descuento de hasta 30 000 CLP al mes en la compra de sus medicamentos; dicho importe ser\u00e1 pagado directamente por la Embajada como ayuda al compatriota.<\/p>\n<p style=\"text-align: justify;\">Para solicitar ser admitidos a los beneficios ofrecidos por el convenio, los ciudadanos italianos interesados podr\u00e1n enviar su solicitud a la direcci\u00f3n <a href=\"mailto:consolato.santiago@esteri.it\">consolato.santiago@esteri.it<\/a> con el asunto \u00abFARMACIA AHUMADA \u2013 Solicitud de inclusi\u00f3n en la lista de beneficiarios\u00bb, adjuntando los siguientes documentos:<\/p>\n<ul style=\"text-align: justify;\">\n<li>copia de un documento de identidad vigente;<\/li>\n<li>la Cartola Hogar emitida por el Registro Social de Hogares;<\/li>\n<li>un informe emitido por un asistente social habilitado para el ejercicio de la profesi\u00f3n que contenga una evaluaci\u00f3n global de la situaci\u00f3n socioecon\u00f3mica del interesado;<\/li>\n<li>una prueba de residencia (copia de la factura de un servicio p\u00fablico residencial a su nombre o copia del contrato de trabajo o certificado emitido por la Junta de Vecinos).<\/li>\n<\/ul>\n<p style=\"text-align: justify;\">La solicitud tambi\u00e9n puede presentarse a trav\u00e9s de las <a href=\"https:\/\/ambsantiago.esteri.it\/es\/servizi-consolari-e-visti\/servizi-per-il-cittadino-italiano\/assistenza-ai-cittadini-allestero\/ayuda-indirecta-a-traves-de-organizaciones-beneficas-en-favor-de-ciudadanos-italiano-en-estado-de-indigencia-2\/\">organizaciones ben\u00e9ficas<\/a> (Co.I.A. y SIBV) o a trav\u00e9s de los <a href=\"https:\/\/ambsantiago.esteri.it\/es\/servizi-consolari-e-visti\/servizi-per-il-cittadino-italiano\/pensioni-e-sicurezza-sociale\/\">patronatos<\/a> (ACLI, INAS e INCA).<\/p>\n","protected":false},"excerpt":{"rendered":"La Embajada ha firmado un convenio con la Farmacia Ahumada con el objetivo de ofrecer ayuda econ\u00f3mica para la compra de medicamentos a los connacionales residentes en Chile e inscritos al AIRE que se encuentren en situaci\u00f3n de indigencia. Los ciudadanos que re\u00fanan los requisitos para beneficiarse del convenio podr\u00e1n recibir de la Farmacia Ahumada [&hellip;]","protected":false},"author":8,"featured_media":0,"parent":207,"menu_order":5,"comment_status":"closed","ping_status":"closed","template":"","meta":{"footnotes":""},"class_list":["post-13475","page","type-page","status-publish","hentry"],"_links":{"self":[{"href":"https:\/\/ambsantiago.esteri.it\/es\/wp-json\/wp\/v2\/pages\/13475","targetHints":{"allow":["GET"]}}],"collection":[{"href":"https:\/\/ambsantiago.esteri.it\/es\/wp-json\/wp\/v2\/pages"}],"about":[{"href":"https:\/\/ambsantiago.esteri.it\/es\/wp-json\/wp\/v2\/types\/page"}],"author":[{"embeddable":true,"href":"https:\/\/ambsantiago.esteri.it\/es\/wp-json\/wp\/v2\/users\/8"}],"replies":[{"embeddable":true,"href":"https:\/\/ambsantiago.esteri.it\/es\/wp-json\/wp\/v2\/comments?post=13475"}],"version-history":[{"count":2,"href":"https:\/\/ambsantiago.esteri.it\/es\/wp-json\/wp\/v2\/pages\/13475\/revisions"}],"predecessor-version":[{"id":13500,"href":"https:\/\/ambsantiago.esteri.it\/es\/wp-json\/wp\/v2\/pages\/13475\/revisions\/13500"}],"up":[{"embeddable":true,"href":"https:\/\/ambsantiago.esteri.it\/es\/wp-json\/wp\/v2\/pages\/207"}],"wp:attachment":[{"href":"https:\/\/ambsantiago.esteri.it\/es\/wp-json\/wp\/v2\/media?parent=13475"}],"curies":[{"name":"wp","href":"https:\/\/api.w.org\/{rel}","templated":true}]}}