{"id":13471,"date":"2026-04-13T16:04:52","date_gmt":"2026-04-13T20:04:52","guid":{"rendered":"https:\/\/ambsantiago.esteri.it\/?page_id=13471"},"modified":"2026-04-13T17:03:22","modified_gmt":"2026-04-13T21:03:22","slug":"salud","status":"publish","type":"page","link":"https:\/\/ambsantiago.esteri.it\/es\/servizi-consolari-e-visti\/servizi-per-il-cittadino-italiano\/assistenza-ai-cittadini-allestero\/salud\/","title":{"rendered":"Salud"},"content":{"rendered":"<p style=\"text-align: justify;\">Las oficinas consulares no tienen competencia directa en materia de salud.<\/p>\n<p style=\"text-align: justify;\">El coste de la atenci\u00f3n m\u00e9dica en Chile es especialmente elevado y los turistas deben pagar incluso los primeros auxilios y los servicios de urgencia. Por ello, es muy desaconsejable viajar al pa\u00eds sin haber contratado previamente un seguro m\u00e9dico, con l\u00edmites m\u00e1ximos elevados, que, adem\u00e1s de cubrir los gastos m\u00e9dicos, incluya la repatriaci\u00f3n m\u00e9dica a\u00e9rea de urgencia, el traslado m\u00e9dico a\u00e9reo a la capital, Santiago, o el traslado m\u00e9dico a\u00e9reo a otro pa\u00eds.<\/p>\n<p style=\"text-align: justify;\">En lo que respecta a Isla de Pascua, s\u00f3lo existe un hospital en el lugar con una capacidad asistencial limitada, raz\u00f3n por la cual los pacientes m\u00e1s graves son trasladados en helic\u00f3ptero a instalaciones en Chile continental para recibir el tratamiento adecuado.<\/p>\n<p style=\"text-align: justify;\">A este respecto, se recomienda comprobar con su compa\u00f1\u00eda de seguros que los gastos del traslado a\u00e9reo est\u00e1n incluidos en su p\u00f3liza.<\/p>\n<p style=\"text-align: justify;\">La Canciller\u00eda Consular de la Embajada de Italia en Santiago tambi\u00e9n dispone de un <a href=\"https:\/\/ambsantiago.esteri.it\/wp-content\/uploads\/2025\/01\/Elenco-medici-di-riferimento-2025.pdf\">listado de m\u00e9dicos de referencia<\/a>.<\/p>\n<p style=\"text-align: justify;\">El Decreto del Ministro de Sanidad de 1 de febrero de 1996, relativo a los tratamientos hospitalarios urgentes dispensados por el Servicio Nacional de Salud, establece que \u00aba los ciudadanos italianos residentes en el extranjero, titulares de pensiones pagadas por organismos de seguridad social italianos o que tengan la condici\u00f3n de emigrantes, certificada por la Oficina Consular italiana competente en el territorio, se les proporciona tratamiento hospitalario urgente, gratuito y por un per\u00edodo m\u00e1ximo de 90 d\u00edas en un a\u00f1o civil, si no tienen cobertura de seguro, p\u00fablico o privado, para los servicios sanitarios mencionados\u00bb.<\/p>\n<p style=\"text-align: justify;\">En el pasado, en caso de estancia temporal en Italia, el ciudadano emigrante deb\u00eda presentar a la ASL competente un certificado consular que acreditara la posesi\u00f3n de la ciudadan\u00eda italiana, el nacimiento en Italia y la residencia en el extranjero. Sin embargo, con las modificaciones introducidas por el Decreto Presidencial n.\u00ba 45 de 28\/12\/2000 \u2013 Ley consolidada sobre la documentaci\u00f3n administrativa y por la Ley n.\u00ba 183 de 12\/11\/2011, el Ministerio de Sanidad ha confirmado que la condici\u00f3n de emigrante puede y debe acreditarse mediante una declaraci\u00f3n sustitutiva de la certificaci\u00f3n a presentar ante la ASL competente, con la que el ciudadano autocertifica<\/p>\n<p style=\"text-align: justify;\">A \u2013 habe nacido en Italia, poseer la ciudadan\u00eda italiana y resider en el extranjero, indicando el municipio de inscripci\u00f3n en la AIRE;<\/p>\n<p style=\"text-align: justify;\">o<\/p>\n<p style=\"text-align: justify;\">B \u2013 haber nacido en el extranjero, poseer la ciudadan\u00eda italiana, haber residido en Italia, indicando el municipio de inscripci\u00f3n en el Registro de la poblaci\u00f3n residente, residir actualmente en el extranjero y, por lo tanto, estar inscrito en la AIRE.<\/p>\n<p style=\"text-align: justify;\">Por lo tanto, con vistas a agilizar los procedimientos y en inter\u00e9s primordial de los ciudadanos, los ciudadanos italianos podr\u00e1n beneficiarse en Italia del tratamiento<br \/>\nhospitalario urgente proporcionado por el Servicio Nacional de Salud mediante dichas declaraciones sustitutorias en las ASL competentes.<\/p>\n<p style=\"text-align: justify;\">Por \u00faltimo, el Ministerio de Sanidad ha indicado que, dado que la configuraci\u00f3n de la condici\u00f3n de \u00abemigrante\u00bb permanece inalterada desde el principio (v\u00e9ase tambi\u00e9n Consejo de Estado, Dictamen n.\u00ba 3046\/2009), el reconocimiento del derecho debe entenderse limitado a los casos de compatriotas nacidos en Italia y posteriormente expatriados por motivos laborales.<\/p>\n","protected":false},"excerpt":{"rendered":"Las oficinas consulares no tienen competencia directa en materia de salud. El coste de la atenci\u00f3n m\u00e9dica en Chile es especialmente elevado y los turistas deben pagar incluso los primeros auxilios y los servicios de urgencia. Por ello, es muy desaconsejable viajar al pa\u00eds sin haber contratado previamente un seguro m\u00e9dico, con l\u00edmites m\u00e1ximos elevados, [&hellip;]","protected":false},"author":8,"featured_media":0,"parent":207,"menu_order":6,"comment_status":"closed","ping_status":"closed","template":"","meta":{"footnotes":""},"class_list":["post-13471","page","type-page","status-publish","hentry"],"_links":{"self":[{"href":"https:\/\/ambsantiago.esteri.it\/es\/wp-json\/wp\/v2\/pages\/13471","targetHints":{"allow":["GET"]}}],"collection":[{"href":"https:\/\/ambsantiago.esteri.it\/es\/wp-json\/wp\/v2\/pages"}],"about":[{"href":"https:\/\/ambsantiago.esteri.it\/es\/wp-json\/wp\/v2\/types\/page"}],"author":[{"embeddable":true,"href":"https:\/\/ambsantiago.esteri.it\/es\/wp-json\/wp\/v2\/users\/8"}],"replies":[{"embeddable":true,"href":"https:\/\/ambsantiago.esteri.it\/es\/wp-json\/wp\/v2\/comments?post=13471"}],"version-history":[{"count":1,"href":"https:\/\/ambsantiago.esteri.it\/es\/wp-json\/wp\/v2\/pages\/13471\/revisions"}],"predecessor-version":[{"id":13472,"href":"https:\/\/ambsantiago.esteri.it\/es\/wp-json\/wp\/v2\/pages\/13471\/revisions\/13472"}],"up":[{"embeddable":true,"href":"https:\/\/ambsantiago.esteri.it\/es\/wp-json\/wp\/v2\/pages\/207"}],"wp:attachment":[{"href":"https:\/\/ambsantiago.esteri.it\/es\/wp-json\/wp\/v2\/media?parent=13471"}],"curies":[{"name":"wp","href":"https:\/\/api.w.org\/{rel}","templated":true}]}}