{"id":13463,"date":"2026-04-13T15:01:34","date_gmt":"2026-04-13T19:01:34","guid":{"rendered":"https:\/\/ambsantiago.esteri.it\/?page_id=13463"},"modified":"2026-04-13T17:01:14","modified_gmt":"2026-04-13T21:01:14","slug":"robo-o-perdida-de-pasaportes-o-cedulas-de-identidad-2","status":"publish","type":"page","link":"https:\/\/ambsantiago.esteri.it\/es\/servizi-consolari-e-visti\/servizi-per-il-cittadino-italiano\/assistenza-ai-cittadini-allestero\/robo-o-perdida-de-pasaportes-o-cedulas-de-identidad-2\/","title":{"rendered":"Robo o p\u00e9rdida de pasaportes o c\u00e9dulas de identidad"},"content":{"rendered":"<p style=\"text-align: justify;\">En caso de <strong>robo<\/strong> o <strong>p\u00e9rdida<\/strong> del pasaporte en el extranjero, es <strong>obligatorio<\/strong> presentar una <strong>denuncia ante las Autoridades locales<\/strong>, con el fin de evitar el uso indebido del documento y garantizar su inmediata notificaci\u00f3n en los sistemas locales. Solo en caso de imposibilidad objetiva de presentar la denuncia ante las Autoridades locales, la Canciller\u00eda Consular podr\u00e1 proceder a la expedici\u00f3n del nuevo documento, previa adquisici\u00f3n de la denuncia del interesado presentada directamente por el ciudadano italiano ante la Oficina Consular.<\/p>\n<p style=\"text-align: justify;\">Para obtener asistencia, p\u00f3ngase en contacto con el n\u00famero de emergencia de la Embajada de Italia en Santiago <strong>+56 9 7809 8998<\/strong> o env\u00ede un correo electr\u00f3nico a la direcci\u00f3n <a href=\"mailto:passaporti.santiago@esteri.it\">passaporti.santiago@esteri.it<\/a> (para el pasaporte) o a la direcci\u00f3n <a href=\"mailto:anagrafe.santiago@esteri.it\">anagrafe.santiago@esteri.it<\/a> (para el documento de identidad), informando del robo\/extrav\u00edo y proporcionando las siguientes informaciones:<\/p>\n<p style=\"text-align: justify; padding-left: 40px;\">1) Datos completos (nombre, apellido, lugar y fecha de nacimiento);<\/p>\n<p style=\"text-align: justify; padding-left: 40px;\">2) Direcci\u00f3n completa de residencia (pa\u00eds, ciudad, calle, n\u00famero de casa);<\/p>\n<p style=\"text-align: justify; padding-left: 40px;\">3) En caso de residencia en el extranjero, municipio de inscripci\u00f3n en el AIRE y circunscripci\u00f3n consular de residencia;<\/p>\n<p style=\"text-align: justify; padding-left: 40px;\">4) N\u00famero de pasaporte\/c\u00e9dula de identidad robado o extraviado;<\/p>\n<p style=\"text-align: justify; padding-left: 40px;\">5) Estado civil y presencia de hijos menores;<\/p>\n<p style=\"text-align: justify; padding-left: 40px;\">6) Copia constancia de robo o p\u00e9rdida del pasaporte ante Carabineros de Chile o PDI.<\/p>\n<p style=\"text-align: justify;\">En caso de un viaje inminente a Italia de ciudadanos no residentes en la circunscripci\u00f3n consular, se podr\u00e1 expedir un documento de viaje provisional espec\u00edfico. Se recomienda leer la secci\u00f3n dedicada a los <a href=\"https:\/\/ambsantiago.esteri.it\/es\/servizi-consolari-e-visti\/servizi-per-il-cittadino-italiano\/emergency-travel-documents-etd\/\">Documentos de Viaje de Emergencia (EU ETD)<\/a>.<\/p>\n","protected":false},"excerpt":{"rendered":"En caso de robo o p\u00e9rdida del pasaporte en el extranjero, es obligatorio presentar una denuncia ante las Autoridades locales, con el fin de evitar el uso indebido del documento y garantizar su inmediata notificaci\u00f3n en los sistemas locales. Solo en caso de imposibilidad objetiva de presentar la denuncia ante las Autoridades locales, la Canciller\u00eda [&hellip;]","protected":false},"author":8,"featured_media":0,"parent":207,"menu_order":0,"comment_status":"closed","ping_status":"closed","template":"","meta":{"footnotes":""},"class_list":["post-13463","page","type-page","status-publish","hentry"],"_links":{"self":[{"href":"https:\/\/ambsantiago.esteri.it\/es\/wp-json\/wp\/v2\/pages\/13463","targetHints":{"allow":["GET"]}}],"collection":[{"href":"https:\/\/ambsantiago.esteri.it\/es\/wp-json\/wp\/v2\/pages"}],"about":[{"href":"https:\/\/ambsantiago.esteri.it\/es\/wp-json\/wp\/v2\/types\/page"}],"author":[{"embeddable":true,"href":"https:\/\/ambsantiago.esteri.it\/es\/wp-json\/wp\/v2\/users\/8"}],"replies":[{"embeddable":true,"href":"https:\/\/ambsantiago.esteri.it\/es\/wp-json\/wp\/v2\/comments?post=13463"}],"version-history":[{"count":1,"href":"https:\/\/ambsantiago.esteri.it\/es\/wp-json\/wp\/v2\/pages\/13463\/revisions"}],"predecessor-version":[{"id":13465,"href":"https:\/\/ambsantiago.esteri.it\/es\/wp-json\/wp\/v2\/pages\/13463\/revisions\/13465"}],"up":[{"embeddable":true,"href":"https:\/\/ambsantiago.esteri.it\/es\/wp-json\/wp\/v2\/pages\/207"}],"wp:attachment":[{"href":"https:\/\/ambsantiago.esteri.it\/es\/wp-json\/wp\/v2\/media?parent=13463"}],"curies":[{"name":"wp","href":"https:\/\/api.w.org\/{rel}","templated":true}]}}