{"id":13459,"date":"2026-04-13T15:07:01","date_gmt":"2026-04-13T19:07:01","guid":{"rendered":"https:\/\/ambsantiago.esteri.it\/?page_id=13459"},"modified":"2026-04-13T16:59:58","modified_gmt":"2026-04-13T20:59:58","slug":"repatriacion-de-restos-mortales-o-cenizas-2","status":"publish","type":"page","link":"https:\/\/ambsantiago.esteri.it\/es\/servizi-consolari-e-visti\/servizi-per-il-cittadino-italiano\/assistenza-ai-cittadini-allestero\/repatriacion-de-restos-mortales-o-cenizas-2\/","title":{"rendered":"Repatriaci\u00f3n de restos mortales o cenizas"},"content":{"rendered":"<p style=\"text-align: justify;\">Para repatriar a Italia el cuerpo o las cenizas de un ser querido fallecido en el extranjero, es necesario solicitar a la Canciller\u00eda Consular la expedici\u00f3n de un <strong>pasaporte mortuorio<\/strong>. Para la expedici\u00f3n de este documento, es necesario estar en posesi\u00f3n de la siguiente documentaci\u00f3n:<\/p>\n<ul style=\"text-align: justify;\">\n<li><strong> dos copias del acta de defunci\u00f3n<\/strong> (no certificados) que se solicitan presencialmente en el Registro Civil, apostilladas y traducidas al italiano;<\/li>\n<li><strong>un certificado internacional de traslado del cad\u00e1ver o de las cenizas<\/strong> (emitido por SEREMI) que acredite el cumplimiento de las normas higi\u00e9nico-sanitarias, tambi\u00e9n apostillado y traducido al italiano.<\/li>\n<\/ul>\n<p style=\"text-align: justify;\">Una vez en posesi\u00f3n de esta documentaci\u00f3n, es posible solicitar cita previa escribiendo a <a href=\"mailto:consolato.santiago@esteri.it\">consolato.santiago@esteri.it<\/a> , indicando tambi\u00e9n el cementerio y el municipio donde se inhumar\u00e1n el cuerpo o las cenizas.<\/p>\n<p style=\"text-align: justify;\">Tan pronto como la Canciller\u00eda Consular reciba la autorizaci\u00f3n del Municipio italiano competente, se podr\u00e1 expedir el pasaporte mortuorio y sellar la urna o el ata\u00fad.<\/p>\n","protected":false},"excerpt":{"rendered":"Para repatriar a Italia el cuerpo o las cenizas de un ser querido fallecido en el extranjero, es necesario solicitar a la Canciller\u00eda Consular la expedici\u00f3n de un pasaporte mortuorio. Para la expedici\u00f3n de este documento, es necesario estar en posesi\u00f3n de la siguiente documentaci\u00f3n: dos copias del acta de defunci\u00f3n (no certificados) que se [&hellip;]","protected":false},"author":8,"featured_media":0,"parent":207,"menu_order":1,"comment_status":"closed","ping_status":"closed","template":"","meta":{"footnotes":""},"class_list":["post-13459","page","type-page","status-publish","hentry"],"_links":{"self":[{"href":"https:\/\/ambsantiago.esteri.it\/es\/wp-json\/wp\/v2\/pages\/13459","targetHints":{"allow":["GET"]}}],"collection":[{"href":"https:\/\/ambsantiago.esteri.it\/es\/wp-json\/wp\/v2\/pages"}],"about":[{"href":"https:\/\/ambsantiago.esteri.it\/es\/wp-json\/wp\/v2\/types\/page"}],"author":[{"embeddable":true,"href":"https:\/\/ambsantiago.esteri.it\/es\/wp-json\/wp\/v2\/users\/8"}],"replies":[{"embeddable":true,"href":"https:\/\/ambsantiago.esteri.it\/es\/wp-json\/wp\/v2\/comments?post=13459"}],"version-history":[{"count":1,"href":"https:\/\/ambsantiago.esteri.it\/es\/wp-json\/wp\/v2\/pages\/13459\/revisions"}],"predecessor-version":[{"id":13462,"href":"https:\/\/ambsantiago.esteri.it\/es\/wp-json\/wp\/v2\/pages\/13459\/revisions\/13462"}],"up":[{"embeddable":true,"href":"https:\/\/ambsantiago.esteri.it\/es\/wp-json\/wp\/v2\/pages\/207"}],"wp:attachment":[{"href":"https:\/\/ambsantiago.esteri.it\/es\/wp-json\/wp\/v2\/media?parent=13459"}],"curies":[{"name":"wp","href":"https:\/\/api.w.org\/{rel}","templated":true}]}}