{"id":13456,"date":"2026-04-13T15:08:28","date_gmt":"2026-04-13T19:08:28","guid":{"rendered":"https:\/\/ambsantiago.esteri.it\/?page_id=13456"},"modified":"2026-04-14T09:57:20","modified_gmt":"2026-04-14T13:57:20","slug":"asistencia-a-los-detenidos-2","status":"publish","type":"page","link":"https:\/\/ambsantiago.esteri.it\/es\/servizi-consolari-e-visti\/servizi-per-il-cittadino-italiano\/assistenza-ai-cittadini-allestero\/asistencia-a-los-detenidos-2\/","title":{"rendered":"Asistencia a los detenidos"},"content":{"rendered":"<p style=\"text-align: justify;\">En caso de detenci\u00f3n en un Pa\u00eds extranjero, el ciudadano italiano tiene derecho a solicitar asistencia consular. El interesado y\/o sus familiares pueden informar de la detenci\u00f3n llamando al n\u00famero de emergencia de la Embajada <strong>+56 9 7809 8998<\/strong> , disponible todos los d\u00edas (incluidos los festivos) <strong>de 9:00 a 22:00, hora local<\/strong>.<\/p>\n<p style=\"text-align: justify;\">A petici\u00f3n del interesado, la Representaci\u00f3n diplom\u00e1tico-consular puede:<\/p>\n<ul style=\"text-align: justify;\">\n<li><strong>visitar al detenido<\/strong>;<\/li>\n<li><strong>proporcionar nombres de abogados de referencia<\/strong> en el lugar (haga clic aqu\u00ed para consultar la lista);<\/li>\n<li><strong>mantener contacto con los familiares<\/strong>, previo consentimiento expreso del detenido;<\/li>\n<li>asegurar, cuando sea necesario y lo permitan las normas locales, asistencia m\u00e9dica y art\u00edculos de primera necesidad al detenido, incluso a trav\u00e9s de la <a href=\"https:\/\/ambsantiago.esteri.it\/es\/chi-siamo\/la-rete-consolare\/\">red consular honoraria<\/a>;<\/li>\n<li>facilitar el traslado a Italia, en caso de que el ciudadano est\u00e9 detenido en pa\u00edses signatarios del <a href=\"https:\/\/www.coe.int\/it\/web\/conventions\/full-list?module=signatures-by-treaty&amp;treatynum=112\">Convenio de Estrasburgo sobre el traslado de reclusos de 1983<\/a> o con los que existan acuerdos bilaterales vigentes;<\/li>\n<li>intervenir, en casos particulares, para respaldar las solicitudes de indulto presentadas por el interesado o por su abogado.<\/li>\n<\/ul>\n<p style=\"text-align: justify;\">El MAECI y el la Representaci\u00f3n diplom\u00e1tico-consular <strong>no pueden en ning\u00fan caso<\/strong>:<\/p>\n<ul style=\"text-align: justify;\">\n<li>lograr la <strong>puesta en libertad extrajudicial<\/strong> <strong>de un connacional<\/strong>, ni obtener un trato de favor para un ciudadano italiano frente a otros detenidos;<\/li>\n<li><strong>intervenir en un proceso judicial<\/strong> en nombre del connacional;<\/li>\n<li><strong>violar o eludir la normativa loca<\/strong>l;<\/li>\n<li><strong>pagar fianzas, multas, indemnizaciones por da\u00f1os y perjuicios<\/strong>, ni prestar garant\u00edas patrimoniales o personales por el detenido;<\/li>\n<li><strong>hacerse cargo de los gastos legales<\/strong>.<\/li>\n<\/ul>\n<p style=\"text-align: justify;\">Para obtener m\u00e1s informaci\u00f3n sobre la asistencia que brindan las Embajadas y los Consulados a los connacionales detenidos en el extranjero y a sus familiares, puede consultar la <a href=\"https:\/\/www.esteri.it\/mae\/resource\/doc\/2019\/11\/detenuti_italiani_allestero_-_guida_pratica_allassistenza_consolare.pdf\">Gu\u00eda pr\u00e1ctica de asistencia consular<\/a>.<\/p>\n","protected":false},"excerpt":{"rendered":"En caso de detenci\u00f3n en un Pa\u00eds extranjero, el ciudadano italiano tiene derecho a solicitar asistencia consular. El interesado y\/o sus familiares pueden informar de la detenci\u00f3n llamando al n\u00famero de emergencia de la Embajada +56 9 7809 8998 , disponible todos los d\u00edas (incluidos los festivos) de 9:00 a 22:00, hora local. A petici\u00f3n [&hellip;]","protected":false},"author":8,"featured_media":0,"parent":207,"menu_order":2,"comment_status":"closed","ping_status":"closed","template":"","meta":{"footnotes":""},"class_list":["post-13456","page","type-page","status-publish","hentry"],"_links":{"self":[{"href":"https:\/\/ambsantiago.esteri.it\/es\/wp-json\/wp\/v2\/pages\/13456","targetHints":{"allow":["GET"]}}],"collection":[{"href":"https:\/\/ambsantiago.esteri.it\/es\/wp-json\/wp\/v2\/pages"}],"about":[{"href":"https:\/\/ambsantiago.esteri.it\/es\/wp-json\/wp\/v2\/types\/page"}],"author":[{"embeddable":true,"href":"https:\/\/ambsantiago.esteri.it\/es\/wp-json\/wp\/v2\/users\/8"}],"replies":[{"embeddable":true,"href":"https:\/\/ambsantiago.esteri.it\/es\/wp-json\/wp\/v2\/comments?post=13456"}],"version-history":[{"count":3,"href":"https:\/\/ambsantiago.esteri.it\/es\/wp-json\/wp\/v2\/pages\/13456\/revisions"}],"predecessor-version":[{"id":13486,"href":"https:\/\/ambsantiago.esteri.it\/es\/wp-json\/wp\/v2\/pages\/13456\/revisions\/13486"}],"up":[{"embeddable":true,"href":"https:\/\/ambsantiago.esteri.it\/es\/wp-json\/wp\/v2\/pages\/207"}],"wp:attachment":[{"href":"https:\/\/ambsantiago.esteri.it\/es\/wp-json\/wp\/v2\/media?parent=13456"}],"curies":[{"name":"wp","href":"https:\/\/api.w.org\/{rel}","templated":true}]}}