{"id":13451,"date":"2026-04-13T15:09:23","date_gmt":"2026-04-13T19:09:23","guid":{"rendered":"https:\/\/ambsantiago.esteri.it\/?page_id=13451"},"modified":"2026-04-13T16:58:01","modified_gmt":"2026-04-13T20:58:01","slug":"sustraccion-internacional-de-menores","status":"publish","type":"page","link":"https:\/\/ambsantiago.esteri.it\/es\/servizi-consolari-e-visti\/servizi-per-il-cittadino-italiano\/assistenza-ai-cittadini-allestero\/sustraccion-internacional-de-menores\/","title":{"rendered":"Sustracci\u00f3n internacional de menores"},"content":{"rendered":"<p>El problema de la <strong>sustracci\u00f3n internacional de menores<\/strong> ha adquirido en los \u00faltimos tiempos una importancia creciente, tanto por la mayor movilidad internacional de las familias como por la mayor sensibilidad con la que perciben el problema los padres que ven vulnerado su derecho al ejercicio activo de la responsabilidad parental.<br \/>\nLa expresi\u00f3n \u00absustracci\u00f3n internacional de menores\u00bb se refiere a la situaci\u00f3n en la cual un menor es llevado ilegalmente al extranjero por una persona que no ejerce la patria potestad exclusiva, sin autorizaci\u00f3n alguna, o no es devuelto a su pa\u00eds de residencia habitual tras una estancia en el extranjero. Si la sustracci\u00f3n ya se ha producido, <strong>el progenitor o, si es diferente, el titular del derecho de custodia, puede<\/strong>:<\/p>\n<ul>\n<li>considerar la posibilidad de presentar una denuncia ante los \u00f3rganos de la polic\u00eda judicial competentes;<\/li>\n<li>dirigirse a la Autoridad Central del Ministerio de Justicia (<a href=\"mailto:autoritacentrali.dgm@giustizia.it\">autoritacentrali.dgm@giustizia.it<\/a>) si entre Italia o el Chile y el pa\u00eds de destino presunto del menor est\u00e1 en vigor el Convenio de La Haya de 25.10.1980. Si se dan las condiciones necesarias, a trav\u00e9s de la Autoridad Central, es posible presentar una solicitud de restituci\u00f3n del menor o una solicitud de regulaci\u00f3n del derecho de visita.<\/li>\n<li>dirigirse al Ministerio de Asuntos Exteriores y Cooperaci\u00f3n Internacional (MAECI) (<a href=\"mailto:dgit.tutelaminori@esteri.it\">dgit.tutelaminori@esteri.it<\/a>), en caso de que un menor italiano sea sustra\u00eddo y trasladado al extranjero, si all\u00ed se requiere asistencia consular. El MAECI, si lo considera oportuno, puede activar sus representaciones diplom\u00e1ticas y consulares en el extranjero para que act\u00faen localmente (indicaci\u00f3n de nombres de abogados, intentos de mediaci\u00f3n, apoyo a la actuaci\u00f3n de la Autoridad Central, etc.).<\/li>\n<\/ul>\n<p>El secuestro y la retenci\u00f3n de un menor en el extranjero constituyen un delito seg\u00fan el art\u00edculo 574 bis del C\u00f3digo Penal, salvo que se considere otro delito m\u00e1s grave (por ejemplo, el art\u00edculo 605 del C\u00f3digo Penal).<\/p>\n<p>El MAECI y la Canciller\u00eda Consular <strong>no pueden en ning\u00fan caso<\/strong>:<\/p>\n<ul>\n<li>proporcionar asesoramiento jur\u00eddico;<\/li>\n<li>representar al ciudadano italiano ante los tribunales;<\/li>\n<li>actuar en violaci\u00f3n de las leyes locales o las normas internacionales;<\/li>\n<li>recurrir a la justicia local con el fin de hacer reconocer o ejecutar una medida nacional.<\/li>\n<\/ul>\n<p>En lo que respecta a <strong>Chile<\/strong>, este pa\u00eds es parte (al igual que Italia) del Convenio de La Haya de 1980 sobre los aspectos civiles de la sustracci\u00f3n internacional de menores.<\/p>\n<p>Los Estados adheridos al Convenio de La Haya de 1980 cuentan con una Autoridad Central competente para los casos de sustracci\u00f3n internacional de menores. La Autoridad Central para Italia es el Departamento de Justicia Juvenil y Comunitaria, establecido en el Ministerio de Justicia, mientras que en Chile es: Corporaci\u00f3n de Asistencia Judicial de la Regi\u00f3n Metropolitana, Calle Agustinas 1419, Santiago de Chile, Chile, correo electr\u00f3nico <a href=\"mailto:internacional@cajmetro.cl\">internacional@cajmetro.cl<\/a> .<\/p>\n<p>Se puede encontrar informaci\u00f3n adicional y m\u00e1s detallada en las siguientes p\u00e1ginas:<\/p>\n<ul>\n<li><a href=\"https:\/\/www.giustizia.it\/giustizia\/it\/mg_2_5_10.wp\">Sustracci\u00f3n internacional de menores y protecci\u00f3n del ejercicio del derecho de visita<\/a><\/li>\n<li><a href=\"https:\/\/www.esteri.it\/it\/servizi-consolari-e-visti\/italiani-all-estero\/minori-estero\/\">Menores italianos en el extranjero<\/a><\/li>\n<\/ul>\n","protected":false},"excerpt":{"rendered":"El problema de la sustracci\u00f3n internacional de menores ha adquirido en los \u00faltimos tiempos una importancia creciente, tanto por la mayor movilidad internacional de las familias como por la mayor sensibilidad con la que perciben el problema los padres que ven vulnerado su derecho al ejercicio activo de la responsabilidad parental. La expresi\u00f3n \u00absustracci\u00f3n internacional [&hellip;]","protected":false},"author":8,"featured_media":0,"parent":207,"menu_order":3,"comment_status":"closed","ping_status":"closed","template":"","meta":{"footnotes":""},"class_list":["post-13451","page","type-page","status-publish","hentry"],"_links":{"self":[{"href":"https:\/\/ambsantiago.esteri.it\/es\/wp-json\/wp\/v2\/pages\/13451","targetHints":{"allow":["GET"]}}],"collection":[{"href":"https:\/\/ambsantiago.esteri.it\/es\/wp-json\/wp\/v2\/pages"}],"about":[{"href":"https:\/\/ambsantiago.esteri.it\/es\/wp-json\/wp\/v2\/types\/page"}],"author":[{"embeddable":true,"href":"https:\/\/ambsantiago.esteri.it\/es\/wp-json\/wp\/v2\/users\/8"}],"replies":[{"embeddable":true,"href":"https:\/\/ambsantiago.esteri.it\/es\/wp-json\/wp\/v2\/comments?post=13451"}],"version-history":[{"count":1,"href":"https:\/\/ambsantiago.esteri.it\/es\/wp-json\/wp\/v2\/pages\/13451\/revisions"}],"predecessor-version":[{"id":13453,"href":"https:\/\/ambsantiago.esteri.it\/es\/wp-json\/wp\/v2\/pages\/13451\/revisions\/13453"}],"up":[{"embeddable":true,"href":"https:\/\/ambsantiago.esteri.it\/es\/wp-json\/wp\/v2\/pages\/207"}],"wp:attachment":[{"href":"https:\/\/ambsantiago.esteri.it\/es\/wp-json\/wp\/v2\/media?parent=13451"}],"curies":[{"name":"wp","href":"https:\/\/api.w.org\/{rel}","templated":true}]}}