{"id":13447,"date":"2026-04-13T16:00:22","date_gmt":"2026-04-13T20:00:22","guid":{"rendered":"https:\/\/ambsantiago.esteri.it\/?page_id=13447"},"modified":"2026-04-13T16:56:37","modified_gmt":"2026-04-13T20:56:37","slug":"ayuda-indirecta-a-traves-de-organizaciones-beneficas-en-favor-de-ciudadanos-italiano-en-estado-de-indigencia-2","status":"publish","type":"page","link":"https:\/\/ambsantiago.esteri.it\/es\/servizi-consolari-e-visti\/servizi-per-il-cittadino-italiano\/assistenza-ai-cittadini-allestero\/ayuda-indirecta-a-traves-de-organizaciones-beneficas-en-favor-de-ciudadanos-italiano-en-estado-de-indigencia-2\/","title":{"rendered":"Ayuda indirecta a trav\u00e9s de organizaciones ben\u00e9ficas en favor de ciudadanos italiano en estado de indigencia"},"content":{"rendered":"<p style=\"text-align: justify;\">En Chile operan tres asociaciones ben\u00e9ficas que se ocupan de los ciudadanos italianos residentes en el pa\u00eds que se encuentran en situaci\u00f3n de pobreza o viven en contextos sociales y familiares particularmente vulnerables:<\/p>\n<ul style=\"text-align: justify;\">\n<li>C.O.I.A. \u2013 Comitato Italiano di Assistenza\u00a0 \u2013 Av. General Bustamante 180, Providencia Santiago (atenci\u00f3n al publico los martes y jueves de 14.00 a 17.00 horas) \u2013 email: <a href=\"mailto:contacto@pompeya.cl\">contacto@pompeya.cl<\/a> \u2013 <a href=\"mailto:coiaassistenza@gmail.com\">coiaassistenza@gmail.com<\/a><\/li>\n<li>HOGAR ITALIANO \u2013 Av. Holanda 3639, \u00d1u\u00f1oa Santiago \u2013 email: <a href=\"mailto:contacto@hogaritaliano.cl\">contacto@hogaritaliano.cl<\/a><\/li>\n<li>SIBV \u2013 Sociedad Italiana de Beneficencia de Valpara\u00edso \u2013 Blanco 1131, piso 6, Valparaiso \u2013 email: <a href=\"mailto:benitvalpo@gmail.com\">benitvalpo@gmail.com<\/a><\/li>\n<\/ul>\n<p style=\"text-align: justify;\">En caso de necesidad, puede acudir a ellos para obtener ayuda.<\/p>\n","protected":false},"excerpt":{"rendered":"En Chile operan tres asociaciones ben\u00e9ficas que se ocupan de los ciudadanos italianos residentes en el pa\u00eds que se encuentran en situaci\u00f3n de pobreza o viven en contextos sociales y familiares particularmente vulnerables: C.O.I.A. \u2013 Comitato Italiano di Assistenza\u00a0 \u2013 Av. General Bustamante 180, Providencia Santiago (atenci\u00f3n al publico los martes y jueves de 14.00 [&hellip;]","protected":false},"author":8,"featured_media":0,"parent":207,"menu_order":4,"comment_status":"closed","ping_status":"closed","template":"","meta":{"footnotes":""},"class_list":["post-13447","page","type-page","status-publish","hentry"],"_links":{"self":[{"href":"https:\/\/ambsantiago.esteri.it\/es\/wp-json\/wp\/v2\/pages\/13447","targetHints":{"allow":["GET"]}}],"collection":[{"href":"https:\/\/ambsantiago.esteri.it\/es\/wp-json\/wp\/v2\/pages"}],"about":[{"href":"https:\/\/ambsantiago.esteri.it\/es\/wp-json\/wp\/v2\/types\/page"}],"author":[{"embeddable":true,"href":"https:\/\/ambsantiago.esteri.it\/es\/wp-json\/wp\/v2\/users\/8"}],"replies":[{"embeddable":true,"href":"https:\/\/ambsantiago.esteri.it\/es\/wp-json\/wp\/v2\/comments?post=13447"}],"version-history":[{"count":1,"href":"https:\/\/ambsantiago.esteri.it\/es\/wp-json\/wp\/v2\/pages\/13447\/revisions"}],"predecessor-version":[{"id":13450,"href":"https:\/\/ambsantiago.esteri.it\/es\/wp-json\/wp\/v2\/pages\/13447\/revisions\/13450"}],"up":[{"embeddable":true,"href":"https:\/\/ambsantiago.esteri.it\/es\/wp-json\/wp\/v2\/pages\/207"}],"wp:attachment":[{"href":"https:\/\/ambsantiago.esteri.it\/es\/wp-json\/wp\/v2\/media?parent=13447"}],"curies":[{"name":"wp","href":"https:\/\/api.w.org\/{rel}","templated":true}]}}