{"id":13127,"date":"2026-03-27T13:35:07","date_gmt":"2026-03-27T16:35:07","guid":{"rendered":"https:\/\/ambsantiago.esteri.it\/?page_id=13127"},"modified":"2026-03-27T15:04:06","modified_gmt":"2026-03-27T18:04:06","slug":"restablecimiento-del-apellido-original","status":"publish","type":"page","link":"https:\/\/ambsantiago.esteri.it\/es\/servizi-consolari-e-visti\/servizi-per-il-cittadino-italiano\/stato-civile\/restablecimiento-del-apellido-original\/","title":{"rendered":"Restablecimiento del apellido original"},"content":{"rendered":"<p style=\"text-align: justify;\">En el caso de la transcripci\u00f3n del acta de nacimiento de personas nacidas en el extranjero que posean doble nacionalidad (italiana y del pa\u00eds de nacimiento), el Oficial del Registro Civil del Municipio italiano competente no debe corregir el apellido otorgado al nacer en el otro pa\u00eds de nacionalidad para ajustarlo a las normas vigentes en Italia, a menos que exista una solicitud en ese sentido por parte del interesado (o de los padres, en el caso de menores).<\/p>\n<p style=\"text-align: justify;\">Por lo tanto, en aplicaci\u00f3n del derecho a la identidad personal garantizado por la Constituci\u00f3n, las personas nacidas en el extranjero, que posean desde el nacimiento la doble nacionalidad del pa\u00eds extranjero de nacimiento y la italiana, o a quienes se les haya reconocido posteriormente esta \u00faltima por derivaci\u00f3n de un ascendiente, <span style=\"text-decoration: underline;\">pueden solicitar el restablecimiento del apellido original<\/span>, corregido de manera oficial por el Oficial del Registro Civil en el momento de la transcripci\u00f3n de su acta de nacimiento de conformidad con las normas vigentes en pasado.<\/p>\n<p style=\"text-align: justify;\">Las solicitudes de cambio de apellido que tengan como \u00fanico objetivo el <strong>restablecimiento<\/strong> del mismo en la <span style=\"text-decoration: underline;\">forma originalmente atribuida al momento del nacimiento en el extranjero<\/span> (tal como consta en la partida de nacimiento original) se tramitan de conformidad con el art. 98, p\u00e1rrafo 2, del D.P.R. 396\/2000, es decir, mediante la realizaci\u00f3n de la correcci\u00f3n directamente a cargo del Oficial del Registro Civil del Municipio italiano donde se encuentra transcrita la partida.<\/p>\n<p style=\"text-align: justify;\">Es importante presentar la solicitud de restablecimiento del apellido de origen para poder <strong>armonizar los datos personales<\/strong> en Italia con los de Chile y tener la misma identidad en los <span style=\"text-decoration: underline;\">documentos italianos y chilenos<\/span>.<\/p>\n<p style=\"text-align: justify;\">La solicitud de restablecimiento puede enviarse por correo electr\u00f3nico a <a href=\"mailto:consolato.santiago@esteri.it\">consolato.santiago@esteri.it<\/a> indicando en el asunto \u00abRESTABLECIMIENTO DEL APELLIDO ORIGINAL\u00bb o entregarse en las <a href=\"https:\/\/ambsantiago.esteri.it\/es\/chi-siamo\/la-rete-consolare\/\">Oficinas Consulares Honorarias<\/a>. En ambos casos es necesario presentar la siguiente documentaci\u00f3n:<\/p>\n<ul style=\"text-align: justify;\">\n<li><strong>formulario de solicitud<\/strong>, debidamente cumplimentado, fechado y firmado;<\/li>\n<li>copia de un <strong>documento de identidad vigente<\/strong> en el que se vean claramente los datos personales correctos.<\/li>\n<\/ul>\n<p style=\"text-align: justify;\">La Canciller\u00eda Consular se encargar\u00e1 posteriormente de transmitir la solicitud al Municipio italiano competente. Las posibles solicitudes de informaci\u00f3n sobre el resultado de la solicitud de restablecimiento podr\u00e1n enviarse directamente al Municipio italiano competente.<\/p>\n<p>&nbsp;<\/p>\n<p style=\"text-align: justify;\"><strong>FORMULARIOS<\/strong><\/p>\n<ul>\n<li style=\"text-align: justify;\"><a href=\"https:\/\/ambsantiago.esteri.it\/wp-content\/uploads\/2026\/03\/Modulo-ripristino-cognome-maggiorenne.pdf\">Formulario de restablecimiento del apellido original (ciudadano mayor de edad)<\/a><\/li>\n<li style=\"text-align: justify;\"><a href=\"https:\/\/ambsantiago.esteri.it\/wp-content\/uploads\/2026\/03\/Modulo-ripristino-cognome-minorenne.pdf\">Formulario de restablecimiento del apellido original (ciudadano menor de edad)<\/a><\/li>\n<\/ul>\n","protected":false},"excerpt":{"rendered":"En el caso de la transcripci\u00f3n del acta de nacimiento de personas nacidas en el extranjero que posean doble nacionalidad (italiana y del pa\u00eds de nacimiento), el Oficial del Registro Civil del Municipio italiano competente no debe corregir el apellido otorgado al nacer en el otro pa\u00eds de nacionalidad para ajustarlo a las normas vigentes [&hellip;]","protected":false},"author":8,"featured_media":0,"parent":206,"menu_order":6,"comment_status":"closed","ping_status":"closed","template":"","meta":{"footnotes":""},"class_list":["post-13127","page","type-page","status-publish","hentry"],"_links":{"self":[{"href":"https:\/\/ambsantiago.esteri.it\/es\/wp-json\/wp\/v2\/pages\/13127","targetHints":{"allow":["GET"]}}],"collection":[{"href":"https:\/\/ambsantiago.esteri.it\/es\/wp-json\/wp\/v2\/pages"}],"about":[{"href":"https:\/\/ambsantiago.esteri.it\/es\/wp-json\/wp\/v2\/types\/page"}],"author":[{"embeddable":true,"href":"https:\/\/ambsantiago.esteri.it\/es\/wp-json\/wp\/v2\/users\/8"}],"replies":[{"embeddable":true,"href":"https:\/\/ambsantiago.esteri.it\/es\/wp-json\/wp\/v2\/comments?post=13127"}],"version-history":[{"count":2,"href":"https:\/\/ambsantiago.esteri.it\/es\/wp-json\/wp\/v2\/pages\/13127\/revisions"}],"predecessor-version":[{"id":13223,"href":"https:\/\/ambsantiago.esteri.it\/es\/wp-json\/wp\/v2\/pages\/13127\/revisions\/13223"}],"up":[{"embeddable":true,"href":"https:\/\/ambsantiago.esteri.it\/es\/wp-json\/wp\/v2\/pages\/206"}],"wp:attachment":[{"href":"https:\/\/ambsantiago.esteri.it\/es\/wp-json\/wp\/v2\/media?parent=13127"}],"curies":[{"name":"wp","href":"https:\/\/api.w.org\/{rel}","templated":true}]}}