{"id":12462,"date":"2026-02-16T18:10:37","date_gmt":"2026-02-16T21:10:37","guid":{"rendered":"https:\/\/ambsantiago.esteri.it\/?page_id=12462"},"modified":"2026-03-27T15:04:58","modified_gmt":"2026-03-27T18:04:58","slug":"matrimonio-en-italia","status":"publish","type":"page","link":"https:\/\/ambsantiago.esteri.it\/es\/servizi-consolari-e-visti\/servizi-per-il-cittadino-italiano\/stato-civile\/matrimonio-en-italia\/","title":{"rendered":"Matrimonio en Italia"},"content":{"rendered":"<p style=\"text-align: justify;\">Esta secci\u00f3n est\u00e1 dedicada a los ciudadanos italianos o extranjeros que desean contraer matrimonio en Italia. Para contraer matrimonio en Italia es necesario realizar las publicaciones, obligatorias para los ciudadanos italianos que desean casarse ante las Autoridades italianas.<\/p>\n<p style=\"text-align: justify;\">Las publicaciones matrimoniales deben solicitarse al funcionario del registro civil del lugar de residencia de uno de los contrayentes, a la Municipalidad en Italia o a la Representaci\u00f3n diplom\u00e1tico-consular italiana competente en el extranjero, y se realizan en los lugares de residencia de ambos, si son diferentes. La oficina que reciba la solicitud se encargar\u00e1 de solicitar su ejecuci\u00f3n tambi\u00e9n a la otra oficina y las publicaciones se realizar\u00e1n en ambos lugares de residencia, si procede.<\/p>\n<p style=\"text-align: justify;\">La solicitud de las publicaciones puede presentarse en persona o mediante un poder especial redactado en papel sencillo, acompa\u00f1ado de los documentos de identidad v\u00e1lidos de ambos contrayentes. Los ciudadanos no pertenecientes a la Uni\u00f3n Europea y no residentes en Italia deber\u00e1n proceder a la autenticaci\u00f3n de su firma.<\/p>\n<p style=\"text-align: justify;\">Las publicaciones permanecer\u00e1n expuestas en el Registro Consular durante ocho d\u00edas completos. La celebraci\u00f3n del matrimonio podr\u00e1 tener lugar en un plazo de 180 d\u00edas a partir del cuarto d\u00eda siguiente a la exposici\u00f3n.<\/p>\n<p style=\"text-align: center;\"><strong>D\u00f3nde solicitar las publicaciones<\/strong><\/p>\n<ul>\n<li style=\"text-align: justify;\">Si <span style=\"text-decoration: underline;\">ambos contrayentes (italianos) residen en el extranjero<\/span>, las publicaciones matrimoniales deben solicitarse y realizarse <span style=\"text-decoration: underline;\">ante las Autoridades Consulares italianas<\/span> competentes por residencia;<\/li>\n<li style=\"text-align: justify;\">Si uno de los contrayentes (italiano) tiene su <span style=\"text-decoration: underline;\">residencia en Italia<\/span>, mientras que el otro (ciudadano italiano) tiene su <span style=\"text-decoration: underline;\">residencia en el extranjero<\/span>, las publicaciones matrimoniales pueden solicitarse <span style=\"text-decoration: underline;\">en la Municipalidad de residencia en Italia o en la Representaci\u00f3n diplom\u00e1tico-consular<\/span> italiana competente en el extranjero. <span style=\"text-decoration: underline;\">La oficina que reciba la solicitud se encargar\u00e1 de solicitar su ejecuci\u00f3n tambi\u00e9n a la otra oficina y las publicaciones se realizar\u00e1n en ambos lugares<\/span> de residencia;<\/li>\n<li>Si <span style=\"text-decoration: underline;\">ambos contrayentes (italiano y extranjero) residen en el extranjero<\/span>, las publicaciones matrimoniales deben solicitarse y realizarse <span style=\"text-decoration: underline;\">ante las Autoridades Consulares italianas<\/span> competentes por residencia del contrayente\u00a0 italiano;<\/li>\n<li style=\"text-align: justify;\">Si el <span style=\"text-decoration: underline;\">contrayente italiano tiene su residencia en Italia<\/span>, mientras que el otro (ciudadano <span style=\"text-decoration: underline;\">extranjero) tiene su residencia en el extranjero<\/span>, las publicaciones matrimoniales deben solicitarse al <span style=\"text-decoration: underline;\">Municipalid italiana<\/span> de residencia del contrayente y realizarse all\u00ed.<\/li>\n<\/ul>\n<p style=\"text-align: justify;\">Una vez realizadas las publicaciones, la Representaci\u00f3n diplom\u00e1tico-consular delegar\u00e1 la celebraci\u00f3n a la Municipalidad italiana indicada.<\/p>\n<p style=\"text-align: justify;\">El art\u00edculo 116 del C\u00f3digo Civil establece que, para poder contraer matrimonio, el <span style=\"text-decoration: underline;\">ciudadano extranjer<\/span>o debe presentar un \u00ab<em><strong>nulla osta<\/strong>\u00ab<\/em>, mediante el cual las autoridades competentes de su pa\u00eds de origen certifiquen la <span style=\"text-decoration: underline;\">ausencia de impedimentos para contraer matrimonio<\/span>.<\/p>\n<p style=\"text-align: justify;\">En lo que respecta a Chile, el ciudadano extranjero deber\u00e1 solicitar, antes de partir, el \u00ab<span style=\"text-decoration: underline;\">informe de no matrimonio<\/span>\u00bb y su certificado de nacimiento, ambos apostillados y traducidos al italiano. La traducci\u00f3n de estos documentos ser\u00e1 declarada conforme por la Canciller\u00eda Consular previo pago de las <a href=\"https:\/\/ambsantiago.esteri.it\/es\/servizi-consolari-e-visti\/servizi-per-il-cittadino-italiano\/tarifa-consular-2\/\">tarifas consulares<\/a>, para su posterior uso en Italia. El Registro Civil de Chile no expide el certificado de solter\u00eda. Una vez en Italia, los ciudadanos chilenos deber\u00e1n <span style=\"text-decoration: underline;\">dirigirse al Consulado chileno competente para obtener el certificado correspondiente<\/span>.<\/p>\n<p style=\"text-align: justify;\">El servicio de publicaciones matrimoniales se realiza con <span style=\"text-decoration: underline;\">cita previa<\/span>, que debe solicitarse escribiendo a <a href=\"mailto:consolato.santiago@esteri.it\">consolato.santiago@esteri.it<\/a> e indicando en el asunto \u00abPUBLICACIONES MATRIMONIALES\u00bb. El d\u00eda de la cita, los contrayentes deber\u00e1n pagar lo previsto en los art\u00edculos 3 y 2c de la tabla de <a href=\"https:\/\/ambsantiago.esteri.it\/es\/servizi-consolari-e-visti\/servizi-per-il-cittadino-italiano\/tarifa-consular-2\/\">tarifas consulares<\/a> y presentar:<\/p>\n<ul>\n<li style=\"text-align: justify;\">para los ciudadanos italianos, el <span style=\"text-decoration: underline;\">formulario de solicitud<\/span>, llenado, fechado y firmado (v\u00e9anse los formularios al final de p\u00e1gina);<\/li>\n<li style=\"text-align: justify;\">para los ciudadanos extranjeros, el \u00ab<span style=\"text-decoration: underline;\">informe de no matrimonio<\/span>\u00bb y su <span style=\"text-decoration: underline;\">certificado de nacimiento<\/span>, ambos apostillados y traducidos al italiano. La traducci\u00f3n de estos documentos ser\u00e1 declarada conforme por la Canciller\u00eda Consular previo pago de las <a href=\"https:\/\/ambsantiago.esteri.it\/es\/servizi-consolari-e-visti\/servizi-per-il-cittadino-italiano\/tarifa-consular-2\/\">tarifas consulares<\/a>, para su posterior uso en Italia;<\/li>\n<li style=\"text-align: justify;\">copia de los <span style=\"text-decoration: underline;\">documentos de identidad v\u00e1lidos<\/span> de ambos contrayentes.<\/li>\n<\/ul>\n<p>&nbsp;<\/p>\n<p><strong>FORMULARIOS<\/strong><\/p>\n<ul>\n<li><a href=\"https:\/\/ambsantiago.esteri.it\/wp-content\/uploads\/2026\/03\/Dichiarazione-DPR-445-2000-per-PUBBLICAZIONI-MATRIMONIO.pdf\">Declaraci\u00f3n sustitutiva para la solicitud de publicaci\u00f3n de matrimonio<\/a><\/li>\n<\/ul>\n","protected":false},"excerpt":{"rendered":"Esta secci\u00f3n est\u00e1 dedicada a los ciudadanos italianos o extranjeros que desean contraer matrimonio en Italia. Para contraer matrimonio en Italia es necesario realizar las publicaciones, obligatorias para los ciudadanos italianos que desean casarse ante las Autoridades italianas. Las publicaciones matrimoniales deben solicitarse al funcionario del registro civil del lugar de residencia de uno de [&hellip;]","protected":false},"author":8,"featured_media":0,"parent":206,"menu_order":7,"comment_status":"closed","ping_status":"closed","template":"","meta":{"footnotes":""},"class_list":["post-12462","page","type-page","status-publish","hentry"],"_links":{"self":[{"href":"https:\/\/ambsantiago.esteri.it\/es\/wp-json\/wp\/v2\/pages\/12462","targetHints":{"allow":["GET"]}}],"collection":[{"href":"https:\/\/ambsantiago.esteri.it\/es\/wp-json\/wp\/v2\/pages"}],"about":[{"href":"https:\/\/ambsantiago.esteri.it\/es\/wp-json\/wp\/v2\/types\/page"}],"author":[{"embeddable":true,"href":"https:\/\/ambsantiago.esteri.it\/es\/wp-json\/wp\/v2\/users\/8"}],"replies":[{"embeddable":true,"href":"https:\/\/ambsantiago.esteri.it\/es\/wp-json\/wp\/v2\/comments?post=12462"}],"version-history":[{"count":6,"href":"https:\/\/ambsantiago.esteri.it\/es\/wp-json\/wp\/v2\/pages\/12462\/revisions"}],"predecessor-version":[{"id":13225,"href":"https:\/\/ambsantiago.esteri.it\/es\/wp-json\/wp\/v2\/pages\/12462\/revisions\/13225"}],"up":[{"embeddable":true,"href":"https:\/\/ambsantiago.esteri.it\/es\/wp-json\/wp\/v2\/pages\/206"}],"wp:attachment":[{"href":"https:\/\/ambsantiago.esteri.it\/es\/wp-json\/wp\/v2\/media?parent=12462"}],"curies":[{"name":"wp","href":"https:\/\/api.w.org\/{rel}","templated":true}]}}