{"id":11962,"date":"2026-01-15T14:27:22","date_gmt":"2026-01-15T17:27:22","guid":{"rendered":"https:\/\/ambsantiago.esteri.it\/servizi-consolari-e-visti\/servizi-per-il-cittadino-italiano\/servizi-elettorali\/referendum-costituzionale-confermativo-dei-giorni-22-e-23-marzo-2026\/"},"modified":"2026-03-10T16:55:22","modified_gmt":"2026-03-10T19:55:22","slug":"referendum-costituzionale-confermativo-dei-giorni-22-e-23-marzo-2026","status":"publish","type":"page","link":"https:\/\/ambsantiago.esteri.it\/es\/servizi-consolari-e-visti\/servizi-per-il-cittadino-italiano\/servizi-elettorali\/elecciones-politicas-y-referendum\/referendum-costituzionale-confermativo-dei-giorni-22-e-23-marzo-2026\/","title":{"rendered":"REFER\u00c9NDUM CONSTITUCIONAL CONFIRMATORIO DE LOS D\u00cdAS 22 Y 23 DE MARZO DE 2026"},"content":{"rendered":"<p>&nbsp;<\/p>\n<p><img loading=\"lazy\" decoding=\"async\" class=\"aligncenter size-large wp-image-12057 img-fluid\" src=\"https:\/\/ambsantiago.esteri.it\/wp-content\/uploads\/2026\/01\/d49786c0-3f85-4730-9652-f8db101621e7-1024x576.jpg\" alt=\"\" width=\"640\" height=\"360\" srcset=\"https:\/\/ambsantiago.esteri.it\/wp-content\/uploads\/2026\/01\/d49786c0-3f85-4730-9652-f8db101621e7-1024x576.jpg 1024w, https:\/\/ambsantiago.esteri.it\/wp-content\/uploads\/2026\/01\/d49786c0-3f85-4730-9652-f8db101621e7-300x169.jpg 300w, https:\/\/ambsantiago.esteri.it\/wp-content\/uploads\/2026\/01\/d49786c0-3f85-4730-9652-f8db101621e7-768x432.jpg 768w, https:\/\/ambsantiago.esteri.it\/wp-content\/uploads\/2026\/01\/d49786c0-3f85-4730-9652-f8db101621e7.jpg 1600w\" sizes=\"auto, (max-width: 640px) 100vw, 640px\" \/><\/p>\n<p>&nbsp;<\/p>\n<h3 style=\"text-align: justify;\" data-start=\"0\" data-end=\"22\"><strong data-start=\"0\" data-end=\"22\">\u00bfPara qu\u00e9 se vota?<\/strong><\/h3>\n<p style=\"text-align: justify;\" data-start=\"24\" data-end=\"355\">Mediante el Decreto del Presidente de la Rep\u00fablica del 13\/01\/2026, publicado en la <em data-start=\"107\" data-end=\"127\">Gazzetta Ufficiale<\/em>, Serie General, n.\u00ba 10 del 14\/01\/2026, se convoc\u00f3 un <strong>refer\u00e9ndum confirmatorio conforme al art\u00edculo 138 de la Constituci\u00f3n<\/strong>, relativo a: <strong>\u00abNormas en materia de ordenamiento jurisdiccional y de creaci\u00f3n del Tribunal Disciplinario\u00bb<\/strong>.<\/p>\n<h3 style=\"text-align: justify;\" data-start=\"357\" data-end=\"375\"><strong data-start=\"357\" data-end=\"375\">\u00bfC\u00f3mo se vota?<\/strong><\/h3>\n<p style=\"text-align: justify;\" data-start=\"377\" data-end=\"628\"><strong>El voto en el extranjero se realiza por correspondencia<\/strong>. Las papeletas deber\u00e1n reenviarse al consulado siguiendo atentamente <strong>las instrucciones de la hoja informativa<\/strong> incluida en el sobre electoral y utilizando exclusivamente el material proporcionado.<\/p>\n<h3 style=\"text-align: justify;\" data-start=\"630\" data-end=\"673\"><strong data-start=\"630\" data-end=\"673\">\u00bfQui\u00e9nes pueden votar en el extranjero?<\/strong><\/h3>\n<ul style=\"text-align: justify;\" data-start=\"675\" data-end=\"1102\">\n<li data-start=\"675\" data-end=\"868\">\n<p data-start=\"677\" data-end=\"868\"><strong>Los electores inscritos en el AIRE<\/strong> (Registro de los Italianos Residentes en el Extranjero), quienes recibir\u00e1n directamente el sobre electoral en su domicilio de residencia en el extranjero.<\/p>\n<\/li>\n<li data-start=\"869\" data-end=\"1102\">\n<p data-start=\"871\" data-end=\"1102\"><strong>Los ciudadanos italianos<\/strong> que se encuentren <strong>temporalmente<\/strong> en el extranjero por al menos tres meses, exclusivamente POR MOTIVOS DE TRBAJO, ESTUDIO O TRATAMIENTOS M\u00c9DICOS , y los familiares que convivan con ellos en el extranjero.<\/p>\n<\/li>\n<\/ul>\n<p style=\"text-align: justify;\" data-start=\"1104\" data-end=\"1334\"><strong data-start=\"1104\" data-end=\"1117\"><span style=\"text-decoration: underline;\">ATENCI\u00d3N<\/span>:<\/strong> el elector que se encuentre temporalmente en el extranjero debe presentar una solicitud espec\u00edfica directamente al Municipio italiano de residencia <strong data-start=\"1266\" data-end=\"1301\">ANTES DEL 18 DE FEBRERO DE 2026<\/strong> para recibir el sobre electoral.<\/p>\n<h3 style=\"text-align: justify;\" data-start=\"1336\" data-end=\"1363\"><strong data-start=\"1336\" data-end=\"1363\">\u00bfPuedo votar en Italia?<\/strong><\/h3>\n<p style=\"text-align: justify;\" data-start=\"1365\" data-end=\"1638\">Los electores inscritos en el AIRE que deseen votar en Italia deben comunicar su decisi\u00f3n al Consulado correspondiente dentro de los diez d\u00edas siguientes a la convocatoria, es decir, <strong data-start=\"1548\" data-end=\"1571\">hasta el 24\/01\/2026<\/strong>. Esta decisi\u00f3n puede ser revocada <strong>tambi\u00e9n hasta el 24\/01\/2026<\/strong>.<\/p>\n<h3 style=\"text-align: justify;\" data-start=\"1640\" data-end=\"1660\"><strong data-start=\"1640\" data-end=\"1660\">\u00bfCu\u00e1ndo se vota?<\/strong><\/h3>\n<ul style=\"text-align: justify;\">\n<li data-start=\"1662\" data-end=\"1875\"><strong>En Italia<\/strong> se vota <span style=\"text-decoration: underline;\">el domingo 22 y el lunes 23 de marzo de 2026<\/span>.<\/li>\n<li data-start=\"1662\" data-end=\"1875\"><strong>Los electores en el extranjero votan con anticipaci\u00f3n, <\/strong>por correspodencia<strong>.<\/strong> Los sobres ser\u00e1n enviados al domicilio de residencia <strong data-start=\"1836\" data-end=\"1874\">a m\u00e1s tardar el 4 de marzo de 2026<\/strong>.<\/li>\n<\/ul>\n<p style=\"text-align: justify;\" data-start=\"1877\" data-end=\"2081\">Solo se enviar\u00e1n a Italia para el escrutinio las papeletas votadas que lleguen a la oficina consular correspondiente <strong data-start=\"1994\" data-end=\"2018\">HASTA Y NO M\u00c1S TARDE<\/strong> <strong>de las<\/strong> <strong data-start=\"2026\" data-end=\"2080\">16:00 horas locales del jueves 19 de marzo de 2026<\/strong>.<\/p>\n<p data-start=\"1877\" data-end=\"2081\">Los sobres pueden devolverse por correo postal o entreg\u00e1ndose en mano en el buz\u00f3n de la Embajada, situado en Clemente Fabres 1050, que se ha abierto expresamente para este fin.<\/p>\n<p style=\"text-align: justify;\" data-start=\"2083\" data-end=\"2259\" data-is-last-node=\"\" data-is-only-node=\"\"><strong data-start=\"2083\" data-end=\"2096\"><span style=\"text-decoration: underline;\">ATENCI\u00d3N<\/span>:<\/strong> los electores que <strong data-start=\"2115\" data-end=\"2146\">HASTA EL 8 DE MARZO DE 2026<\/strong> <strong>a\u00fan no hayan recibido el sobre electoral<\/strong> podr\u00e1n contactar a su oficina consular para solicitar un <strong data-start=\"2245\" data-end=\"2258\">DUPLICADO<\/strong>.<\/p>\n<h3 style=\"text-align: justify;\"><\/h3>\n<h3 style=\"text-align: justify;\"><strong>M\u00e1s informaciones y formularios, ser\u00e1n publicados a continuaci\u00f3n:<\/strong><\/h3>\n<p style=\"text-align: justify;\">15\/01\/2026 \u2013 <a href=\"https:\/\/ambsantiago.esteri.it\/es\/news\/dall_ambasciata\/2026\/01\/11968\/\">Informaci\u00f3n para inscriptos en el AIRE que opten por el voto en Italia<\/a> \u2013 (descarga el <a href=\"https:\/\/ambsantiago.esteri.it\/wp-content\/uploads\/2026\/01\/2810591.-1-Modulo_di_opzione_Referendum_2026.pdf\">formulario<\/a>)<\/p>\n<p>26\/01\/2026 \u2013 <a href=\"https:\/\/ambsantiago.esteri.it\/es\/news\/dall_ambasciata\/2026\/01\/referendum-confirmatorio-22-23-de-marzo-de-2026\/\">Electores temporalmente en el extranjero<\/a> \u2013 (descarga el <a href=\"https:\/\/ambsantiago.esteri.it\/wp-content\/uploads\/2026\/01\/refendum2026-modello-opzione-temporanei-estero.pdf\">formulario<\/a>)<\/p>\n<p>13\/02\/2026 \u2013 <a href=\"https:\/\/ambsantiago.esteri.it\/wp-content\/uploads\/2026\/02\/2887012.-Foglio-informativo-fronte-spagnolo.pdf\">Instrucciones para votar y devolver las papeletas<\/a><\/p>\n<p>06\/03\/2026 &#8211; <a href=\"https:\/\/ambsantiago.esteri.it\/es\/news\/dall_ambasciata\/2026\/03\/referendum-constitucional-2026-emision-de-duplicados\/\">Emisi\u00f3n de duplicados<\/a><\/p>\n<p style=\"text-align: justify;\"><strong>Formularios<\/strong>:<\/p>\n<ul>\n<li style=\"text-align: justify;\"><a href=\"https:\/\/ambsantiago.esteri.it\/wp-content\/uploads\/2026\/01\/2810591.-1-Modulo_di_opzione_Referendum_2026.pdf\">Formulario de opci\u00f3n voto en Italia Referendum<\/a><\/li>\n<li><a href=\"https:\/\/ambsantiago.esteri.it\/wp-content\/uploads\/2026\/01\/refendum2026-modello-opzione-temporanei-estero.pdf\">Formulario de opci\u00f3n electores temporalmente en el extranjero<\/a><\/li>\n<li><a href=\"https:\/\/ambsantiago.esteri.it\/wp-content\/uploads\/2026\/03\/19.2-Modulo-richiesta-duplicati.pdf\">Formulario de solicitud duplucado del sobre electoral<\/a><\/li>\n<\/ul>\n","protected":false},"excerpt":{"rendered":"&nbsp; &nbsp; \u00bfPara qu\u00e9 se vota? Mediante el Decreto del Presidente de la Rep\u00fablica del 13\/01\/2026, publicado en la Gazzetta Ufficiale, Serie General, n.\u00ba 10 del 14\/01\/2026, se convoc\u00f3 un refer\u00e9ndum confirmatorio conforme al art\u00edculo 138 de la Constituci\u00f3n, relativo a: \u00abNormas en materia de ordenamiento jurisdiccional y de creaci\u00f3n del Tribunal Disciplinario\u00bb. \u00bfC\u00f3mo se [&hellip;]","protected":false},"author":12,"featured_media":12057,"parent":4003,"menu_order":0,"comment_status":"closed","ping_status":"closed","template":"","meta":{"footnotes":""},"class_list":["post-11962","page","type-page","status-publish","has-post-thumbnail","hentry"],"_links":{"self":[{"href":"https:\/\/ambsantiago.esteri.it\/es\/wp-json\/wp\/v2\/pages\/11962","targetHints":{"allow":["GET"]}}],"collection":[{"href":"https:\/\/ambsantiago.esteri.it\/es\/wp-json\/wp\/v2\/pages"}],"about":[{"href":"https:\/\/ambsantiago.esteri.it\/es\/wp-json\/wp\/v2\/types\/page"}],"author":[{"embeddable":true,"href":"https:\/\/ambsantiago.esteri.it\/es\/wp-json\/wp\/v2\/users\/12"}],"replies":[{"embeddable":true,"href":"https:\/\/ambsantiago.esteri.it\/es\/wp-json\/wp\/v2\/comments?post=11962"}],"version-history":[{"count":6,"href":"https:\/\/ambsantiago.esteri.it\/es\/wp-json\/wp\/v2\/pages\/11962\/revisions"}],"predecessor-version":[{"id":12896,"href":"https:\/\/ambsantiago.esteri.it\/es\/wp-json\/wp\/v2\/pages\/11962\/revisions\/12896"}],"up":[{"embeddable":true,"href":"https:\/\/ambsantiago.esteri.it\/es\/wp-json\/wp\/v2\/pages\/4003"}],"wp:featuredmedia":[{"embeddable":true,"href":"https:\/\/ambsantiago.esteri.it\/es\/wp-json\/wp\/v2\/media\/12057"}],"wp:attachment":[{"href":"https:\/\/ambsantiago.esteri.it\/es\/wp-json\/wp\/v2\/media?parent=11962"}],"curies":[{"name":"wp","href":"https:\/\/api.w.org\/{rel}","templated":true}]}}