{"id":10009,"date":"2025-07-30T09:18:36","date_gmt":"2025-07-30T13:18:36","guid":{"rendered":"https:\/\/ambsantiago.esteri.it\/?page_id=10009"},"modified":"2025-07-30T10:14:38","modified_gmt":"2025-07-30T14:14:38","slug":"reconocimiento-en-virtud-de-leyes-especiales","status":"publish","type":"page","link":"https:\/\/ambsantiago.esteri.it\/es\/servizi-consolari-e-visti\/servizi-per-il-cittadino-straniero\/cittadinanza\/reconocimiento-en-virtud-de-leyes-especiales\/","title":{"rendered":"Reconocimiento en virtud de leyes especiales"},"content":{"rendered":"<p style=\"text-align: justify;\" data-start=\"131\" data-end=\"384\">La Ley del 14 de diciembre de 2000, n. 379, prev\u00e9 el reconocimiento de la ciudadan\u00eda italiana a favor de las personas nacidas y residentes en los territorios del ex Imperio Austroh\u00fangaro y de sus descendientes que cumplan con los requisitos necesarios.<\/p>\n<p style=\"text-align: justify;\" data-start=\"386\" data-end=\"479\">El plazo para la presentaci\u00f3n de solicitudes conforme a la Ley 379\/2000 venci\u00f3 el 19\/12\/2010.<\/p>\n<p style=\"text-align: justify;\" data-start=\"481\" data-end=\"686\">La Ley del 8 de marzo de 2006, n. 124, establece el reconocimiento de la ciudadan\u00eda italiana a favor de los connacionales que la perdieron por haber residido entre 1940 y 1947 en Istria, Fiume y Dalmacia.<\/p>\n<p style=\"text-align: justify;\" data-start=\"688\" data-end=\"1105\">El reconocimiento de la ciudadan\u00eda italiana en virtud de leyes especiales constituye una adquisici\u00f3n por beneficio de ley; por lo tanto, no es posible que el progenitor ciudadano formule la declaraci\u00f3n de voluntad para la adquisici\u00f3n de la ciudadan\u00eda a favor del hijo menor, como lo prev\u00e9 el art\u00edculo 4, p\u00e1rrafo 1-bis, de la Ley n. 91\/1992, ya que dicho progenitor reconocido no es ciudadano italiano por nacimiento.<\/p>\n","protected":false},"excerpt":{"rendered":"La Ley del 14 de diciembre de 2000, n. 379, prev\u00e9 el reconocimiento de la ciudadan\u00eda italiana a favor de las personas nacidas y residentes en los territorios del ex Imperio Austroh\u00fangaro y de sus descendientes que cumplan con los requisitos necesarios. El plazo para la presentaci\u00f3n de solicitudes conforme a la Ley 379\/2000 venci\u00f3 [&hellip;]","protected":false},"author":8,"featured_media":0,"parent":232,"menu_order":7,"comment_status":"closed","ping_status":"closed","template":"","meta":{"footnotes":""},"class_list":["post-10009","page","type-page","status-publish","hentry"],"_links":{"self":[{"href":"https:\/\/ambsantiago.esteri.it\/es\/wp-json\/wp\/v2\/pages\/10009","targetHints":{"allow":["GET"]}}],"collection":[{"href":"https:\/\/ambsantiago.esteri.it\/es\/wp-json\/wp\/v2\/pages"}],"about":[{"href":"https:\/\/ambsantiago.esteri.it\/es\/wp-json\/wp\/v2\/types\/page"}],"author":[{"embeddable":true,"href":"https:\/\/ambsantiago.esteri.it\/es\/wp-json\/wp\/v2\/users\/8"}],"replies":[{"embeddable":true,"href":"https:\/\/ambsantiago.esteri.it\/es\/wp-json\/wp\/v2\/comments?post=10009"}],"version-history":[{"count":2,"href":"https:\/\/ambsantiago.esteri.it\/es\/wp-json\/wp\/v2\/pages\/10009\/revisions"}],"predecessor-version":[{"id":10012,"href":"https:\/\/ambsantiago.esteri.it\/es\/wp-json\/wp\/v2\/pages\/10009\/revisions\/10012"}],"up":[{"embeddable":true,"href":"https:\/\/ambsantiago.esteri.it\/es\/wp-json\/wp\/v2\/pages\/232"}],"wp:attachment":[{"href":"https:\/\/ambsantiago.esteri.it\/es\/wp-json\/wp\/v2\/media?parent=10009"}],"curies":[{"name":"wp","href":"https:\/\/api.w.org\/{rel}","templated":true}]}}