{"id":10004,"date":"2025-07-30T09:16:14","date_gmt":"2025-07-30T13:16:14","guid":{"rendered":"https:\/\/ambsantiago.esteri.it\/?page_id=10004"},"modified":"2025-07-30T10:15:39","modified_gmt":"2025-07-30T14:15:39","slug":"adquisicion-de-la-ciudadania-por-parte-de-hijos-menores-que-conviven-con-un-progenitor-que-no-es-ciudadano-desde-el-nacimiento","status":"publish","type":"page","link":"https:\/\/ambsantiago.esteri.it\/es\/servizi-consolari-e-visti\/servizi-per-il-cittadino-straniero\/cittadinanza\/adquisicion-de-la-ciudadania-por-parte-de-hijos-menores-que-conviven-con-un-progenitor-que-no-es-ciudadano-desde-el-nacimiento\/","title":{"rendered":"Adquisici\u00f3n de la ciudadan\u00eda por parte de hijos menores que conviven con un progenitor que no es ciudadano desde el nacimiento"},"content":{"rendered":"<p style=\"text-align: justify;\" data-start=\"138\" data-end=\"653\">El art\u00edculo 14 de la Ley n.\u00a0 91\/1992, modificado por el Decreto-Ley n. 36\/2025, tal como fue convertido en ley mediante la Ley n. 74\/2025, establece que, para adquirir la ciudadan\u00eda por esta v\u00eda, <strong>el hijo de ciudadanos italianos no desde el nacimiento debe estar legalmente residente en Italia desde hace al menos dos a\u00f1os continuos al momento de la adquisici\u00f3n o readquisici\u00f3n de la ciudadan\u00eda italiana por parte del progenitor<\/strong> (si el hijo es menor de dos a\u00f1os, debe haber residido en Italia desde su nacimiento).<\/p>\n<p style=\"text-align: justify;\" data-start=\"655\" data-end=\"673\">Se especifica que:<\/p>\n<ul data-start=\"675\" data-end=\"1871\">\n<li data-start=\"675\" data-end=\"1121\">\n<p style=\"text-align: justify;\" data-start=\"677\" data-end=\"1121\">En el caso de que el tr\u00e1mite de reconocimiento de la ciudadan\u00eda <em>iure communicatione<\/em> se encuadre, por las modalidades de presentaci\u00f3n, dentro de las excepciones indicadas en las letras a), a-bis) o b) del art\u00edculo 3-bis de la Ley n. 91\/1992 (es decir, solicitud \u2014administrativa o judicial\u2014 presentada antes del 27 de marzo de 2025, o solicitud presentada en una cita fijada antes del 27 de marzo de 2025), se aplicar\u00e1 la normativa anterior.<\/p>\n<\/li>\n<li style=\"text-align: justify;\" data-start=\"1123\" data-end=\"1421\">\n<p data-start=\"1125\" data-end=\"1421\">Si el tr\u00e1mite de reconocimiento de la ciudadan\u00eda <em>iure communicatione<\/em> ha sido presentado a partir del 28 de marzo de 2025, es necesario que el progenitor que transmite la ciudadan\u00eda sea exclusivamente ciudadano italiano o haya residido en Italia durante dos a\u00f1os antes del nacimiento del hijo.<\/p>\n<\/li>\n<li data-start=\"1423\" data-end=\"1871\">\n<p style=\"text-align: justify;\" data-start=\"1425\" data-end=\"1871\">Si <strong>la adquisici\u00f3n o readquisici\u00f3n de la ciudadan\u00eda por parte del progenitor ocurre a partir del 24 de mayo de 2025<\/strong>, el hijo que convive con el progenitor que adquiere o readquiere la ciudadan\u00eda italiana debe haber residido en Italia desde al menos dos a\u00f1os antes de la naturalizaci\u00f3n del progenitor. <strong>En este caso, la competencia para verificar la adquisici\u00f3n de la ciudadan\u00eda por parte del menor corresponder\u00e1 al municipio italiano de residencia.<\/strong><\/p>\n<\/li>\n<\/ul>\n","protected":false},"excerpt":{"rendered":"El art\u00edculo 14 de la Ley n.\u00a0 91\/1992, modificado por el Decreto-Ley n. 36\/2025, tal como fue convertido en ley mediante la Ley n. 74\/2025, establece que, para adquirir la ciudadan\u00eda por esta v\u00eda, el hijo de ciudadanos italianos no desde el nacimiento debe estar legalmente residente en Italia desde hace al menos dos a\u00f1os [&hellip;]","protected":false},"author":8,"featured_media":0,"parent":232,"menu_order":5,"comment_status":"closed","ping_status":"closed","template":"","meta":{"footnotes":""},"class_list":["post-10004","page","type-page","status-publish","hentry"],"_links":{"self":[{"href":"https:\/\/ambsantiago.esteri.it\/es\/wp-json\/wp\/v2\/pages\/10004","targetHints":{"allow":["GET"]}}],"collection":[{"href":"https:\/\/ambsantiago.esteri.it\/es\/wp-json\/wp\/v2\/pages"}],"about":[{"href":"https:\/\/ambsantiago.esteri.it\/es\/wp-json\/wp\/v2\/types\/page"}],"author":[{"embeddable":true,"href":"https:\/\/ambsantiago.esteri.it\/es\/wp-json\/wp\/v2\/users\/8"}],"replies":[{"embeddable":true,"href":"https:\/\/ambsantiago.esteri.it\/es\/wp-json\/wp\/v2\/comments?post=10004"}],"version-history":[{"count":2,"href":"https:\/\/ambsantiago.esteri.it\/es\/wp-json\/wp\/v2\/pages\/10004\/revisions"}],"predecessor-version":[{"id":10017,"href":"https:\/\/ambsantiago.esteri.it\/es\/wp-json\/wp\/v2\/pages\/10004\/revisions\/10017"}],"up":[{"embeddable":true,"href":"https:\/\/ambsantiago.esteri.it\/es\/wp-json\/wp\/v2\/pages\/232"}],"wp:attachment":[{"href":"https:\/\/ambsantiago.esteri.it\/es\/wp-json\/wp\/v2\/media?parent=10004"}],"curies":[{"name":"wp","href":"https:\/\/api.w.org\/{rel}","templated":true}]}}